{"id":2350,"date":"2024-10-31T16:34:49","date_gmt":"2024-10-31T15:34:49","guid":{"rendered":"https:\/\/parkhotel.hr\/upit\/"},"modified":"2026-02-04T13:37:29","modified_gmt":"2026-02-04T12:37:29","slug":"anfrage","status":"publish","type":"page","link":"https:\/\/parkhotel.hr\/de\/anfrage\/","title":{"rendered":"Anfrage"},"content":{"rendered":"<section class=\"bde-section-2350-100 bde-section\">\n              \n  \n\t\n\n  <div class=\"section-background-overlay\"><\/div>\n\n\n<div class=\"section-container\"><h1 class=\"bde-heading-2350-101 bde-heading\">\nAnfrage\n<\/h1><div class=\"bde-div-2350-103 bde-div\">\n  \n\t\n\n\n\n<div class=\"bde-text-2350-104 bde-text\">\nscroll down\n<\/div><div class=\"bde-image-2350-105 bde-image\">\n<figure class=\"breakdance-image breakdance-image--49\">\n\t<div class=\"breakdance-image-container\">\n\t\t<div class=\"breakdance-image-clip\"><img loading=\"lazy\" decoding=\"async\" class=\"breakdance-image-object\" src=\"https:\/\/breakdancelibrary.com\/hotel\/wp-content\/uploads\/sites\/34\/2023\/02\/arrow-down-black-white.png\" width=\"7\" height=\"61\" sizes=\"(max-width: 7px) 100vw, 7px\"><\/div>\n\t<\/div><\/figure>\n\n<\/div>\n<\/div><\/div>\n<\/section><section class=\"bde-section-2350-106 bde-section\">\n  \n\t\n\n\n\n<div class=\"section-container\"><h2 class=\"bde-heading-2350-116 bde-heading\" data-entrance=\"fade\">\nSENDEN SIE EINE ANFRAGE F\u00dcR EINE UNTERKUNFT\n<\/h2><div class=\"bde-form-builder-2350-349 bde-form-builder\">\n\n\n<form id=\"upiti\" class=\"breakdance-form breakdance-form--vertical has-breakpoints\" data-options=\"{&quot;slug&quot;:&quot;custom&quot;,&quot;name&quot;:&quot;Upiti&quot;,&quot;ajaxUrl&quot;:&quot;https:\\\/\\\/parkhotel.hr\\\/wp-admin\\\/admin-ajax.php&quot;,&quot;clearOnSuccess&quot;:true,&quot;hideOnSuccess&quot;:false,&quot;successMessage&quot;:&quot;Ihre Nachricht wurde erfolgreich gesendet. Wir werden uns schnellstm\\u00f6glich mit einer Antwort bei Ihnen melden.&quot;,&quot;errorMessage&quot;:&quot;Beim Senden Ihrer Nachricht ist ein Fehler aufgetreten. Bitte versuchen Sie es erneut.&quot;,&quot;redirect&quot;:false,&quot;redirectUrl&quot;:&quot;&quot;,&quot;customJavaScript&quot;:&quot;&quot;,&quot;recaptcha&quot;:{&quot;key&quot;:&quot;6LdN33QqAAAAALYEQpxrKAZz8JFW0mabqt0CiC76&quot;,&quot;enabled&quot;:true},&quot;honeypot_enabled&quot;:false,&quot;popupsOnSuccess&quot;:[],&quot;popupsOnError&quot;:[]}\" data-steps=\"0\" >\n  \n  \n  \n<div class=\"breakdance-form-field breakdance-form-field--text\" >\n    \n    \n            <label class=\"breakdance-form-field__label\" for=\"date_from\">\n            Datum od<span class=\"breakdance-form-field__required\">*<\/span>\n        <\/label>\n    \n    <input\n    class=\"breakdance-form-field__input\"\n    id=\"date_from\"\n    aria-describedby=\"date_from\"\n    type=\"text\"\n    name=\"fields[date_from]\"\n    placeholder=\"Gew\u00fcnschter Abreisetermin *\"\n    value=\"\"\n                \n        \n        \n    required\n    \n    \n>\n\n\n    \n    \n<\/div>\n\n\n<div class=\"breakdance-form-field breakdance-form-field--text\" >\n    \n    \n            <label class=\"breakdance-form-field__label\" for=\"date_to\">\n            Datum do<span class=\"breakdance-form-field__required\">*<\/span>\n        <\/label>\n    \n    <input\n    class=\"breakdance-form-field__input\"\n    id=\"date_to\"\n    aria-describedby=\"date_to\"\n    type=\"text\"\n    name=\"fields[date_to]\"\n    placeholder=\"Gew\u00fcnschter Anreisetermin *\"\n    value=\"\"\n                \n        \n        \n    required\n    \n    \n>\n\n\n    \n    \n<\/div>\n\n\n<div class=\"breakdance-form-field breakdance-form-field--select\" >\n    \n    \n            <label class=\"breakdance-form-field__label\" for=\"title\">\n            Titel<span class=\"breakdance-form-field__required\">*<\/span>\n        <\/label>\n    \n    <select\n    class=\"breakdance-form-field__input\"\n    id=\"title\"\n    name=\"fields[title]\"\n    required\n    \n        >\n      <option value=\"\">Titula<\/option>\n          <option value=\"Mr\" >Mr<\/option>\n        <option value=\"Mrs\" >Mrs<\/option>\n        <option value=\"Ms\" >Ms<\/option>\n        <option value=\"Dr\" >Miss<\/option>\n        <option value=\"Dr\" >Dr<\/option>\n        <option value=\"Prof\" >Prof<\/option>\n  <\/select>\n\n\n    \n    \n<\/div>\n\n\n<div class=\"breakdance-form-field breakdance-form-field--text\" >\n    \n    \n            <label class=\"breakdance-form-field__label\" for=\"name\">\n            Ime<span class=\"breakdance-form-field__required\">*<\/span>\n        <\/label>\n    \n    <input\n    class=\"breakdance-form-field__input\"\n    id=\"name\"\n    aria-describedby=\"name\"\n    type=\"text\"\n    name=\"fields[name]\"\n    placeholder=\"Vorname*\"\n    value=\"\"\n                \n        \n        \n    required\n    \n    \n>\n\n\n    \n    \n<\/div>\n\n\n<div class=\"breakdance-form-field breakdance-form-field--text\" >\n    \n    \n            <label class=\"breakdance-form-field__label\" for=\"last_name\">\n            Prezime<span class=\"breakdance-form-field__required\">*<\/span>\n        <\/label>\n    \n    <input\n    class=\"breakdance-form-field__input\"\n    id=\"last_name\"\n    aria-describedby=\"last_name\"\n    type=\"text\"\n    name=\"fields[last_name]\"\n    placeholder=\"Nachname *\"\n    value=\"\"\n                \n        \n        \n    required\n    \n    \n>\n\n\n    \n    \n<\/div>\n\n\n<div class=\"breakdance-form-field breakdance-form-field--text\" >\n    \n    \n            <label class=\"breakdance-form-field__label\" for=\"address\">\n            Adresa<span class=\"breakdance-form-field__required\">*<\/span>\n        <\/label>\n    \n    <input\n    class=\"breakdance-form-field__input\"\n    id=\"address\"\n    aria-describedby=\"address\"\n    type=\"text\"\n    name=\"fields[address]\"\n    placeholder=\"Addresse*\"\n    value=\"\"\n                \n        \n        \n    required\n    \n    \n>\n\n\n    \n    \n<\/div>\n\n\n<div class=\"breakdance-form-field breakdance-form-field--text\" >\n    \n    \n            <label class=\"breakdance-form-field__label\" for=\"zip_code\">\n            Po\u0161tanski broj<span class=\"breakdance-form-field__required\">*<\/span>\n        <\/label>\n    \n    <input\n    class=\"breakdance-form-field__input\"\n    id=\"zip_code\"\n    aria-describedby=\"zip_code\"\n    type=\"text\"\n    name=\"fields[zip_code]\"\n    placeholder=\"Postleitzahl*\"\n    value=\"\"\n                \n        \n        \n    required\n    \n    \n>\n\n\n    \n    \n<\/div>\n\n\n<div class=\"breakdance-form-field breakdance-form-field--text\" >\n    \n    \n            <label class=\"breakdance-form-field__label\" for=\"city\">\n            Grad<span class=\"breakdance-form-field__required\">*<\/span>\n        <\/label>\n    \n    <input\n    class=\"breakdance-form-field__input\"\n    id=\"city\"\n    aria-describedby=\"city\"\n    type=\"text\"\n    name=\"fields[city]\"\n    placeholder=\"Stadt*\"\n    value=\"\"\n                \n        \n        \n    required\n    \n    \n>\n\n\n    \n    \n<\/div>\n\n\n<div class=\"breakdance-form-field breakdance-form-field--select\" >\n    \n    \n            <label class=\"breakdance-form-field__label\" for=\"state\">\n             Staat<span class=\"breakdance-form-field__required\">*<\/span>\n        <\/label>\n    \n    <select\n    class=\"breakdance-form-field__input\"\n    id=\"state\"\n    name=\"fields[state]\"\n    required\n    \n        >\n      <option value=\"\">Dr\u017eava<\/option>\n          <option value=\"\" ><\/option>\n  <\/select>\n\n\n    \n    \n<\/div>\n\n\n<div class=\"breakdance-form-field breakdance-form-field--email\" >\n    \n    \n            <label class=\"breakdance-form-field__label\" for=\"email\">\n            Email<span class=\"breakdance-form-field__required\">*<\/span>\n        <\/label>\n    \n    <input\n    class=\"breakdance-form-field__input\"\n    id=\"email\"\n    aria-describedby=\"email\"\n    type=\"email\"\n    name=\"fields[email]\"\n    placeholder=\"E-mail*\"\n    value=\"\"\n                \n        \n        \n    required\n    \n    \n>\n\n\n    \n    \n<\/div>\n\n\n<div class=\"breakdance-form-field breakdance-form-field--tel\" >\n    \n    \n            <label class=\"breakdance-form-field__label\" for=\"phone\">\n            Telefon<span class=\"breakdance-form-field__required\">*<\/span>\n        <\/label>\n    \n    <input\n    class=\"breakdance-form-field__input\"\n    id=\"phone\"\n    aria-describedby=\"phone\"\n    type=\"tel\"\n    name=\"fields[phone]\"\n    placeholder=\"Telefon*\"\n    value=\"\"\n                \n        \n        \n    required\n    \n    \n>\n\n\n    \n    \n<\/div>\n\n\n<div class=\"breakdance-form-field breakdance-form-field--textarea\" >\n    \n    \n            <label class=\"breakdance-form-field__label\" for=\"message\">\n            Poruka<span class=\"breakdance-form-field__required\">*<\/span>\n        <\/label>\n    \n    <textarea\n    class=\"breakdance-form-field__input\"\n    id=\"message\"\n    aria-describedby=\"message\"\n    type=\"textarea\"\n    name=\"fields[message]\"\n        placeholder=\"Deine Botschaft*\"\n    required\n    >\n<\/textarea>\n\n\n    \n    \n<\/div>\n\n\n<div class=\"breakdance-form-field breakdance-form-field--checkbox\" >\n    \n    \n    \n    <fieldset role=\"group\"\n    aria-label=\"Datenschutzrichtlinie\"\n    >\n       <legend class=\"breakdance-form-field__label\">Datenschutzrichtlinie<span class=\"breakdance-form-field__required\">*<\/span><\/legend>\n          <div class=\"breakdance-form-checkbox\">\n          <input\n              type=\"checkbox\"\n              name=\"fields[acceptance]\"\n              value=\"Ich bin damit einverstanden, dass diese Website meine \u00fcbermittelten Daten gem\u00e4\u00df ihrer Datenschutzerkl\u00e4rung speichert, um auf meine Anfrage antworten zu k\u00f6nnen.\"\n              id=\"acceptance-1\"\n              \n                        >\n          <label class=\"breakdance-form-checkbox__text\" for=\"acceptance-1\">Ich bin damit einverstanden, dass diese Website meine \u00fcbermittelten Daten gem\u00e4\u00df ihrer Datenschutzerkl\u00e4rung speichert, um auf meine Anfrage antworten zu k\u00f6nnen.<\/label>\n      <\/div>\n  <\/fieldset>\n\n\n\n    \n    \n<\/div>\n\n\n  \n\n<div class=\"breakdance-form-field breakdance-form-footer\">\n    \n    \n                                    \n    \n    \n    \n    \n            \n            <button type=\"submit\" class=\"button-atom button-atom--primary breakdance-form-button breakdance-form-button__submit\"  >\n    \n        <span class=\"button-atom__text\">Senden Sie eine Anfrage<\/span>\n\n        \n        \n            <\/button>\n    \n    <input type=\"hidden\" name=\"form_id\" value=\"349\">\n    <input type=\"hidden\" name=\"post_id\" value=\"2350\">\n<\/div>\n\n  \n<\/form>\n\n\n\n<\/div><\/div>\n<\/section>","protected":false},"excerpt":{"rendered":"<p>Anfrage scroll down SENDEN SIE EINE ANFRAGE F\u00dcR EINE UNTERKUNFT Datum od* Datum do* Titel* Titula Mr Mrs Ms Miss Dr Prof Ime* Prezime* Adresa* Po\u0161tanski broj* Grad* Staat* Dr\u017eava Email* Telefon* Poruka* Datenschutzrichtlinie* Ich bin damit einverstanden, dass diese Website meine \u00fcbermittelten Daten gem\u00e4\u00df ihrer Datenschutzerkl\u00e4rung speichert, um auf meine Anfrage antworten zu k\u00f6nnen. [&hellip;]<\/p>\n","protected":false},"author":2,"featured_media":0,"parent":0,"menu_order":0,"comment_status":"closed","ping_status":"closed","template":"","meta":{"inline_featured_image":false,"_breakdance_hide_in_design_set":false,"_breakdance_tags":"","footnotes":""},"class_list":["post-2350","page","type-page","status-publish","hentry"],"_links":{"self":[{"href":"https:\/\/parkhotel.hr\/de\/wp-json\/wp\/v2\/pages\/2350"}],"collection":[{"href":"https:\/\/parkhotel.hr\/de\/wp-json\/wp\/v2\/pages"}],"about":[{"href":"https:\/\/parkhotel.hr\/de\/wp-json\/wp\/v2\/types\/page"}],"author":[{"embeddable":true,"href":"https:\/\/parkhotel.hr\/de\/wp-json\/wp\/v2\/users\/2"}],"replies":[{"embeddable":true,"href":"https:\/\/parkhotel.hr\/de\/wp-json\/wp\/v2\/comments?post=2350"}],"version-history":[{"count":10,"href":"https:\/\/parkhotel.hr\/de\/wp-json\/wp\/v2\/pages\/2350\/revisions"}],"predecessor-version":[{"id":2750,"href":"https:\/\/parkhotel.hr\/de\/wp-json\/wp\/v2\/pages\/2350\/revisions\/2750"}],"wp:attachment":[{"href":"https:\/\/parkhotel.hr\/de\/wp-json\/wp\/v2\/media?parent=2350"}],"curies":[{"name":"wp","href":"https:\/\/api.w.org\/{rel}","templated":true}]}}