{"id":2381,"date":"2024-10-21T08:47:12","date_gmt":"2024-10-21T06:47:12","guid":{"rendered":"https:\/\/parkhotel.hr\/aktivnosti\/"},"modified":"2026-02-04T13:35:17","modified_gmt":"2026-02-04T12:35:17","slug":"aktivitaten","status":"publish","type":"page","link":"https:\/\/parkhotel.hr\/de\/aktivitaten\/","title":{"rendered":"Aktivit\u00e4ten"},"content":{"rendered":"<section class=\"bde-section-2381-100 bde-section\">\n              \n  \n\t\n\n  <div class=\"section-background-overlay\"><\/div>\n\n\n<div class=\"section-container\"><h1 class=\"bde-heading-2381-101 bde-heading\">\nAktivit\u00e4ten\n<\/h1><div class=\"bde-div-2381-102 bde-div\">\n  \n\t\n\n\n\n<div class=\"bde-text-2381-103 bde-text\">\nscroll down\n<\/div><div class=\"bde-image-2381-104 bde-image\">\n<figure class=\"breakdance-image breakdance-image--49\">\n\t<div class=\"breakdance-image-container\">\n\t\t<div class=\"breakdance-image-clip\"><img loading=\"lazy\" decoding=\"async\" class=\"breakdance-image-object\" src=\"https:\/\/breakdancelibrary.com\/hotel\/wp-content\/uploads\/sites\/34\/2023\/02\/arrow-down-black-white.png\" width=\"7\" height=\"61\" sizes=\"(max-width: 7px) 100vw, 7px\"><\/div>\n\t<\/div><\/figure>\n\n<\/div>\n<\/div><\/div>\n<\/section><section class=\"bde-section-2381-105 bde-section\">\n  \n\t\n\n\n\n<div class=\"section-container\"><h2 class=\"bde-heading-2381-106 bde-heading\">\nMAKARSKA IN FARBEN\n<\/h2><h3 id=\"prvaBoja\" class=\"bde-heading-2381-256 bde-heading\">\nHAUPTSAISON (MAKARSKA \u2013 DALMATINISCHES NEW YORK)\n<\/h3><div class=\"bde-text-2381-230 bde-text\">\nDer gro\u00dfe Frank Sinatra sang \u00fcber New York, die Stadt, die niemals schl\u00e4ft. Im Juli und August verwandelt sich Makarska in ein dalmatinisches New York, das in jeder Ecke etwas f\u00fcr jeden bietet, sei es Sport, Unterhaltung oder kulturelle Veranstaltungen \u2013 oder einfach das besondere Vergn\u00fcgen, an einem der vielen Str\u00e4nde zu faulenzen. Die Stadtpromenade, das Wahrzeichen von Makarska, ist in dieser Zeit voller Leben. In den fr\u00fchen Morgenstunden k\u00f6nnen Sie beobachten, wie die F\u00e4hre in den Stadthafen einl\u00e4uft, frischen Fisch direkt vom Fischerboot kaufen und Ihren Platz f\u00fcr einen Inselausflug bei den einheimischen Bootsfahrern reservieren. <br>Alle bedeutendsten Kulturst\u00e4tten befinden sich entlang der Promenade, wie Perlen auf einer Kette aufgereiht und warten darauf, von Ihnen entdeckt zu werden: das Besucherzentrum, das Stadtmuseum, der Ka\u010di\u0107-Platz, die Kathedrale des Heiligen Markus, die Kalalarga-Stra\u00dfe, das Franziskanerkloster, das Malakologische Museum, das Pr\u00e4sentationszentrum \u201eAdrion \u2013 Herz des Berges\u201c sowie die Halbinseln Sveti Petar und Osejava. Der zentrale Stadtstrand bietet auf Schritt und Tritt Unterhaltung. Wenn Sie Lust auf Adrenalinsportarten haben, k\u00f6nnen Sie sich zwischen Jetski, Parasailing, aufregenden Fahrten auf aufblasbaren Reifen oder Stand-Up-Paddling entscheiden. Wenn Sie eher auf dem Festland bleiben m\u00f6chten, finden Sie eine gro\u00dfe Auswahl an elektrischen und normalen Fahrr\u00e4dern, Rollern und Quads, die Sie mieten k\u00f6nnen, um die Gegend zu erkunden und Sport, Spa\u00df und Erholung miteinander zu verbinden.<br>Wenn die Nacht hereinbricht, wird es Ihnen schwerfallen, sich zu entscheiden, wo und wie Sie sich am besten am\u00fcsieren m\u00f6chten. Ist Ihr Favorit ein romantisches Abendessen am Meer? Oder das Probieren der dalmatinischen K\u00fcche in den charmanten Tavernen der Altstadt? Die Volksfeste bei den Fischern\u00e4chten? Ein Konzert im Rahmen des umfangreichen <br>Programms \u201eSommer in der Stadt\u201c? Oder doch lieber Tanzen in einem der Stadtclubs?<br>Buchen Sie gen\u00fcgend N\u00e4chte im Hotel Park, um all das erleben zu k\u00f6nnen!<br>\n<\/div><h3 id=\"drugaBoja\" class=\"bde-heading-2381-257 bde-heading\">\nVORSAISON UND NACHSAISON (GENIESSEN SIE DIE MAGIE GANZ F\u00dcR SICH ALLEIN)\n<\/h3><div class=\"bde-text-2381-258 bde-text\">\nDer Fr\u00fchling, der fr\u00fche und sp\u00e4te Sommer sowie der fr\u00fche Herbst bieten eine besondere Erfahrung f\u00fcr Besucher der Stadt am Fu\u00dfe des Biokovo-Gebirges. In dieser Zeit \u00f6ffnet sich Makarska den G\u00e4sten in seiner ganzen F\u00fclle und l\u00e4dt Sie ein, die Stadt auf eine intimere Weise zu erleben. Das kristallklare Meer und Spazierg\u00e4nge entlang der K\u00fcste wirken therapeutisch auf K\u00f6rper und Geist. Dies ist die ideale Zeit, um die atemberaubende Sch\u00f6nheit des Biokovo-Gebirges zu erkunden, in dessen Umarmung Makarska ruht, und auf dem Skywalk zwischen den Wolken zu wandeln. Das Interpretationszentrum Veliki Ka\u0161tel in Koti\u0161ina und die organisierten Themenwanderungen in diesem Weiler am Fu\u00dfe des Biokovo sind perfekt, um sich in das kulturelle Erbe einzutauchen.<br>Dies ist auch die ideale Zeit f\u00fcr Ausfl\u00fcge sowohl in der Destination als auch au\u00dferhalb \u2013 warum nicht Split, Dubrovnik, Trogir oder Omi\u0161 besuchen, die Magie der UNESCO-Welterbest\u00e4tten erleben, Reiten im Biokovo-Hinterland ausprobieren oder Rafting und Canyoning auf der Cetina unternehmen? In dieser Zeit, wenn der Fluss voller ist, wird dies sicherlich die Dosis Adrenalin erh\u00f6hen, nach der Sie sich sehnen.<br>Wenn es Ihre Verpflichtungen erlauben, seien Sie anders und buchen Sie Ihre Unterkunft im Hotel Park in dieser ruhigeren, aber keineswegs weniger faszinierenden Zeit, in der Sie einen gro\u00dfen Teil der Magie ganz f\u00fcr sich allein haben k\u00f6nnen.<br>\n<\/div><h3 id=\"trecaBoja\" class=\"bde-heading-2381-261 bde-heading\">\nKULTUR (ATMEN SIE DIE KULTUR DER DESTINATION EIN)\n<\/h3><div class=\"bde-text-2381-262 bde-text\">\nKultur ist das unsichtbare Band, das Menschen verbindet. Sie ist wichtig f\u00fcr das pers\u00f6nliche Wachstum und die Entwicklung jedes Einzelnen, und seit vielen Jahren ist die Kultur einer Destination ein entscheidender Faktor f\u00fcr G\u00e4ste, die die Authentizit\u00e4t und Einzigartigkeit des Ortes, den sie besuchen, erleben m\u00f6chten. In diesem Bereich hat Makarska viel zu bieten. Von Juli bis Ende September weht der Maestral \u2013 ein neuer Wind, der das versteckte Makarska wiederbelebt, indem er die reiche Geschichte der Stadt durch Tradition, Kultur, Kunst und Tourismus zum Leben erweckt. Einheimische, zuf\u00e4llige Passanten und Touristen kommen zusammen, um Makarska durch versteckte Gassen, alte Handwerke und kreative K\u00fcnstler zu entdecken.<br>Ob Sie sich f\u00fcr Maestral DETOUR entscheiden und die Altstadt durch Storytelling erkunden, begleitet von den Kl\u00e4ngen der Klapa, Ch\u00f6re und Folkloreensembles, oder Maestral COOLTOUR w\u00e4hlen, das musikalische und k\u00fcnstlerische Auff\u00fchrungen in authentischen lokalen Umgebungen bietet, oder Teil von Maestral ARTE werden, das Ausstellungen von Kunstinstallationen pr\u00e4sentiert \u2013 Sie werden nichts falsch machen. Eindr\u00fccke und wertvolle Erinnerungen sind garantiert!<br>Wenn Sie Liebhaber von Ethnomusik sind, ist das Internationale METNO-Festival die perfekte Wahl f\u00fcr Sie. Seit 2008 versammelt dieses Festival an zwei Standorten \u2013 dem Plateau auf Glavica und dem Arte-Saal \u2013 renommierte kroatische und internationale Ethnomusik-Interpreten. Ende August ist f\u00fcr das Internationale Jazz-Festival reserviert, das Makarska eine besondere musikalische Note verliehen hat und es in eine Jazz-Destination verwandelt hat, die die gr\u00f6\u00dften Namen nicht nur der kroatischen, sondern auch der weltweiten Jazzszene anzieht.<br>Machen Sie das Hotel Park zu Ihrem Ausgangspunkt f\u00fcr eine kulturelle Tour, die es wert ist, in Erinnerung zu bleiben!<br>\n<\/div><\/div>\n<\/section>","protected":false},"excerpt":{"rendered":"<p>Aktivit\u00e4ten scroll down MAKARSKA IN FARBEN HAUPTSAISON (MAKARSKA \u2013 DALMATINISCHES NEW YORK) Der gro\u00dfe Frank Sinatra sang \u00fcber New York, die Stadt, die niemals schl\u00e4ft. Im Juli und August verwandelt sich Makarska in ein dalmatinisches New York, das in jeder Ecke etwas f\u00fcr jeden bietet, sei es Sport, Unterhaltung oder kulturelle Veranstaltungen \u2013 oder einfach [&hellip;]<\/p>\n","protected":false},"author":2,"featured_media":0,"parent":0,"menu_order":0,"comment_status":"closed","ping_status":"closed","template":"","meta":{"inline_featured_image":false,"_breakdance_hide_in_design_set":false,"_breakdance_tags":"","footnotes":""},"class_list":["post-2381","page","type-page","status-publish","hentry"],"_links":{"self":[{"href":"https:\/\/parkhotel.hr\/de\/wp-json\/wp\/v2\/pages\/2381"}],"collection":[{"href":"https:\/\/parkhotel.hr\/de\/wp-json\/wp\/v2\/pages"}],"about":[{"href":"https:\/\/parkhotel.hr\/de\/wp-json\/wp\/v2\/types\/page"}],"author":[{"embeddable":true,"href":"https:\/\/parkhotel.hr\/de\/wp-json\/wp\/v2\/users\/2"}],"replies":[{"embeddable":true,"href":"https:\/\/parkhotel.hr\/de\/wp-json\/wp\/v2\/comments?post=2381"}],"version-history":[{"count":2,"href":"https:\/\/parkhotel.hr\/de\/wp-json\/wp\/v2\/pages\/2381\/revisions"}],"predecessor-version":[{"id":2383,"href":"https:\/\/parkhotel.hr\/de\/wp-json\/wp\/v2\/pages\/2381\/revisions\/2383"}],"wp:attachment":[{"href":"https:\/\/parkhotel.hr\/de\/wp-json\/wp\/v2\/media?parent=2381"}],"curies":[{"name":"wp","href":"https:\/\/api.w.org\/{rel}","templated":true}]}}