{"id":2412,"date":"2024-10-23T13:24:33","date_gmt":"2024-10-23T11:24:33","guid":{"rendered":"https:\/\/parkhotel.hr\/aktivitaten\/peak-season\/"},"modified":"2026-02-04T13:37:15","modified_gmt":"2026-02-04T12:37:15","slug":"hauptsaison","status":"publish","type":"page","link":"https:\/\/parkhotel.hr\/de\/aktivitaten\/hauptsaison\/","title":{"rendered":"Hauptsaison"},"content":{"rendered":"<section class=\"bde-section-2412-100 bde-section\">\n              \n  \n\t\n\n  <div class=\"section-background-overlay\"><\/div>\n\n\n<div class=\"section-container\"><h1 class=\"bde-heading-2412-101 bde-heading\">\nAktivit\u00e4ten\n<\/h1><div class=\"bde-div-2412-102 bde-div\">\n  \n\t\n\n\n\n<div class=\"bde-text-2412-103 bde-text\">\nscroll down\n<\/div><div class=\"bde-image-2412-104 bde-image\">\n<figure class=\"breakdance-image breakdance-image--49\">\n\t<div class=\"breakdance-image-container\">\n\t\t<div class=\"breakdance-image-clip\"><img loading=\"lazy\" decoding=\"async\" class=\"breakdance-image-object\" src=\"https:\/\/breakdancelibrary.com\/hotel\/wp-content\/uploads\/sites\/34\/2023\/02\/arrow-down-black-white.png\" width=\"7\" height=\"61\" sizes=\"(max-width: 7px) 100vw, 7px\"><\/div>\n\t<\/div><\/figure>\n\n<\/div>\n<\/div><\/div>\n<\/section><section class=\"bde-section-2412-105 bde-section\">\n  \n\t\n\n\n\n<div class=\"section-container\"><h2 class=\"bde-heading-2412-106 bde-heading\">\nMAKARSKA IN FARBEN\n<\/h2><h3 id=\"prvaBoja\" class=\"bde-heading-2412-256 bde-heading\">\nHAUPTSAISON (MAKARSKA \u2013 DALMATINISCHES NEW YORK)\n<\/h3><div class=\"bde-text-2412-230 bde-text\">\nDer gro\u00dfe Frank Sinatra sang \u00fcber New York, die Stadt, die niemals schl\u00e4ft. Im Juli und August verwandelt sich Makarska in ein dalmatinisches New York, das in jeder Ecke etwas f\u00fcr jeden bietet, sei es Sport, Unterhaltung oder kulturelle Veranstaltungen \u2013 oder einfach das besondere Vergn\u00fcgen, an einem der vielen Str\u00e4nde zu faulenzen. Die Stadtpromenade, das Wahrzeichen von Makarska, ist in dieser Zeit voller Leben. In den fr\u00fchen Morgenstunden k\u00f6nnen Sie beobachten, wie die F\u00e4hre in den Stadthafen einl\u00e4uft, frischen Fisch direkt vom Fischerboot kaufen und Ihren Platz f\u00fcr einen Inselausflug bei den einheimischen Bootsfahrern reservieren.<br>Alle bedeutendsten Kulturst\u00e4tten befinden sich entlang der Promenade, wie Perlen auf einer Kette aufgereiht und warten darauf, von Ihnen entdeckt zu werden: das Besucherzentrum, das Stadtmuseum, der Ka\u010di\u0107-Platz, die Kathedrale des Heiligen Markus, die Kalalarga-Stra\u00dfe, das Franziskanerkloster, das Malakologische Museum, das Pr\u00e4sentationszentrum \u201eAdrion \u2013 Herz des Berges\u201c sowie die Halbinseln Sveti Petar und Osejava. Der zentrale Stadtstrand bietet auf Schritt und Tritt Unterhaltung. Wenn Sie Lust auf Adrenalinsportarten haben, k\u00f6nnen Sie sich zwischen Jetski, Parasailing, aufregenden Fahrten auf aufblasbaren Reifen oder Stand-Up-Paddling entscheiden. Wenn Sie eher auf dem Festland bleiben m\u00f6chten, finden Sie eine gro\u00dfe Auswahl an elektrischen und normalen Fahrr\u00e4dern, Rollern und Quads, die Sie mieten k\u00f6nnen, um die Gegend zu erkunden und Sport, Spa\u00df und Erholung miteinander zu verbinden.<br>Wenn die Nacht hereinbricht, wird es Ihnen schwerfallen, sich zu entscheiden, wo und wie Sie sich am besten am\u00fcsieren m\u00f6chten. Ist Ihr Favorit ein romantisches Abendessen am Meer? Oder das Probieren der dalmatinischen K\u00fcche in den charmanten Tavernen der Altstadt? Die Volksfeste bei den Fischern\u00e4chten? Ein Konzert im Rahmen des umfangreichen<br>Programms \u201eSommer in der Stadt\u201c? Oder doch lieber Tanzen in einem der Stadtclubs?<br>Buchen Sie gen\u00fcgend N\u00e4chte im Hotel Park, um all das erleben zu k\u00f6nnen!\n<\/div><\/div>\n<\/section>","protected":false},"excerpt":{"rendered":"<p>Aktivit\u00e4ten scroll down MAKARSKA IN FARBEN HAUPTSAISON (MAKARSKA \u2013 DALMATINISCHES NEW YORK) Der gro\u00dfe Frank Sinatra sang \u00fcber New York, die Stadt, die niemals schl\u00e4ft. Im Juli und August verwandelt sich Makarska in ein dalmatinisches New York, das in jeder Ecke etwas f\u00fcr jeden bietet, sei es Sport, Unterhaltung oder kulturelle Veranstaltungen \u2013 oder einfach [&hellip;]<\/p>\n","protected":false},"author":2,"featured_media":0,"parent":2381,"menu_order":0,"comment_status":"closed","ping_status":"closed","template":"","meta":{"inline_featured_image":false,"_breakdance_hide_in_design_set":false,"_breakdance_tags":"","footnotes":""},"class_list":["post-2412","page","type-page","status-publish","hentry"],"_links":{"self":[{"href":"https:\/\/parkhotel.hr\/de\/wp-json\/wp\/v2\/pages\/2412"}],"collection":[{"href":"https:\/\/parkhotel.hr\/de\/wp-json\/wp\/v2\/pages"}],"about":[{"href":"https:\/\/parkhotel.hr\/de\/wp-json\/wp\/v2\/types\/page"}],"author":[{"embeddable":true,"href":"https:\/\/parkhotel.hr\/de\/wp-json\/wp\/v2\/users\/2"}],"replies":[{"embeddable":true,"href":"https:\/\/parkhotel.hr\/de\/wp-json\/wp\/v2\/comments?post=2412"}],"version-history":[{"count":3,"href":"https:\/\/parkhotel.hr\/de\/wp-json\/wp\/v2\/pages\/2412\/revisions"}],"predecessor-version":[{"id":2415,"href":"https:\/\/parkhotel.hr\/de\/wp-json\/wp\/v2\/pages\/2412\/revisions\/2415"}],"up":[{"embeddable":true,"href":"https:\/\/parkhotel.hr\/de\/wp-json\/wp\/v2\/pages\/2381"}],"wp:attachment":[{"href":"https:\/\/parkhotel.hr\/de\/wp-json\/wp\/v2\/media?parent=2412"}],"curies":[{"name":"wp","href":"https:\/\/api.w.org\/{rel}","templated":true}]}}