{"id":2416,"date":"2024-10-23T13:28:16","date_gmt":"2024-10-23T11:28:16","guid":{"rendered":"https:\/\/parkhotel.hr\/aktivitaten\/kultura\/"},"modified":"2026-02-04T13:37:18","modified_gmt":"2026-02-04T12:37:18","slug":"kultur","status":"publish","type":"page","link":"https:\/\/parkhotel.hr\/de\/aktivitaten\/kultur\/","title":{"rendered":"Kultur"},"content":{"rendered":"<section class=\"bde-section-2416-100 bde-section\">\n              \n  \n\t\n\n  <div class=\"section-background-overlay\"><\/div>\n\n\n<div class=\"section-container\"><h1 class=\"bde-heading-2416-101 bde-heading\">\nAktivit\u00e4ten\n<\/h1><div class=\"bde-div-2416-102 bde-div\">\n  \n\t\n\n\n\n<div class=\"bde-text-2416-103 bde-text\">\nscroll down\n<\/div><div class=\"bde-image-2416-104 bde-image\">\n<figure class=\"breakdance-image breakdance-image--49\">\n\t<div class=\"breakdance-image-container\">\n\t\t<div class=\"breakdance-image-clip\"><img loading=\"lazy\" decoding=\"async\" class=\"breakdance-image-object\" src=\"https:\/\/breakdancelibrary.com\/hotel\/wp-content\/uploads\/sites\/34\/2023\/02\/arrow-down-black-white.png\" width=\"7\" height=\"61\" sizes=\"(max-width: 7px) 100vw, 7px\"><\/div>\n\t<\/div><\/figure>\n\n<\/div>\n<\/div><\/div>\n<\/section><section class=\"bde-section-2416-105 bde-section\">\n  \n\t\n\n\n\n<div class=\"section-container\"><h2 class=\"bde-heading-2416-106 bde-heading\">\nMAKARSKA IN FARBEN\n<\/h2><h3 id=\"trecaBoja\" class=\"bde-heading-2416-261 bde-heading\">\nKULTUR (ATMEN SIE DIE KULTUR DER DESTINATION EIN)\n<\/h3><div class=\"bde-text-2416-262 bde-text\">\nKultur ist das unsichtbare Band, das Menschen verbindet. Sie ist wichtig f\u00fcr das pers\u00f6nliche Wachstum und die Entwicklung jedes Einzelnen, und seit vielen Jahren ist die Kultur einer Destination ein entscheidender Faktor f\u00fcr G\u00e4ste, die die Authentizit\u00e4t und Einzigartigkeit des Ortes, den sie besuchen, erleben m\u00f6chten. In diesem Bereich hat Makarska viel zu bieten. Von Juli bis Ende September weht der Maestral \u2013 ein neuer Wind, der das versteckte Makarska wiederbelebt, indem er die reiche Geschichte der Stadt durch Tradition, Kultur, Kunst und Tourismus zum Leben erweckt. Einheimische, zuf\u00e4llige Passanten und Touristen kommen zusammen, um Makarska durch versteckte Gassen, alte Handwerke und kreative K\u00fcnstler zu entdecken.<br>Ob Sie sich f\u00fcr Maestral DETOUR entscheiden und die Altstadt durch Storytelling erkunden, begleitet von den Kl\u00e4ngen der Klapa, Ch\u00f6re und Folkloreensembles, oder Maestral COOLTOUR w\u00e4hlen, das musikalische und k\u00fcnstlerische Auff\u00fchrungen in authentischen lokalen Umgebungen bietet, oder Teil von Maestral ARTE werden, das Ausstellungen von Kunstinstallationen pr\u00e4sentiert \u2013 Sie werden nichts falsch machen. Eindr\u00fccke und wertvolle Erinnerungen sind garantiert!<br>Wenn Sie Liebhaber von Ethnomusik sind, ist das Internationale METNO-Festival die perfekte Wahl f\u00fcr Sie. Seit 2008 versammelt dieses Festival an zwei Standorten \u2013 dem Plateau auf Glavica und dem Arte-Saal \u2013 renommierte kroatische und internationale Ethnomusik-Interpreten. Ende August ist f\u00fcr das Internationale Jazz-Festival reserviert, das Makarska eine besondere musikalische Note verliehen hat und es in eine Jazz-Destination verwandelt hat, die die gr\u00f6\u00dften Namen nicht nur der kroatischen, sondern auch der weltweiten Jazzszene anzieht.<br>Machen Sie das Hotel Park zu Ihrem Ausgangspunkt f\u00fcr eine kulturelle Tour, die es wert ist, in Erinnerung zu bleiben!\n<\/div><\/div>\n<\/section>","protected":false},"excerpt":{"rendered":"<p>Aktivit\u00e4ten scroll down MAKARSKA IN FARBEN KULTUR (ATMEN SIE DIE KULTUR DER DESTINATION EIN) Kultur ist das unsichtbare Band, das Menschen verbindet. Sie ist wichtig f\u00fcr das pers\u00f6nliche Wachstum und die Entwicklung jedes Einzelnen, und seit vielen Jahren ist die Kultur einer Destination ein entscheidender Faktor f\u00fcr G\u00e4ste, die die Authentizit\u00e4t und Einzigartigkeit des Ortes, [&hellip;]<\/p>\n","protected":false},"author":2,"featured_media":0,"parent":2381,"menu_order":0,"comment_status":"closed","ping_status":"closed","template":"","meta":{"inline_featured_image":false,"_breakdance_hide_in_design_set":false,"_breakdance_tags":"","footnotes":""},"class_list":["post-2416","page","type-page","status-publish","hentry"],"_links":{"self":[{"href":"https:\/\/parkhotel.hr\/de\/wp-json\/wp\/v2\/pages\/2416"}],"collection":[{"href":"https:\/\/parkhotel.hr\/de\/wp-json\/wp\/v2\/pages"}],"about":[{"href":"https:\/\/parkhotel.hr\/de\/wp-json\/wp\/v2\/types\/page"}],"author":[{"embeddable":true,"href":"https:\/\/parkhotel.hr\/de\/wp-json\/wp\/v2\/users\/2"}],"replies":[{"embeddable":true,"href":"https:\/\/parkhotel.hr\/de\/wp-json\/wp\/v2\/comments?post=2416"}],"version-history":[{"count":2,"href":"https:\/\/parkhotel.hr\/de\/wp-json\/wp\/v2\/pages\/2416\/revisions"}],"predecessor-version":[{"id":2418,"href":"https:\/\/parkhotel.hr\/de\/wp-json\/wp\/v2\/pages\/2416\/revisions\/2418"}],"up":[{"embeddable":true,"href":"https:\/\/parkhotel.hr\/de\/wp-json\/wp\/v2\/pages\/2381"}],"wp:attachment":[{"href":"https:\/\/parkhotel.hr\/de\/wp-json\/wp\/v2\/media?parent=2416"}],"curies":[{"name":"wp","href":"https:\/\/api.w.org\/{rel}","templated":true}]}}