{"id":2425,"date":"2024-10-23T13:26:10","date_gmt":"2024-10-23T11:26:10","guid":{"rendered":"https:\/\/parkhotel.hr\/aktivitaten\/pre-season-and-post-season\/"},"modified":"2026-02-04T13:37:19","modified_gmt":"2026-02-04T12:37:19","slug":"vorsaison-und-nachsaison","status":"publish","type":"page","link":"https:\/\/parkhotel.hr\/de\/aktivitaten\/vorsaison-und-nachsaison\/","title":{"rendered":"Vorsaison und nachsaison"},"content":{"rendered":"<section class=\"bde-section-2425-100 bde-section\">\n              \n  \n\t\n\n  <div class=\"section-background-overlay\"><\/div>\n\n\n<div class=\"section-container\"><h1 class=\"bde-heading-2425-101 bde-heading\">\nAktivit\u00e4ten\n<\/h1><div class=\"bde-div-2425-102 bde-div\">\n  \n\t\n\n\n\n<div class=\"bde-text-2425-103 bde-text\">\nscroll down\n<\/div><div class=\"bde-image-2425-104 bde-image\">\n<figure class=\"breakdance-image breakdance-image--49\">\n\t<div class=\"breakdance-image-container\">\n\t\t<div class=\"breakdance-image-clip\"><img loading=\"lazy\" decoding=\"async\" class=\"breakdance-image-object\" src=\"https:\/\/breakdancelibrary.com\/hotel\/wp-content\/uploads\/sites\/34\/2023\/02\/arrow-down-black-white.png\" width=\"7\" height=\"61\" sizes=\"(max-width: 7px) 100vw, 7px\"><\/div>\n\t<\/div><\/figure>\n\n<\/div>\n<\/div><\/div>\n<\/section><section class=\"bde-section-2425-105 bde-section\">\n  \n\t\n\n\n\n<div class=\"section-container\"><h2 class=\"bde-heading-2425-106 bde-heading\">\nMAKARSKA IN FARBEN\n<\/h2><h3 id=\"drugaBoja\" class=\"bde-heading-2425-257 bde-heading\">\nVORSAISON UND NACHSAISON (GENIESSEN SIE DIE MAGIE GANZ F\u00dcR SICH ALLEIN)\n<\/h3><div class=\"bde-text-2425-258 bde-text\">\nDer Fr\u00fchling, der fr\u00fche und sp\u00e4te Sommer sowie der fr\u00fche Herbst bieten eine besondere Erfahrung f\u00fcr Besucher der Stadt am Fu\u00dfe des Biokovo-Gebirges. In dieser Zeit \u00f6ffnet sich Makarska den G\u00e4sten in seiner ganzen F\u00fclle und l\u00e4dt Sie ein, die Stadt auf eine intimere Weise zu erleben. Das kristallklare Meer und Spazierg\u00e4nge entlang der K\u00fcste wirken therapeutisch auf K\u00f6rper und Geist. Dies ist die ideale Zeit, um die atemberaubende Sch\u00f6nheit des Biokovo-Gebirges zu erkunden, in dessen Umarmung Makarska ruht, und auf dem Skywalk zwischen den Wolken zu wandeln. Das Interpretationszentrum Veliki Ka\u0161tel in Koti\u0161ina und die organisierten Themenwanderungen in diesem Weiler am Fu\u00dfe des Biokovo sind perfekt, um sich in das kulturelle Erbe einzutauchen.<br>Dies ist auch die ideale Zeit f\u00fcr Ausfl\u00fcge sowohl in der Destination als auch au\u00dferhalb \u2013 warum nicht Split, Dubrovnik, Trogir oder Omi\u0161 besuchen, die Magie der UNESCO-Welterbest\u00e4tten erleben, Reiten im Biokovo-Hinterland ausprobieren oder Rafting und Canyoning auf der Cetina unternehmen? In dieser Zeit, wenn der Fluss voller ist, wird dies sicherlich die Dosis Adrenalin erh\u00f6hen, nach der Sie sich sehnen.<br>Wenn es Ihre Verpflichtungen erlauben, seien Sie anders und buchen Sie Ihre Unterkunft im Hotel Park in dieser ruhigeren, aber keineswegs weniger faszinierenden Zeit, in der Sie einen gro\u00dfen Teil der Magie ganz f\u00fcr sich allein haben k\u00f6nnen.\n<\/div><\/div>\n<\/section>","protected":false},"excerpt":{"rendered":"<p>Aktivit\u00e4ten scroll down MAKARSKA IN FARBEN VORSAISON UND NACHSAISON (GENIESSEN SIE DIE MAGIE GANZ F\u00dcR SICH ALLEIN) Der Fr\u00fchling, der fr\u00fche und sp\u00e4te Sommer sowie der fr\u00fche Herbst bieten eine besondere Erfahrung f\u00fcr Besucher der Stadt am Fu\u00dfe des Biokovo-Gebirges. In dieser Zeit \u00f6ffnet sich Makarska den G\u00e4sten in seiner ganzen F\u00fclle und l\u00e4dt Sie [&hellip;]<\/p>\n","protected":false},"author":2,"featured_media":0,"parent":2381,"menu_order":0,"comment_status":"closed","ping_status":"closed","template":"","meta":{"inline_featured_image":false,"_breakdance_hide_in_design_set":false,"_breakdance_tags":"","footnotes":""},"class_list":["post-2425","page","type-page","status-publish","hentry"],"_links":{"self":[{"href":"https:\/\/parkhotel.hr\/de\/wp-json\/wp\/v2\/pages\/2425"}],"collection":[{"href":"https:\/\/parkhotel.hr\/de\/wp-json\/wp\/v2\/pages"}],"about":[{"href":"https:\/\/parkhotel.hr\/de\/wp-json\/wp\/v2\/types\/page"}],"author":[{"embeddable":true,"href":"https:\/\/parkhotel.hr\/de\/wp-json\/wp\/v2\/users\/2"}],"replies":[{"embeddable":true,"href":"https:\/\/parkhotel.hr\/de\/wp-json\/wp\/v2\/comments?post=2425"}],"version-history":[{"count":3,"href":"https:\/\/parkhotel.hr\/de\/wp-json\/wp\/v2\/pages\/2425\/revisions"}],"predecessor-version":[{"id":2428,"href":"https:\/\/parkhotel.hr\/de\/wp-json\/wp\/v2\/pages\/2425\/revisions\/2428"}],"up":[{"embeddable":true,"href":"https:\/\/parkhotel.hr\/de\/wp-json\/wp\/v2\/pages\/2381"}],"wp:attachment":[{"href":"https:\/\/parkhotel.hr\/de\/wp-json\/wp\/v2\/media?parent=2425"}],"curies":[{"name":"wp","href":"https:\/\/api.w.org\/{rel}","templated":true}]}}