{"id":2449,"date":"2024-08-19T13:07:48","date_gmt":"2024-08-19T11:07:48","guid":{"rendered":"https:\/\/parkhotel.hr\/gastro-offer-and-events\/"},"modified":"2026-02-04T13:36:02","modified_gmt":"2026-02-04T12:36:02","slug":"gastro-angebot-und-veranstaltungen","status":"publish","type":"page","link":"https:\/\/parkhotel.hr\/de\/gastro-angebot-und-veranstaltungen\/","title":{"rendered":"Gastro Angebot und Veranstaltungen"},"content":{"rendered":"<section class=\"bde-section-2449-100 bde-section\">\n              \n  \n\t\n\n  <div class=\"section-background-overlay\"><\/div>\n\n\n<div class=\"section-container\"><h1 class=\"bde-heading-2449-101 bde-heading\">\nAngebote und Veranstaltungen\n<\/h1><div class=\"bde-div-2449-102 bde-div\">\n  \n\t\n\n\n\n<div class=\"bde-text-2449-103 bde-text\">\nscroll down\n<\/div><div class=\"bde-image-2449-104 bde-image\">\n<figure class=\"breakdance-image breakdance-image--49\">\n\t<div class=\"breakdance-image-container\">\n\t\t<div class=\"breakdance-image-clip\"><img loading=\"lazy\" decoding=\"async\" class=\"breakdance-image-object\" src=\"https:\/\/breakdancelibrary.com\/hotel\/wp-content\/uploads\/sites\/34\/2023\/02\/arrow-down-black-white.png\" width=\"7\" height=\"61\" sizes=\"(max-width: 7px) 100vw, 7px\"><\/div>\n\t<\/div><\/figure>\n\n<\/div>\n<\/div><\/div>\n<\/section><section class=\"bde-section-2449-105 bde-section\">\n  \n\t\n\n\n\n<div class=\"section-container\"><h2 class=\"bde-heading-2449-106 bde-heading\">\nGastro Angebot und Veranstaltungen\n<\/h2><div class=\"bde-text-2449-230 bde-text\">\nDezente und gesch\u00e4ftlich angenehme Innenausstattung, ein repr\u00e4sentatives gastronomisches Angebot und ausgezeichnetes Service sind die ideale Umgebung wo Sie auf die beste Art das Angenehme mit dem N\u00fctzlichen verbinden k\u00f6nnen. Pr\u00e4sentieren Sie Ihre gesch\u00e4ftlichen Ideen Ihren Partnern in ungest\u00f6rter Ruhe, welche nur durch die Ger\u00fcche der Delikatessen welche vor Ihnen ausgewechselt werden gest\u00f6rt wird.<br>Wir haben ein reiches Men\u00fc vorbereitet, da wir an das alte Sprichwort glauben, dass wichtige Entscheidungen nie mit leerem Magen getroffen werden.<br>Sie k\u00f6nnen Bankette zu allen gesch\u00e4ftlichen, gesellschaftlichen, privaten und anderen feierlichen Gegebenheiten in einem Raum, welcher ideal f\u00fcr das angenehme Essen und Beisammensein ist, organisieren. Unser Organisationsteam wird den Erfolg Ihrer Veranstaltung erm\u00f6glichen.<br>\u00dcberlassen Sie die Organisation Ihrer Veranstaltungen dem professionellen Team des Hotel Park. Langj\u00e4hrige Erfahrung und alle erforderlichen Voraussetzungen, sowie die technische Unterst\u00fctzung sind die Garantie f\u00fcr den Erfolg Ihres Events,welchem wir unseren \u201epersonal touch\u201c geben werden, der so wichtig ist f\u00fcr den Eindruck mit welchem Sie Ihre G\u00e4ste beeindrucken m\u00f6chten.<br>Kroatien luxus Hotel Park Gourmet angebot - Ihre beste wahl!<br>F\u00fcr uns ist es so gut wie egal, ob es sich um ein gesch\u00e4ftliches, famili\u00e4res, feierliches oder anderes Zusammentreffen handelt, weil wir mit unserer Kreativit\u00e4t, unserem K\u00f6nnen bei der Vorbereitung und Dekoration verschiedenster Essen jeder Herausforderung die vor uns liegt gewachsen sind, ohne dabei Platz f\u00fcr Improvisationen zu lassen.<br>Vertrauen Sie geschickten und erfahrenen H\u00e4nden, die ihr Handwerk verstehen!<br>Hier im Hotel Park haben wir die Wichtigkeit des Bedarfs an professioneller Vorgangsweise bei der Wahl frischer und qualitativer Lebensmittel sowie der spitzenm\u00e4\u00dfigen Essenszubereitung erkannt.<br>Besondere Aufmerksamkeit wird der unumg\u00e4nglichen dalmatinischen \u00abspiza\u00bb vom frischen Fisch, Meeresfr\u00fcchten und einheimischem Gr\u00fcnzeug zusammen mit unumg\u00e4nglichem reinem Oliven\u00f6l, Meersalz und geh\u00fcteten Weinen gewidmet, durch welche Sie Ihre Geschmacksnerven abrunden werden, um den Ganzen gastronomischen Genuss zu erleben.<br>Das ausgezeichnete f\u00e4hige Personal unter der Leitung des K\u00fcchenchefs wird f\u00fcr Sie die schmackhaftesten Delikatessen zubereiten, f\u00fcr welche sie sich nicht einmal auf k\u00f6niglichen H\u00f6fen sch\u00e4men m\u00fcssten. In unserem Angebot finden Sie alles, von internationalen Spezialit\u00e4ten bis hin zu urspr\u00fcnglicher dalmatinischer K\u00fcche, die durch Schnelligkeit und Einfachheit bei der Zubereitung hervorsticht und bei welcher die gesunden Inhalte der Lebensmittel erhalten werden.<br>\n<\/div><div class=\"bde-columns-2449-107 bde-columns\"><div class=\"bde-column-2449-110 bde-column\">\n  \n\t\n\n\n\n<div class=\"bde-gallery-2449-248 bde-gallery\">\n\n\n  \n\n\n\n\n\n\n\n\n\n\n<div class=\"ee-gallery ee-gallery--default ee-gallery--grid ee-gallery-- ee-gallery--lightbox ee-gallery-- ee-gallery--caption- ee-gallery--caption-none ee-gallery--ratio\">\n                  \n      <a class=\"ee-gallery-item ee-gallery-item--image ee-gallery-item--single\" href=\"https:\/\/parkhotel.hr\/wp-content\/uploads\/2024\/07\/parkhotel_dorucak_0003.jpg\"  data-sub-html=\"\" data-category=\"1\"                  data-lg-size=\"1920-1000\"\n\n      >\n        <figure class=\"ee-gallery-item-figure\">\n                        <img loading=\"lazy\" decoding=\"async\" class=\"breakdance-image-object\" src=\"https:\/\/parkhotel.hr\/wp-content\/uploads\/2024\/07\/parkhotel_dorucak_0003-1024x533.jpg\" width=\"1024\" height=\"533\" srcset=\"https:\/\/parkhotel.hr\/wp-content\/uploads\/2024\/07\/parkhotel_dorucak_0003.jpg 1920w, https:\/\/parkhotel.hr\/wp-content\/uploads\/2024\/07\/parkhotel_dorucak_0003-300x156.jpg 300w, https:\/\/parkhotel.hr\/wp-content\/uploads\/2024\/07\/parkhotel_dorucak_0003-1024x533.jpg 1024w, https:\/\/parkhotel.hr\/wp-content\/uploads\/2024\/07\/parkhotel_dorucak_0003-768x400.jpg 768w, https:\/\/parkhotel.hr\/wp-content\/uploads\/2024\/07\/parkhotel_dorucak_0003-1536x800.jpg 1536w\" sizes=\"(max-width: 1920px) 100vw, 1920px\">\n          \n                  <\/figure>\n      <\/a>\n\n                \n      <a class=\"ee-gallery-item ee-gallery-item--image ee-gallery-item--single\" href=\"https:\/\/parkhotel.hr\/wp-content\/uploads\/2024\/07\/parkhotel_dorucak_0005-1.jpg\"  data-sub-html=\"\" data-category=\"1\"                  data-lg-size=\"1920-1000\"\n\n      >\n        <figure class=\"ee-gallery-item-figure\">\n                        <img loading=\"lazy\" decoding=\"async\" class=\"breakdance-image-object\" src=\"https:\/\/parkhotel.hr\/wp-content\/uploads\/2024\/07\/parkhotel_dorucak_0005-1-1024x533.jpg\" width=\"1024\" height=\"533\" srcset=\"https:\/\/parkhotel.hr\/wp-content\/uploads\/2024\/07\/parkhotel_dorucak_0005-1.jpg 1920w, https:\/\/parkhotel.hr\/wp-content\/uploads\/2024\/07\/parkhotel_dorucak_0005-1-300x156.jpg 300w, https:\/\/parkhotel.hr\/wp-content\/uploads\/2024\/07\/parkhotel_dorucak_0005-1-1024x533.jpg 1024w, https:\/\/parkhotel.hr\/wp-content\/uploads\/2024\/07\/parkhotel_dorucak_0005-1-768x400.jpg 768w, https:\/\/parkhotel.hr\/wp-content\/uploads\/2024\/07\/parkhotel_dorucak_0005-1-1536x800.jpg 1536w\" sizes=\"(max-width: 1920px) 100vw, 1920px\">\n          \n                  <\/figure>\n      <\/a>\n\n                \n      <a class=\"ee-gallery-item ee-gallery-item--image ee-gallery-item--single\" href=\"https:\/\/parkhotel.hr\/wp-content\/uploads\/2024\/07\/parkhotel_dorucak_0004.jpg\"  data-sub-html=\"\" data-category=\"1\"                  data-lg-size=\"1920-1000\"\n\n      >\n        <figure class=\"ee-gallery-item-figure\">\n                        <img loading=\"lazy\" decoding=\"async\" class=\"breakdance-image-object\" src=\"https:\/\/parkhotel.hr\/wp-content\/uploads\/2024\/07\/parkhotel_dorucak_0004-1024x533.jpg\" width=\"1024\" height=\"533\" srcset=\"https:\/\/parkhotel.hr\/wp-content\/uploads\/2024\/07\/parkhotel_dorucak_0004.jpg 1920w, https:\/\/parkhotel.hr\/wp-content\/uploads\/2024\/07\/parkhotel_dorucak_0004-300x156.jpg 300w, https:\/\/parkhotel.hr\/wp-content\/uploads\/2024\/07\/parkhotel_dorucak_0004-1024x533.jpg 1024w, https:\/\/parkhotel.hr\/wp-content\/uploads\/2024\/07\/parkhotel_dorucak_0004-768x400.jpg 768w, https:\/\/parkhotel.hr\/wp-content\/uploads\/2024\/07\/parkhotel_dorucak_0004-1536x800.jpg 1536w\" sizes=\"(max-width: 1920px) 100vw, 1920px\">\n          \n                  <\/figure>\n      <\/a>\n\n                \n      <a class=\"ee-gallery-item ee-gallery-item--image ee-gallery-item--single\" href=\"https:\/\/parkhotel.hr\/wp-content\/uploads\/2024\/07\/parkhotel_dorucak_0002.jpg\"  data-sub-html=\"\" data-category=\"1\"                  data-lg-size=\"1920-1000\"\n\n      >\n        <figure class=\"ee-gallery-item-figure\">\n                        <img loading=\"lazy\" decoding=\"async\" class=\"breakdance-image-object\" src=\"https:\/\/parkhotel.hr\/wp-content\/uploads\/2024\/07\/parkhotel_dorucak_0002-1024x533.jpg\" width=\"1024\" height=\"533\" srcset=\"https:\/\/parkhotel.hr\/wp-content\/uploads\/2024\/07\/parkhotel_dorucak_0002.jpg 1920w, https:\/\/parkhotel.hr\/wp-content\/uploads\/2024\/07\/parkhotel_dorucak_0002-300x156.jpg 300w, https:\/\/parkhotel.hr\/wp-content\/uploads\/2024\/07\/parkhotel_dorucak_0002-1024x533.jpg 1024w, https:\/\/parkhotel.hr\/wp-content\/uploads\/2024\/07\/parkhotel_dorucak_0002-768x400.jpg 768w, https:\/\/parkhotel.hr\/wp-content\/uploads\/2024\/07\/parkhotel_dorucak_0002-1536x800.jpg 1536w\" sizes=\"(max-width: 1920px) 100vw, 1920px\">\n          \n                  <\/figure>\n      <\/a>\n\n                \n      <a class=\"ee-gallery-item ee-gallery-item--image ee-gallery-item--single\" href=\"https:\/\/parkhotel.hr\/wp-content\/uploads\/2024\/07\/parkhotel_dorucak_0001.jpg\"  data-sub-html=\"\" data-category=\"1\"                  data-lg-size=\"1920-1000\"\n\n      >\n        <figure class=\"ee-gallery-item-figure\">\n                        <img loading=\"lazy\" decoding=\"async\" class=\"breakdance-image-object\" src=\"https:\/\/parkhotel.hr\/wp-content\/uploads\/2024\/07\/parkhotel_dorucak_0001-1024x533.jpg\" width=\"1024\" height=\"533\" srcset=\"https:\/\/parkhotel.hr\/wp-content\/uploads\/2024\/07\/parkhotel_dorucak_0001.jpg 1920w, https:\/\/parkhotel.hr\/wp-content\/uploads\/2024\/07\/parkhotel_dorucak_0001-300x156.jpg 300w, https:\/\/parkhotel.hr\/wp-content\/uploads\/2024\/07\/parkhotel_dorucak_0001-1024x533.jpg 1024w, https:\/\/parkhotel.hr\/wp-content\/uploads\/2024\/07\/parkhotel_dorucak_0001-768x400.jpg 768w, https:\/\/parkhotel.hr\/wp-content\/uploads\/2024\/07\/parkhotel_dorucak_0001-1536x800.jpg 1536w\" sizes=\"(max-width: 1920px) 100vw, 1920px\">\n          \n                  <\/figure>\n      <\/a>\n\n                \n      <a class=\"ee-gallery-item ee-gallery-item--image ee-gallery-item--single\" href=\"https:\/\/parkhotel.hr\/wp-content\/uploads\/2024\/07\/parkhotel_dorucak_0006.jpg\"  data-sub-html=\"\" data-category=\"1\"                  data-lg-size=\"1920-1000\"\n\n      >\n        <figure class=\"ee-gallery-item-figure\">\n                        <img loading=\"lazy\" decoding=\"async\" class=\"breakdance-image-object\" src=\"https:\/\/parkhotel.hr\/wp-content\/uploads\/2024\/07\/parkhotel_dorucak_0006-1024x533.jpg\" width=\"1024\" height=\"533\" srcset=\"https:\/\/parkhotel.hr\/wp-content\/uploads\/2024\/07\/parkhotel_dorucak_0006.jpg 1920w, https:\/\/parkhotel.hr\/wp-content\/uploads\/2024\/07\/parkhotel_dorucak_0006-300x156.jpg 300w, https:\/\/parkhotel.hr\/wp-content\/uploads\/2024\/07\/parkhotel_dorucak_0006-1024x533.jpg 1024w, https:\/\/parkhotel.hr\/wp-content\/uploads\/2024\/07\/parkhotel_dorucak_0006-768x400.jpg 768w, https:\/\/parkhotel.hr\/wp-content\/uploads\/2024\/07\/parkhotel_dorucak_0006-1536x800.jpg 1536w\" sizes=\"(max-width: 1920px) 100vw, 1920px\">\n          \n                  <\/figure>\n      <\/a>\n\n                \n      <a class=\"ee-gallery-item ee-gallery-item--image ee-gallery-item--single\" href=\"https:\/\/parkhotel.hr\/wp-content\/uploads\/2024\/07\/parkhotel_dorucak_0007.jpg\"  data-sub-html=\"\" data-category=\"1\"                  data-lg-size=\"1920-1000\"\n\n      >\n        <figure class=\"ee-gallery-item-figure\">\n                        <img loading=\"lazy\" decoding=\"async\" class=\"breakdance-image-object\" src=\"https:\/\/parkhotel.hr\/wp-content\/uploads\/2024\/07\/parkhotel_dorucak_0007-1024x533.jpg\" width=\"1024\" height=\"533\" srcset=\"https:\/\/parkhotel.hr\/wp-content\/uploads\/2024\/07\/parkhotel_dorucak_0007.jpg 1920w, https:\/\/parkhotel.hr\/wp-content\/uploads\/2024\/07\/parkhotel_dorucak_0007-300x156.jpg 300w, https:\/\/parkhotel.hr\/wp-content\/uploads\/2024\/07\/parkhotel_dorucak_0007-1024x533.jpg 1024w, https:\/\/parkhotel.hr\/wp-content\/uploads\/2024\/07\/parkhotel_dorucak_0007-768x400.jpg 768w, https:\/\/parkhotel.hr\/wp-content\/uploads\/2024\/07\/parkhotel_dorucak_0007-1536x800.jpg 1536w\" sizes=\"(max-width: 1920px) 100vw, 1920px\">\n          \n                  <\/figure>\n      <\/a>\n\n                \n      <a class=\"ee-gallery-item ee-gallery-item--image ee-gallery-item--single\" href=\"https:\/\/parkhotel.hr\/wp-content\/uploads\/2024\/07\/parkhotel_dorucak_0008.jpg\"  data-sub-html=\"\" data-category=\"1\"                  data-lg-size=\"1920-1000\"\n\n      >\n        <figure class=\"ee-gallery-item-figure\">\n                        <img loading=\"lazy\" decoding=\"async\" class=\"breakdance-image-object\" src=\"https:\/\/parkhotel.hr\/wp-content\/uploads\/2024\/07\/parkhotel_dorucak_0008-1024x533.jpg\" width=\"1024\" height=\"533\" srcset=\"https:\/\/parkhotel.hr\/wp-content\/uploads\/2024\/07\/parkhotel_dorucak_0008.jpg 1920w, https:\/\/parkhotel.hr\/wp-content\/uploads\/2024\/07\/parkhotel_dorucak_0008-300x156.jpg 300w, https:\/\/parkhotel.hr\/wp-content\/uploads\/2024\/07\/parkhotel_dorucak_0008-1024x533.jpg 1024w, https:\/\/parkhotel.hr\/wp-content\/uploads\/2024\/07\/parkhotel_dorucak_0008-768x400.jpg 768w, https:\/\/parkhotel.hr\/wp-content\/uploads\/2024\/07\/parkhotel_dorucak_0008-1536x800.jpg 1536w\" sizes=\"(max-width: 1920px) 100vw, 1920px\">\n          \n                  <\/figure>\n      <\/a>\n\n                \n      <a class=\"ee-gallery-item ee-gallery-item--image ee-gallery-item--single\" href=\"https:\/\/parkhotel.hr\/wp-content\/uploads\/2024\/07\/parkhotel_dorucak_0009.jpg\"  data-sub-html=\"\" data-category=\"1\"                  data-lg-size=\"1920-1000\"\n\n      >\n        <figure class=\"ee-gallery-item-figure\">\n                        <img loading=\"lazy\" decoding=\"async\" class=\"breakdance-image-object\" src=\"https:\/\/parkhotel.hr\/wp-content\/uploads\/2024\/07\/parkhotel_dorucak_0009-1024x533.jpg\" width=\"1024\" height=\"533\" srcset=\"https:\/\/parkhotel.hr\/wp-content\/uploads\/2024\/07\/parkhotel_dorucak_0009.jpg 1920w, https:\/\/parkhotel.hr\/wp-content\/uploads\/2024\/07\/parkhotel_dorucak_0009-300x156.jpg 300w, https:\/\/parkhotel.hr\/wp-content\/uploads\/2024\/07\/parkhotel_dorucak_0009-1024x533.jpg 1024w, https:\/\/parkhotel.hr\/wp-content\/uploads\/2024\/07\/parkhotel_dorucak_0009-768x400.jpg 768w, https:\/\/parkhotel.hr\/wp-content\/uploads\/2024\/07\/parkhotel_dorucak_0009-1536x800.jpg 1536w\" sizes=\"(max-width: 1920px) 100vw, 1920px\">\n          \n                  <\/figure>\n      <\/a>\n\n                \n      <a class=\"ee-gallery-item ee-gallery-item--image ee-gallery-item--single\" href=\"https:\/\/parkhotel.hr\/wp-content\/uploads\/2024\/07\/parkhotel_dorucak_0010.jpg\"  data-sub-html=\"\" data-category=\"1\"                  data-lg-size=\"1920-1000\"\n\n      >\n        <figure class=\"ee-gallery-item-figure\">\n                        <img loading=\"lazy\" decoding=\"async\" class=\"breakdance-image-object\" src=\"https:\/\/parkhotel.hr\/wp-content\/uploads\/2024\/07\/parkhotel_dorucak_0010-1024x533.jpg\" width=\"1024\" height=\"533\" srcset=\"https:\/\/parkhotel.hr\/wp-content\/uploads\/2024\/07\/parkhotel_dorucak_0010.jpg 1920w, https:\/\/parkhotel.hr\/wp-content\/uploads\/2024\/07\/parkhotel_dorucak_0010-300x156.jpg 300w, https:\/\/parkhotel.hr\/wp-content\/uploads\/2024\/07\/parkhotel_dorucak_0010-1024x533.jpg 1024w, https:\/\/parkhotel.hr\/wp-content\/uploads\/2024\/07\/parkhotel_dorucak_0010-768x400.jpg 768w, https:\/\/parkhotel.hr\/wp-content\/uploads\/2024\/07\/parkhotel_dorucak_0010-1536x800.jpg 1536w\" sizes=\"(max-width: 1920px) 100vw, 1920px\">\n          \n                  <\/figure>\n      <\/a>\n\n                \n      <a class=\"ee-gallery-item ee-gallery-item--image ee-gallery-item--single\" href=\"https:\/\/parkhotel.hr\/wp-content\/uploads\/2024\/07\/parkhotel_dorucak_0011-1.jpg\"  data-sub-html=\"\" data-category=\"1\"                  data-lg-size=\"1920-1000\"\n\n      >\n        <figure class=\"ee-gallery-item-figure\">\n                        <img loading=\"lazy\" decoding=\"async\" class=\"breakdance-image-object\" src=\"https:\/\/parkhotel.hr\/wp-content\/uploads\/2024\/07\/parkhotel_dorucak_0011-1-1024x533.jpg\" width=\"1024\" height=\"533\" srcset=\"https:\/\/parkhotel.hr\/wp-content\/uploads\/2024\/07\/parkhotel_dorucak_0011-1.jpg 1920w, https:\/\/parkhotel.hr\/wp-content\/uploads\/2024\/07\/parkhotel_dorucak_0011-1-300x156.jpg 300w, https:\/\/parkhotel.hr\/wp-content\/uploads\/2024\/07\/parkhotel_dorucak_0011-1-1024x533.jpg 1024w, https:\/\/parkhotel.hr\/wp-content\/uploads\/2024\/07\/parkhotel_dorucak_0011-1-768x400.jpg 768w, https:\/\/parkhotel.hr\/wp-content\/uploads\/2024\/07\/parkhotel_dorucak_0011-1-1536x800.jpg 1536w\" sizes=\"(max-width: 1920px) 100vw, 1920px\">\n          \n                  <\/figure>\n      <\/a>\n\n                \n      <a class=\"ee-gallery-item ee-gallery-item--image ee-gallery-item--single\" href=\"https:\/\/parkhotel.hr\/wp-content\/uploads\/2024\/07\/slide_017.jpg\"  data-sub-html=\"\" data-category=\"1\"                  data-lg-size=\"1400-820\"\n\n      >\n        <figure class=\"ee-gallery-item-figure\">\n                        <img loading=\"lazy\" decoding=\"async\" class=\"breakdance-image-object\" src=\"https:\/\/parkhotel.hr\/wp-content\/uploads\/2024\/07\/slide_017-1024x600.jpg\" width=\"1024\" height=\"600\" srcset=\"https:\/\/parkhotel.hr\/wp-content\/uploads\/2024\/07\/slide_017.jpg 1400w, https:\/\/parkhotel.hr\/wp-content\/uploads\/2024\/07\/slide_017-300x176.jpg 300w, https:\/\/parkhotel.hr\/wp-content\/uploads\/2024\/07\/slide_017-1024x600.jpg 1024w, https:\/\/parkhotel.hr\/wp-content\/uploads\/2024\/07\/slide_017-768x450.jpg 768w\" sizes=\"(max-width: 1400px) 100vw, 1400px\">\n          \n                  <\/figure>\n      <\/a>\n\n                \n      <a class=\"ee-gallery-item ee-gallery-item--image ee-gallery-item--single\" href=\"https:\/\/parkhotel.hr\/wp-content\/uploads\/2024\/07\/park_hrana_0035.jpg\"  data-sub-html=\"\" data-category=\"1\"                  data-lg-size=\"1800-1200\"\n\n      >\n        <figure class=\"ee-gallery-item-figure\">\n                        <img loading=\"lazy\" decoding=\"async\" class=\"breakdance-image-object\" src=\"https:\/\/parkhotel.hr\/wp-content\/uploads\/2024\/07\/park_hrana_0035-1024x683.jpg\" width=\"1024\" height=\"683\" srcset=\"https:\/\/parkhotel.hr\/wp-content\/uploads\/2024\/07\/park_hrana_0035.jpg 1800w, https:\/\/parkhotel.hr\/wp-content\/uploads\/2024\/07\/park_hrana_0035-300x200.jpg 300w, https:\/\/parkhotel.hr\/wp-content\/uploads\/2024\/07\/park_hrana_0035-1024x683.jpg 1024w, https:\/\/parkhotel.hr\/wp-content\/uploads\/2024\/07\/park_hrana_0035-768x512.jpg 768w, https:\/\/parkhotel.hr\/wp-content\/uploads\/2024\/07\/park_hrana_0035-1536x1024.jpg 1536w\" sizes=\"(max-width: 1800px) 100vw, 1800px\">\n          \n                  <\/figure>\n      <\/a>\n\n                \n      <a class=\"ee-gallery-item ee-gallery-item--image ee-gallery-item--single\" href=\"https:\/\/parkhotel.hr\/wp-content\/uploads\/2024\/07\/park_hrana_0036.jpg\"  data-sub-html=\"\" data-category=\"1\"                  data-lg-size=\"800-1200\"\n\n      >\n        <figure class=\"ee-gallery-item-figure\">\n                        <img loading=\"lazy\" decoding=\"async\" class=\"breakdance-image-object\" src=\"https:\/\/parkhotel.hr\/wp-content\/uploads\/2024\/07\/park_hrana_0036-683x1024.jpg\" width=\"683\" height=\"1024\" srcset=\"https:\/\/parkhotel.hr\/wp-content\/uploads\/2024\/07\/park_hrana_0036.jpg 800w, https:\/\/parkhotel.hr\/wp-content\/uploads\/2024\/07\/park_hrana_0036-200x300.jpg 200w, https:\/\/parkhotel.hr\/wp-content\/uploads\/2024\/07\/park_hrana_0036-683x1024.jpg 683w, https:\/\/parkhotel.hr\/wp-content\/uploads\/2024\/07\/park_hrana_0036-768x1152.jpg 768w\" sizes=\"(max-width: 800px) 100vw, 800px\">\n          \n                  <\/figure>\n      <\/a>\n\n        \n  <\/div>\n\n\n\n<\/div>\n<\/div><\/div><\/div>\n<\/section>","protected":false},"excerpt":{"rendered":"<p>Angebote und Veranstaltungen scroll down Gastro Angebot und Veranstaltungen Dezente und gesch\u00e4ftlich angenehme Innenausstattung, ein repr\u00e4sentatives gastronomisches Angebot und ausgezeichnetes Service sind die ideale Umgebung wo Sie auf die beste Art das Angenehme mit dem N\u00fctzlichen verbinden k\u00f6nnen. Pr\u00e4sentieren Sie Ihre gesch\u00e4ftlichen Ideen Ihren Partnern in ungest\u00f6rter Ruhe, welche nur durch die Ger\u00fcche der Delikatessen [&hellip;]<\/p>\n","protected":false},"author":2,"featured_media":0,"parent":0,"menu_order":0,"comment_status":"closed","ping_status":"closed","template":"","meta":{"inline_featured_image":false,"_breakdance_hide_in_design_set":false,"_breakdance_tags":"","footnotes":""},"class_list":["post-2449","page","type-page","status-publish","hentry"],"_links":{"self":[{"href":"https:\/\/parkhotel.hr\/de\/wp-json\/wp\/v2\/pages\/2449"}],"collection":[{"href":"https:\/\/parkhotel.hr\/de\/wp-json\/wp\/v2\/pages"}],"about":[{"href":"https:\/\/parkhotel.hr\/de\/wp-json\/wp\/v2\/types\/page"}],"author":[{"embeddable":true,"href":"https:\/\/parkhotel.hr\/de\/wp-json\/wp\/v2\/users\/2"}],"replies":[{"embeddable":true,"href":"https:\/\/parkhotel.hr\/de\/wp-json\/wp\/v2\/comments?post=2449"}],"version-history":[{"count":5,"href":"https:\/\/parkhotel.hr\/de\/wp-json\/wp\/v2\/pages\/2449\/revisions"}],"predecessor-version":[{"id":2657,"href":"https:\/\/parkhotel.hr\/de\/wp-json\/wp\/v2\/pages\/2449\/revisions\/2657"}],"wp:attachment":[{"href":"https:\/\/parkhotel.hr\/de\/wp-json\/wp\/v2\/media?parent=2449"}],"curies":[{"name":"wp","href":"https:\/\/api.w.org\/{rel}","templated":true}]}}