{"id":2463,"date":"2024-08-19T13:07:38","date_gmt":"2024-08-19T11:07:38","guid":{"rendered":"https:\/\/parkhotel.hr\/spa-beauty-centar\/"},"modified":"2026-02-04T13:36:09","modified_gmt":"2026-02-04T12:36:09","slug":"spa-und-beautyzentrum","status":"publish","type":"page","link":"https:\/\/parkhotel.hr\/de\/spa-und-beautyzentrum\/","title":{"rendered":"Spa Und Beautyzentrum"},"content":{"rendered":"<section class=\"bde-section-2463-100 bde-section\">\n              \n  \n\t\n\n  <div class=\"section-background-overlay\"><\/div>\n\n\n<div class=\"section-container\"><h1 class=\"bde-heading-2463-101 bde-heading\">\nEin gesunder K\u00f6rper, ein gesunder Geist\n<\/h1><div class=\"bde-div-2463-102 bde-div\">\n  \n\t\n\n\n\n<div class=\"bde-text-2463-103 bde-text\">\nscroll down\n<\/div><div class=\"bde-image-2463-104 bde-image\">\n<figure class=\"breakdance-image breakdance-image--49\">\n\t<div class=\"breakdance-image-container\">\n\t\t<div class=\"breakdance-image-clip\"><img loading=\"lazy\" decoding=\"async\" class=\"breakdance-image-object\" src=\"https:\/\/breakdancelibrary.com\/hotel\/wp-content\/uploads\/sites\/34\/2023\/02\/arrow-down-black-white.png\" width=\"7\" height=\"61\" sizes=\"(max-width: 7px) 100vw, 7px\"><\/div>\n\t<\/div><\/figure>\n\n<\/div>\n<\/div><\/div>\n<\/section><section class=\"bde-section-2463-105 bde-section\">\n  \n\t\n\n\n\n<div class=\"section-container\"><h2 class=\"bde-heading-2463-106 bde-heading\">\nWellness & Spa\n<\/h2><div class=\"bde-text-2463-230 bde-text\">\nIm Hotel Park sind wir \u00fcberzeugt, dass Gesundheit der Schl\u00fcssel zum Erfolg ist, und ein gesunder Geist kann nicht ohne einen gesunden K\u00f6rper existieren. Aus diesem Grund haben wir besondere Aufmerksamkeit auf Dienstleistungen gelegt, die sowohl Ihr k\u00f6rperliches als auch geistiges Wohlbefinden f\u00f6rdern.<br><br>Genie\u00dfen Sie unser Hallenbad mit atemberaubendem Blick auf den kristallklaren blauen Himmel, entspannen Sie sich in unserem exklusiven Spa & Relax-Bereich oder tanken Sie neue Energie in unserem modernen Fitnessstudio. Mit vielen weiteren Annehmlichkeiten, die wir bieten, wird Ihr Aufenthalt von Gesundheit und Genuss erf\u00fcllt sein.<br><br>\n<\/div><div class=\"bde-columns-2463-107 bde-columns\"><div class=\"bde-column-2463-110 bde-column\">\n  \n\t\n\n\n\n<div class=\"bde-icon-list-2463-249 bde-icon-list\">\n<ul>\n  \n              \n    <li>\n                      \n            \n            \n\n    \n    \n    \n    \n    \n    <a class=\"breakdance-link bde-icon-list__item-wrapper\" href=\"mailto:park@energyclinic.com\" target=\"_self\" data-type=\"url\"  >\n\n      \n      <span class='bde-icon-list__icon'>\n        <svg xmlns=\"http:\/\/www.w3.org\/2000\/svg\" id=\"icon-mail4\" viewBox=\"0 0 32 32\">\n<path d=\"M16 0c-8.837 0-16 7.163-16 16s7.163 16 16 16 16-7.163 16-16-7.163-16-16-16zM8 8h16c0.286 0 0.563 0.061 0.817 0.177l-8.817 10.286-8.817-10.287c0.254-0.116 0.531-0.177 0.817-0.177zM6 22v-12c0-0.042 0.002-0.084 0.004-0.125l5.864 6.842-5.8 5.8c-0.045-0.167-0.069-0.34-0.069-0.517zM24 24h-16c-0.177 0-0.35-0.024-0.517-0.069l5.691-5.691 2.826 3.297 2.826-3.297 5.691 5.691c-0.167 0.045-0.34 0.069-0.517 0.069zM26 22c0 0.177-0.024 0.35-0.069 0.517l-5.8-5.8 5.865-6.842c0.003 0.041 0.004 0.083 0.004 0.125v12z\"\/>\n<\/svg>\n      <\/span>\n      <span class='bde-icon-list__text' >\n      park@energyclinic.com\n      <\/span>\n                  <\/a>\n\n      \n    <\/li>\n\n  \n              \n    <li>\n                      \n            \n            \n\n    \n    \n    \n    \n    \n    <a class=\"breakdance-link bde-icon-list__item-wrapper\" href=\"http:\/\/www.energyclinic.com\" target=\"_blank\" data-type=\"url\" rel=\"noopener\">\n\n      \n      <span class='bde-icon-list__icon'>\n        <svg xmlns=\"http:\/\/www.w3.org\/2000\/svg\" id=\"icon-sphere\" viewBox=\"0 0 32 32\">\n<path d=\"M15 2c-8.284 0-15 6.716-15 15s6.716 15 15 15c8.284 0 15-6.716 15-15s-6.716-15-15-15zM23.487 22c0.268-1.264 0.437-2.606 0.492-4h3.983c-0.104 1.381-0.426 2.722-0.959 4h-3.516zM6.513 12c-0.268 1.264-0.437 2.606-0.492 4h-3.983c0.104-1.381 0.426-2.722 0.959-4h3.516zM21.439 12c0.3 1.28 0.481 2.62 0.54 4h-5.979v-4h5.439zM16 10v-5.854c0.456 0.133 0.908 0.355 1.351 0.668 0.831 0.586 1.625 1.488 2.298 2.609 0.465 0.775 0.867 1.638 1.203 2.578h-4.852zM10.351 7.422c0.673-1.121 1.467-2.023 2.298-2.609 0.443-0.313 0.895-0.535 1.351-0.668v5.854h-4.852c0.336-0.94 0.738-1.803 1.203-2.578zM14 12v4h-5.979c0.059-1.38 0.24-2.72 0.54-4h5.439zM2.997 22c-0.533-1.278-0.854-2.619-0.959-4h3.983c0.055 1.394 0.224 2.736 0.492 4h-3.516zM8.021 18h5.979v4h-5.439c-0.3-1.28-0.481-2.62-0.54-4zM14 24v5.854c-0.456-0.133-0.908-0.355-1.351-0.668-0.831-0.586-1.625-1.488-2.298-2.609-0.465-0.775-0.867-1.638-1.203-2.578h4.852zM19.649 26.578c-0.673 1.121-1.467 2.023-2.298 2.609-0.443 0.312-0.895 0.535-1.351 0.668v-5.854h4.852c-0.336 0.94-0.738 1.802-1.203 2.578zM16 22v-4h5.979c-0.059 1.38-0.24 2.72-0.54 4h-5.439zM23.98 16c-0.055-1.394-0.224-2.736-0.492-4h3.516c0.533 1.278 0.855 2.619 0.959 4h-3.983zM25.958 10h-2.997c-0.582-1.836-1.387-3.447-2.354-4.732 1.329 0.636 2.533 1.488 3.585 2.54 0.671 0.671 1.261 1.404 1.766 2.192zM5.808 7.808c1.052-1.052 2.256-1.904 3.585-2.54-0.967 1.285-1.771 2.896-2.354 4.732h-2.997c0.504-0.788 1.094-1.521 1.766-2.192zM4.042 24h2.997c0.583 1.836 1.387 3.447 2.354 4.732-1.329-0.636-2.533-1.488-3.585-2.54-0.671-0.671-1.261-1.404-1.766-2.192zM24.192 26.192c-1.052 1.052-2.256 1.904-3.585 2.54 0.967-1.285 1.771-2.896 2.354-4.732h2.997c-0.504 0.788-1.094 1.521-1.766 2.192z\"\/>\n<\/svg>\n      <\/span>\n      <span class='bde-icon-list__text' >\n      www.energyclinic.com\n      <\/span>\n                  <\/a>\n\n      \n    <\/li>\n\n  \n              \n    <li>\n                      \n            \n            \n\n    \n    \n    \n    \n    \n    <a class=\"breakdance-link bde-icon-list__item-wrapper\" href=\"https:\/\/parkhotel.hr\/wp-content\/uploads\/2024\/11\/Spa-Menu-DE.pdf\" target=\"_blank\" data-type=\"url\">\n\n      \n      <span class='bde-icon-list__icon'>\n        <svg xmlns=\"http:\/\/www.w3.org\/2000\/svg\" id=\"icon-book\" viewBox=\"0 0 32 32\">\n<path d=\"M28 4v26h-21c-1.657 0-3-1.343-3-3s1.343-3 3-3h19v-24h-20c-2.2 0-4 1.8-4 4v24c0 2.2 1.8 4 4 4h24v-28h-2z\"\/>\n<path d=\"M7.002 26v0c-0.001 0-0.001 0-0.002 0-0.552 0-1 0.448-1 1s0.448 1 1 1c0.001 0 0.001-0 0.002-0v0h18.997v-2h-18.997z\"\/>\n<\/svg>\n      <\/span>\n      <span class='bde-icon-list__text' >\n      Brosch\u00fcre\n      <\/span>\n                  <\/a>\n\n      \n    <\/li>\n\n  <\/ul>\n\n<\/div>\n<\/div><\/div><div class=\"bde-columns-2463-250 bde-columns\"><div class=\"bde-column-2463-252 bde-column\">\n  \n\t\n\n\n\n<div class=\"bde-gallery-2463-253 bde-gallery\">\n\n\n  \n\n\n\n\n\n\n\n\n\n\n<div class=\"ee-gallery ee-gallery--default ee-gallery--grid ee-gallery-- ee-gallery--lightbox ee-gallery-- ee-gallery--caption- ee-gallery--caption-none ee-gallery--ratio\">\n                  \n      <a class=\"ee-gallery-item ee-gallery-item--image ee-gallery-item--single\" href=\"https:\/\/parkhotel.hr\/wp-content\/uploads\/2024\/07\/park_0071-2.jpg\" data-sub-html=\"\" data-category=\"1\" data-lg-size=\"1800-1200\">\n        <figure class=\"ee-gallery-item-figure\">\n                        <img loading=\"lazy\" decoding=\"async\" class=\"breakdance-image-object\" src=\"https:\/\/parkhotel.hr\/wp-content\/uploads\/2024\/07\/park_0071-2-1024x683.jpg\" width=\"1024\" height=\"683\" srcset=\"https:\/\/parkhotel.hr\/wp-content\/uploads\/2024\/07\/park_0071-2.jpg 1800w, https:\/\/parkhotel.hr\/wp-content\/uploads\/2024\/07\/park_0071-2-300x200.jpg 300w, https:\/\/parkhotel.hr\/wp-content\/uploads\/2024\/07\/park_0071-2-1024x683.jpg 1024w, https:\/\/parkhotel.hr\/wp-content\/uploads\/2024\/07\/park_0071-2-768x512.jpg 768w, https:\/\/parkhotel.hr\/wp-content\/uploads\/2024\/07\/park_0071-2-1536x1024.jpg 1536w\" sizes=\"(max-width: 1800px) 100vw, 1800px\">\n          \n                  <\/figure>\n      <\/a>\n\n                \n      <a class=\"ee-gallery-item ee-gallery-item--image ee-gallery-item--single\" href=\"https:\/\/parkhotel.hr\/wp-content\/uploads\/2024\/07\/park_hotel_2018-_0061.jpg\" data-sub-html=\"\" data-category=\"1\" data-lg-size=\"1800-1200\">\n        <figure class=\"ee-gallery-item-figure\">\n                        <img loading=\"lazy\" decoding=\"async\" class=\"breakdance-image-object\" src=\"https:\/\/parkhotel.hr\/wp-content\/uploads\/2024\/07\/park_hotel_2018-_0061-1024x683.jpg\" width=\"1024\" height=\"683\" srcset=\"https:\/\/parkhotel.hr\/wp-content\/uploads\/2024\/07\/park_hotel_2018-_0061.jpg 1800w, https:\/\/parkhotel.hr\/wp-content\/uploads\/2024\/07\/park_hotel_2018-_0061-300x200.jpg 300w, https:\/\/parkhotel.hr\/wp-content\/uploads\/2024\/07\/park_hotel_2018-_0061-1024x683.jpg 1024w, https:\/\/parkhotel.hr\/wp-content\/uploads\/2024\/07\/park_hotel_2018-_0061-768x512.jpg 768w, https:\/\/parkhotel.hr\/wp-content\/uploads\/2024\/07\/park_hotel_2018-_0061-1536x1024.jpg 1536w\" sizes=\"(max-width: 1800px) 100vw, 1800px\">\n          \n                  <\/figure>\n      <\/a>\n\n                \n      <a class=\"ee-gallery-item ee-gallery-item--image ee-gallery-item--single\" href=\"https:\/\/parkhotel.hr\/wp-content\/uploads\/2024\/07\/park_hotel_2018-_0062.jpg\" data-sub-html=\"\" data-category=\"1\" data-lg-size=\"1800-1200\">\n        <figure class=\"ee-gallery-item-figure\">\n                        <img loading=\"lazy\" decoding=\"async\" class=\"breakdance-image-object\" src=\"https:\/\/parkhotel.hr\/wp-content\/uploads\/2024\/07\/park_hotel_2018-_0062-1024x683.jpg\" width=\"1024\" height=\"683\" srcset=\"https:\/\/parkhotel.hr\/wp-content\/uploads\/2024\/07\/park_hotel_2018-_0062.jpg 1800w, https:\/\/parkhotel.hr\/wp-content\/uploads\/2024\/07\/park_hotel_2018-_0062-300x200.jpg 300w, https:\/\/parkhotel.hr\/wp-content\/uploads\/2024\/07\/park_hotel_2018-_0062-1024x683.jpg 1024w, https:\/\/parkhotel.hr\/wp-content\/uploads\/2024\/07\/park_hotel_2018-_0062-768x512.jpg 768w, https:\/\/parkhotel.hr\/wp-content\/uploads\/2024\/07\/park_hotel_2018-_0062-1536x1024.jpg 1536w\" sizes=\"(max-width: 1800px) 100vw, 1800px\">\n          \n                  <\/figure>\n      <\/a>\n\n                \n      <a class=\"ee-gallery-item ee-gallery-item--image ee-gallery-item--single\" href=\"https:\/\/parkhotel.hr\/wp-content\/uploads\/2024\/07\/park_hotel_2018-0018.jpg\" data-sub-html=\"\" data-category=\"1\" data-lg-size=\"1920-786\">\n        <figure class=\"ee-gallery-item-figure\">\n                        <img loading=\"lazy\" decoding=\"async\" class=\"breakdance-image-object\" src=\"https:\/\/parkhotel.hr\/wp-content\/uploads\/2024\/07\/park_hotel_2018-0018-1024x419.jpg\" width=\"1024\" height=\"419\" srcset=\"https:\/\/parkhotel.hr\/wp-content\/uploads\/2024\/07\/park_hotel_2018-0018.jpg 1920w, https:\/\/parkhotel.hr\/wp-content\/uploads\/2024\/07\/park_hotel_2018-0018-300x123.jpg 300w, https:\/\/parkhotel.hr\/wp-content\/uploads\/2024\/07\/park_hotel_2018-0018-1024x419.jpg 1024w, https:\/\/parkhotel.hr\/wp-content\/uploads\/2024\/07\/park_hotel_2018-0018-768x314.jpg 768w, https:\/\/parkhotel.hr\/wp-content\/uploads\/2024\/07\/park_hotel_2018-0018-1536x629.jpg 1536w\" sizes=\"(max-width: 1920px) 100vw, 1920px\">\n          \n                  <\/figure>\n      <\/a>\n\n                \n      <a class=\"ee-gallery-item ee-gallery-item--image ee-gallery-item--single\" href=\"https:\/\/parkhotel.hr\/wp-content\/uploads\/2024\/07\/park_hotel_2018-0019.jpg\" data-sub-html=\"\" data-category=\"1\" data-lg-size=\"1920-661\">\n        <figure class=\"ee-gallery-item-figure\">\n                        <img loading=\"lazy\" decoding=\"async\" class=\"breakdance-image-object\" src=\"https:\/\/parkhotel.hr\/wp-content\/uploads\/2024\/07\/park_hotel_2018-0019-1024x353.jpg\" width=\"1024\" height=\"353\" srcset=\"https:\/\/parkhotel.hr\/wp-content\/uploads\/2024\/07\/park_hotel_2018-0019.jpg 1920w, https:\/\/parkhotel.hr\/wp-content\/uploads\/2024\/07\/park_hotel_2018-0019-300x103.jpg 300w, https:\/\/parkhotel.hr\/wp-content\/uploads\/2024\/07\/park_hotel_2018-0019-1024x353.jpg 1024w, https:\/\/parkhotel.hr\/wp-content\/uploads\/2024\/07\/park_hotel_2018-0019-768x264.jpg 768w, https:\/\/parkhotel.hr\/wp-content\/uploads\/2024\/07\/park_hotel_2018-0019-1536x529.jpg 1536w\" sizes=\"(max-width: 1920px) 100vw, 1920px\">\n          \n                  <\/figure>\n      <\/a>\n\n                \n      <a class=\"ee-gallery-item ee-gallery-item--image ee-gallery-item--single\" href=\"https:\/\/parkhotel.hr\/wp-content\/uploads\/2024\/07\/park_hotel_2018-0020.jpg\" data-sub-html=\"\" data-category=\"1\" data-lg-size=\"1920-693\">\n        <figure class=\"ee-gallery-item-figure\">\n                        <img loading=\"lazy\" decoding=\"async\" class=\"breakdance-image-object\" src=\"https:\/\/parkhotel.hr\/wp-content\/uploads\/2024\/07\/park_hotel_2018-0020-1024x370.jpg\" width=\"1024\" height=\"370\" srcset=\"https:\/\/parkhotel.hr\/wp-content\/uploads\/2024\/07\/park_hotel_2018-0020.jpg 1920w, https:\/\/parkhotel.hr\/wp-content\/uploads\/2024\/07\/park_hotel_2018-0020-300x108.jpg 300w, https:\/\/parkhotel.hr\/wp-content\/uploads\/2024\/07\/park_hotel_2018-0020-1024x370.jpg 1024w, https:\/\/parkhotel.hr\/wp-content\/uploads\/2024\/07\/park_hotel_2018-0020-768x277.jpg 768w, https:\/\/parkhotel.hr\/wp-content\/uploads\/2024\/07\/park_hotel_2018-0020-1536x554.jpg 1536w\" sizes=\"(max-width: 1920px) 100vw, 1920px\">\n          \n                  <\/figure>\n      <\/a>\n\n                \n      <a class=\"ee-gallery-item ee-gallery-item--image ee-gallery-item--single\" href=\"https:\/\/parkhotel.hr\/wp-content\/uploads\/2024\/07\/park_hotel_2018-0021.jpg\" data-sub-html=\"\" data-category=\"1\" data-lg-size=\"1800-1200\">\n        <figure class=\"ee-gallery-item-figure\">\n                        <img loading=\"lazy\" decoding=\"async\" class=\"breakdance-image-object\" src=\"https:\/\/parkhotel.hr\/wp-content\/uploads\/2024\/07\/park_hotel_2018-0021-1024x683.jpg\" width=\"1024\" height=\"683\" srcset=\"https:\/\/parkhotel.hr\/wp-content\/uploads\/2024\/07\/park_hotel_2018-0021.jpg 1800w, https:\/\/parkhotel.hr\/wp-content\/uploads\/2024\/07\/park_hotel_2018-0021-300x200.jpg 300w, https:\/\/parkhotel.hr\/wp-content\/uploads\/2024\/07\/park_hotel_2018-0021-1024x683.jpg 1024w, https:\/\/parkhotel.hr\/wp-content\/uploads\/2024\/07\/park_hotel_2018-0021-768x512.jpg 768w, https:\/\/parkhotel.hr\/wp-content\/uploads\/2024\/07\/park_hotel_2018-0021-1536x1024.jpg 1536w\" sizes=\"(max-width: 1800px) 100vw, 1800px\">\n          \n                  <\/figure>\n      <\/a>\n\n                \n      <a class=\"ee-gallery-item ee-gallery-item--image ee-gallery-item--single\" href=\"https:\/\/parkhotel.hr\/wp-content\/uploads\/2024\/07\/park_hotel_2018-0022.jpg\" data-sub-html=\"\" data-category=\"1\" data-lg-size=\"1920-816\">\n        <figure class=\"ee-gallery-item-figure\">\n                        <img loading=\"lazy\" decoding=\"async\" class=\"breakdance-image-object\" src=\"https:\/\/parkhotel.hr\/wp-content\/uploads\/2024\/07\/park_hotel_2018-0022-1024x435.jpg\" width=\"1024\" height=\"435\" srcset=\"https:\/\/parkhotel.hr\/wp-content\/uploads\/2024\/07\/park_hotel_2018-0022.jpg 1920w, https:\/\/parkhotel.hr\/wp-content\/uploads\/2024\/07\/park_hotel_2018-0022-300x128.jpg 300w, https:\/\/parkhotel.hr\/wp-content\/uploads\/2024\/07\/park_hotel_2018-0022-1024x435.jpg 1024w, https:\/\/parkhotel.hr\/wp-content\/uploads\/2024\/07\/park_hotel_2018-0022-768x326.jpg 768w, https:\/\/parkhotel.hr\/wp-content\/uploads\/2024\/07\/park_hotel_2018-0022-1536x653.jpg 1536w\" sizes=\"(max-width: 1920px) 100vw, 1920px\">\n          \n                  <\/figure>\n      <\/a>\n\n                \n      <a class=\"ee-gallery-item ee-gallery-item--image ee-gallery-item--single\" href=\"https:\/\/parkhotel.hr\/wp-content\/uploads\/2024\/07\/park_hotel_2018-0023.jpg\" data-sub-html=\"\" data-category=\"1\" data-lg-size=\"1800-1200\">\n        <figure class=\"ee-gallery-item-figure\">\n                        <img loading=\"lazy\" decoding=\"async\" class=\"breakdance-image-object\" src=\"https:\/\/parkhotel.hr\/wp-content\/uploads\/2024\/07\/park_hotel_2018-0023-1024x683.jpg\" width=\"1024\" height=\"683\" srcset=\"https:\/\/parkhotel.hr\/wp-content\/uploads\/2024\/07\/park_hotel_2018-0023.jpg 1800w, https:\/\/parkhotel.hr\/wp-content\/uploads\/2024\/07\/park_hotel_2018-0023-300x200.jpg 300w, https:\/\/parkhotel.hr\/wp-content\/uploads\/2024\/07\/park_hotel_2018-0023-1024x683.jpg 1024w, https:\/\/parkhotel.hr\/wp-content\/uploads\/2024\/07\/park_hotel_2018-0023-768x512.jpg 768w, https:\/\/parkhotel.hr\/wp-content\/uploads\/2024\/07\/park_hotel_2018-0023-1536x1024.jpg 1536w\" sizes=\"(max-width: 1800px) 100vw, 1800px\">\n          \n                  <\/figure>\n      <\/a>\n\n                \n      <a class=\"ee-gallery-item ee-gallery-item--image ee-gallery-item--single\" href=\"https:\/\/parkhotel.hr\/wp-content\/uploads\/2024\/07\/park_hotel_2018-0024.jpg\" data-sub-html=\"\" data-category=\"1\" data-lg-size=\"1800-1200\">\n        <figure class=\"ee-gallery-item-figure\">\n                        <img loading=\"lazy\" decoding=\"async\" class=\"breakdance-image-object\" src=\"https:\/\/parkhotel.hr\/wp-content\/uploads\/2024\/07\/park_hotel_2018-0024-1024x683.jpg\" width=\"1024\" height=\"683\" srcset=\"https:\/\/parkhotel.hr\/wp-content\/uploads\/2024\/07\/park_hotel_2018-0024.jpg 1800w, https:\/\/parkhotel.hr\/wp-content\/uploads\/2024\/07\/park_hotel_2018-0024-300x200.jpg 300w, https:\/\/parkhotel.hr\/wp-content\/uploads\/2024\/07\/park_hotel_2018-0024-1024x683.jpg 1024w, https:\/\/parkhotel.hr\/wp-content\/uploads\/2024\/07\/park_hotel_2018-0024-768x512.jpg 768w, https:\/\/parkhotel.hr\/wp-content\/uploads\/2024\/07\/park_hotel_2018-0024-1536x1024.jpg 1536w\" sizes=\"(max-width: 1800px) 100vw, 1800px\">\n          \n                  <\/figure>\n      <\/a>\n\n                \n      <a class=\"ee-gallery-item ee-gallery-item--image ee-gallery-item--single\" href=\"https:\/\/parkhotel.hr\/wp-content\/uploads\/2024\/07\/park_hotel_2018-0026.jpg\" data-sub-html=\"\" data-category=\"1\" data-lg-size=\"1800-1200\">\n        <figure class=\"ee-gallery-item-figure\">\n                        <img loading=\"lazy\" decoding=\"async\" class=\"breakdance-image-object\" src=\"https:\/\/parkhotel.hr\/wp-content\/uploads\/2024\/07\/park_hotel_2018-0026-1024x683.jpg\" width=\"1024\" height=\"683\" srcset=\"https:\/\/parkhotel.hr\/wp-content\/uploads\/2024\/07\/park_hotel_2018-0026.jpg 1800w, https:\/\/parkhotel.hr\/wp-content\/uploads\/2024\/07\/park_hotel_2018-0026-300x200.jpg 300w, https:\/\/parkhotel.hr\/wp-content\/uploads\/2024\/07\/park_hotel_2018-0026-1024x683.jpg 1024w, https:\/\/parkhotel.hr\/wp-content\/uploads\/2024\/07\/park_hotel_2018-0026-768x512.jpg 768w, https:\/\/parkhotel.hr\/wp-content\/uploads\/2024\/07\/park_hotel_2018-0026-1536x1024.jpg 1536w\" sizes=\"(max-width: 1800px) 100vw, 1800px\">\n          \n                  <\/figure>\n      <\/a>\n\n                \n      <a class=\"ee-gallery-item ee-gallery-item--image ee-gallery-item--single\" href=\"https:\/\/parkhotel.hr\/wp-content\/uploads\/2024\/07\/park_hotel_2018-0027.jpg\" data-sub-html=\"\" data-category=\"1\" data-lg-size=\"1800-1200\">\n        <figure class=\"ee-gallery-item-figure\">\n                        <img loading=\"lazy\" decoding=\"async\" class=\"breakdance-image-object\" src=\"https:\/\/parkhotel.hr\/wp-content\/uploads\/2024\/07\/park_hotel_2018-0027-1024x683.jpg\" width=\"1024\" height=\"683\" srcset=\"https:\/\/parkhotel.hr\/wp-content\/uploads\/2024\/07\/park_hotel_2018-0027.jpg 1800w, https:\/\/parkhotel.hr\/wp-content\/uploads\/2024\/07\/park_hotel_2018-0027-300x200.jpg 300w, https:\/\/parkhotel.hr\/wp-content\/uploads\/2024\/07\/park_hotel_2018-0027-1024x683.jpg 1024w, https:\/\/parkhotel.hr\/wp-content\/uploads\/2024\/07\/park_hotel_2018-0027-768x512.jpg 768w, https:\/\/parkhotel.hr\/wp-content\/uploads\/2024\/07\/park_hotel_2018-0027-1536x1024.jpg 1536w\" sizes=\"(max-width: 1800px) 100vw, 1800px\">\n          \n                  <\/figure>\n      <\/a>\n\n                \n      <a class=\"ee-gallery-item ee-gallery-item--image ee-gallery-item--single\" href=\"https:\/\/parkhotel.hr\/wp-content\/uploads\/2024\/07\/parkhotel_wellnes_0025.jpg\" data-sub-html=\"\" data-category=\"1\" data-lg-size=\"1800-1200\">\n        <figure class=\"ee-gallery-item-figure\">\n                        <img loading=\"lazy\" decoding=\"async\" class=\"breakdance-image-object\" src=\"https:\/\/parkhotel.hr\/wp-content\/uploads\/2024\/07\/parkhotel_wellnes_0025-1024x683.jpg\" width=\"1024\" height=\"683\" srcset=\"https:\/\/parkhotel.hr\/wp-content\/uploads\/2024\/07\/parkhotel_wellnes_0025.jpg 1800w, https:\/\/parkhotel.hr\/wp-content\/uploads\/2024\/07\/parkhotel_wellnes_0025-300x200.jpg 300w, https:\/\/parkhotel.hr\/wp-content\/uploads\/2024\/07\/parkhotel_wellnes_0025-1024x683.jpg 1024w, https:\/\/parkhotel.hr\/wp-content\/uploads\/2024\/07\/parkhotel_wellnes_0025-768x512.jpg 768w, https:\/\/parkhotel.hr\/wp-content\/uploads\/2024\/07\/parkhotel_wellnes_0025-1536x1024.jpg 1536w\" sizes=\"(max-width: 1800px) 100vw, 1800px\">\n          \n                  <\/figure>\n      <\/a>\n\n        \n  <\/div>\n\n\n\n<\/div>\n<\/div><\/div><\/div>\n<\/section>","protected":false},"excerpt":{"rendered":"<p>Ein gesunder K\u00f6rper, ein gesunder Geist scroll down Wellness &#038; Spa Im Hotel Park sind wir \u00fcberzeugt, dass Gesundheit der Schl\u00fcssel zum Erfolg ist, und ein gesunder Geist kann nicht ohne einen gesunden K\u00f6rper existieren. Aus diesem Grund haben wir besondere Aufmerksamkeit auf Dienstleistungen gelegt, die sowohl Ihr k\u00f6rperliches als auch geistiges Wohlbefinden f\u00f6rdern.Genie\u00dfen Sie [&hellip;]<\/p>\n","protected":false},"author":3,"featured_media":0,"parent":0,"menu_order":0,"comment_status":"closed","ping_status":"closed","template":"","meta":{"inline_featured_image":false,"_breakdance_hide_in_design_set":false,"_breakdance_tags":"","footnotes":""},"class_list":["post-2463","page","type-page","status-publish","hentry"],"_links":{"self":[{"href":"https:\/\/parkhotel.hr\/de\/wp-json\/wp\/v2\/pages\/2463"}],"collection":[{"href":"https:\/\/parkhotel.hr\/de\/wp-json\/wp\/v2\/pages"}],"about":[{"href":"https:\/\/parkhotel.hr\/de\/wp-json\/wp\/v2\/types\/page"}],"author":[{"embeddable":true,"href":"https:\/\/parkhotel.hr\/de\/wp-json\/wp\/v2\/users\/3"}],"replies":[{"embeddable":true,"href":"https:\/\/parkhotel.hr\/de\/wp-json\/wp\/v2\/comments?post=2463"}],"version-history":[{"count":6,"href":"https:\/\/parkhotel.hr\/de\/wp-json\/wp\/v2\/pages\/2463\/revisions"}],"predecessor-version":[{"id":2759,"href":"https:\/\/parkhotel.hr\/de\/wp-json\/wp\/v2\/pages\/2463\/revisions\/2759"}],"wp:attachment":[{"href":"https:\/\/parkhotel.hr\/de\/wp-json\/wp\/v2\/media?parent=2463"}],"curies":[{"name":"wp","href":"https:\/\/api.w.org\/{rel}","templated":true}]}}