{"id":2475,"date":"2024-08-19T13:08:06","date_gmt":"2024-08-19T11:08:06","guid":{"rendered":"https:\/\/parkhotel.hr\/kongresni-centar\/"},"modified":"2026-02-04T13:36:04","modified_gmt":"2026-02-04T12:36:04","slug":"kongresszentrum","status":"publish","type":"page","link":"https:\/\/parkhotel.hr\/de\/kongresszentrum\/","title":{"rendered":"Kongresszentrum"},"content":{"rendered":"<section class=\"bde-section-2475-100 bde-section\">\n              \n  \n\t\n\n  <div class=\"section-background-overlay\"><\/div>\n\n\n<div class=\"section-container\"><h1 class=\"bde-heading-2475-101 bde-heading\">\nKongresszentrum\n<\/h1><div class=\"bde-div-2475-102 bde-div\">\n  \n\t\n\n\n\n<div class=\"bde-text-2475-103 bde-text\">\nscroll down\n<\/div><div class=\"bde-image-2475-104 bde-image\">\n<figure class=\"breakdance-image breakdance-image--49\">\n\t<div class=\"breakdance-image-container\">\n\t\t<div class=\"breakdance-image-clip\"><img loading=\"lazy\" decoding=\"async\" class=\"breakdance-image-object\" src=\"https:\/\/breakdancelibrary.com\/hotel\/wp-content\/uploads\/sites\/34\/2023\/02\/arrow-down-black-white.png\" width=\"7\" height=\"61\" sizes=\"(max-width: 7px) 100vw, 7px\"><\/div>\n\t<\/div><\/figure>\n\n<\/div>\n<\/div><\/div>\n<\/section><section class=\"bde-section-2475-105 bde-section\">\n  \n\t\n\n\n\n<div class=\"section-container\"><h2 class=\"bde-heading-2475-106 bde-heading\">\nHotel Park Kongresszentrum \u2013 Entdecken Sie neue Standards im Bereich Gesch\u00e4fts- und Kongressdienstleistungen!\n<\/h2><div class=\"bde-text-2475-230 bde-text\">\nWir haben neue Standards in der Gesch\u00e4fts- und Kongressangeboten der kroatischen Hotellerie gesetzt. Das Kongresszentrum des Hotel Park in Makarska ist ein einzigartiger Ort f\u00fcr moderne Gesch\u00e4ftsevents und Kongressprogramme. Es kann ganz nach Ihren W\u00fcnschen und Bed\u00fcrfnissen angepasst werden, vom Layout des Saals bis hin zur modernsten technischen Ausstattung, die Ihnen in vollem Umfang zur Verf\u00fcgung steht. Um Ihnen die Planung zu erleichtern und die Auswahl gem\u00e4\u00df Ihren speziellen Anforderungen zu vereinfachen, haben wir verschiedene Konferenzarrangements entwickelt.<br>Schreiben Sie uns Ihr Vertrauen, \u00e4u\u00dfern Sie Ihre W\u00fcnsche und Vorschl\u00e4ge, und im Gegenzug bieten wir Ihnen eine tadellose Organisation und Dienstleistungen, wie sie bei den angesehensten Weltkongressen erwartet werden. Hotel Park \u2013 Ihre beste Wahl!<br><br>\n<\/div><div class=\"bde-columns-2475-107 bde-columns\"><div class=\"bde-column-2475-110 bde-column\">\n  \n\t\n\n\n\n<h2 class=\"bde-heading-2475-112 bde-heading\">\nAKM Kongressaal\n<\/h2><div class=\"bde-gallery-2475-246 bde-gallery\">\n\n\n\n\n\n\n\n\n\n\n\n\n\n<div class=\"ee-gallery ee-gallery--isotope ee-gallery--justified ee-gallery-- ee-gallery--lightbox ee-gallery-- ee-gallery--caption- ee-gallery--caption-none ee-gallery--ratio\">\n                  \n      <a class=\"ee-gallery-item ee-gallery-item--image ee-gallery-item--single\" href=\"https:\/\/parkhotel.hr\/wp-content\/uploads\/2024\/07\/Parkhotel_nova_kongresna017.jpg\"  data-sub-html=\"\" data-category=\"1\"                  data-lg-size=\"1800-1200\"\n\n      >\n        <figure class=\"ee-gallery-item-figure\">\n                        <img loading=\"lazy\" decoding=\"async\" class=\"breakdance-image-object\" src=\"https:\/\/parkhotel.hr\/wp-content\/uploads\/2024\/07\/Parkhotel_nova_kongresna017-1024x683.jpg\" width=\"1024\" height=\"683\" srcset=\"https:\/\/parkhotel.hr\/wp-content\/uploads\/2024\/07\/Parkhotel_nova_kongresna017.jpg 1800w, https:\/\/parkhotel.hr\/wp-content\/uploads\/2024\/07\/Parkhotel_nova_kongresna017-300x200.jpg 300w, https:\/\/parkhotel.hr\/wp-content\/uploads\/2024\/07\/Parkhotel_nova_kongresna017-1024x683.jpg 1024w, https:\/\/parkhotel.hr\/wp-content\/uploads\/2024\/07\/Parkhotel_nova_kongresna017-768x512.jpg 768w, https:\/\/parkhotel.hr\/wp-content\/uploads\/2024\/07\/Parkhotel_nova_kongresna017-1536x1024.jpg 1536w\" sizes=\"(max-width: 1800px) 100vw, 1800px\">\n          \n                  <\/figure>\n      <\/a>\n\n                \n      <a class=\"ee-gallery-item ee-gallery-item--image ee-gallery-item--single\" href=\"https:\/\/parkhotel.hr\/wp-content\/uploads\/2024\/07\/Parkhotel_nova_kongresna018.jpg\"  data-sub-html=\"\" data-category=\"1\"                  data-lg-size=\"1800-1200\"\n\n      >\n        <figure class=\"ee-gallery-item-figure\">\n                        <img loading=\"lazy\" decoding=\"async\" class=\"breakdance-image-object\" src=\"https:\/\/parkhotel.hr\/wp-content\/uploads\/2024\/07\/Parkhotel_nova_kongresna018-1024x683.jpg\" width=\"1024\" height=\"683\" srcset=\"https:\/\/parkhotel.hr\/wp-content\/uploads\/2024\/07\/Parkhotel_nova_kongresna018.jpg 1800w, https:\/\/parkhotel.hr\/wp-content\/uploads\/2024\/07\/Parkhotel_nova_kongresna018-300x200.jpg 300w, https:\/\/parkhotel.hr\/wp-content\/uploads\/2024\/07\/Parkhotel_nova_kongresna018-1024x683.jpg 1024w, https:\/\/parkhotel.hr\/wp-content\/uploads\/2024\/07\/Parkhotel_nova_kongresna018-768x512.jpg 768w, https:\/\/parkhotel.hr\/wp-content\/uploads\/2024\/07\/Parkhotel_nova_kongresna018-1536x1024.jpg 1536w\" sizes=\"(max-width: 1800px) 100vw, 1800px\">\n          \n                  <\/figure>\n      <\/a>\n\n                \n      <a class=\"ee-gallery-item ee-gallery-item--image ee-gallery-item--single\" href=\"https:\/\/parkhotel.hr\/wp-content\/uploads\/2024\/07\/Parkhotel_nova_kongresna014.jpg\"  data-sub-html=\"\" data-category=\"1\"                  data-lg-size=\"1800-1200\"\n\n      >\n        <figure class=\"ee-gallery-item-figure\">\n                        <img loading=\"lazy\" decoding=\"async\" class=\"breakdance-image-object\" src=\"https:\/\/parkhotel.hr\/wp-content\/uploads\/2024\/07\/Parkhotel_nova_kongresna014-1024x683.jpg\" width=\"1024\" height=\"683\" srcset=\"https:\/\/parkhotel.hr\/wp-content\/uploads\/2024\/07\/Parkhotel_nova_kongresna014.jpg 1800w, https:\/\/parkhotel.hr\/wp-content\/uploads\/2024\/07\/Parkhotel_nova_kongresna014-300x200.jpg 300w, https:\/\/parkhotel.hr\/wp-content\/uploads\/2024\/07\/Parkhotel_nova_kongresna014-1024x683.jpg 1024w, https:\/\/parkhotel.hr\/wp-content\/uploads\/2024\/07\/Parkhotel_nova_kongresna014-768x512.jpg 768w, https:\/\/parkhotel.hr\/wp-content\/uploads\/2024\/07\/Parkhotel_nova_kongresna014-1536x1024.jpg 1536w\" sizes=\"(max-width: 1800px) 100vw, 1800px\">\n          \n                  <\/figure>\n      <\/a>\n\n                \n      <a class=\"ee-gallery-item ee-gallery-item--image ee-gallery-item--single\" href=\"https:\/\/parkhotel.hr\/wp-content\/uploads\/2024\/07\/Parkhotel_nova_kongresna015.jpg\"  data-sub-html=\"\" data-category=\"1\"                  data-lg-size=\"1920-761\"\n\n      >\n        <figure class=\"ee-gallery-item-figure\">\n                        <img loading=\"lazy\" decoding=\"async\" class=\"breakdance-image-object\" src=\"https:\/\/parkhotel.hr\/wp-content\/uploads\/2024\/07\/Parkhotel_nova_kongresna015-1024x406.jpg\" width=\"1024\" height=\"406\" srcset=\"https:\/\/parkhotel.hr\/wp-content\/uploads\/2024\/07\/Parkhotel_nova_kongresna015.jpg 1920w, https:\/\/parkhotel.hr\/wp-content\/uploads\/2024\/07\/Parkhotel_nova_kongresna015-300x119.jpg 300w, https:\/\/parkhotel.hr\/wp-content\/uploads\/2024\/07\/Parkhotel_nova_kongresna015-1024x406.jpg 1024w, https:\/\/parkhotel.hr\/wp-content\/uploads\/2024\/07\/Parkhotel_nova_kongresna015-768x304.jpg 768w, https:\/\/parkhotel.hr\/wp-content\/uploads\/2024\/07\/Parkhotel_nova_kongresna015-1536x609.jpg 1536w\" sizes=\"(max-width: 1920px) 100vw, 1920px\">\n          \n                  <\/figure>\n      <\/a>\n\n                \n      <a class=\"ee-gallery-item ee-gallery-item--image ee-gallery-item--single\" href=\"https:\/\/parkhotel.hr\/wp-content\/uploads\/2024\/07\/Parkhotel_nova_kongresna016.jpg\"  data-sub-html=\"\" data-category=\"1\"                  data-lg-size=\"1800-1200\"\n\n      >\n        <figure class=\"ee-gallery-item-figure\">\n                        <img loading=\"lazy\" decoding=\"async\" class=\"breakdance-image-object\" src=\"https:\/\/parkhotel.hr\/wp-content\/uploads\/2024\/07\/Parkhotel_nova_kongresna016-1024x683.jpg\" width=\"1024\" height=\"683\" srcset=\"https:\/\/parkhotel.hr\/wp-content\/uploads\/2024\/07\/Parkhotel_nova_kongresna016.jpg 1800w, https:\/\/parkhotel.hr\/wp-content\/uploads\/2024\/07\/Parkhotel_nova_kongresna016-300x200.jpg 300w, https:\/\/parkhotel.hr\/wp-content\/uploads\/2024\/07\/Parkhotel_nova_kongresna016-1024x683.jpg 1024w, https:\/\/parkhotel.hr\/wp-content\/uploads\/2024\/07\/Parkhotel_nova_kongresna016-768x512.jpg 768w, https:\/\/parkhotel.hr\/wp-content\/uploads\/2024\/07\/Parkhotel_nova_kongresna016-1536x1024.jpg 1536w\" sizes=\"(max-width: 1800px) 100vw, 1800px\">\n          \n                  <\/figure>\n      <\/a>\n\n                \n      <a class=\"ee-gallery-item ee-gallery-item--image ee-gallery-item--single\" href=\"https:\/\/parkhotel.hr\/wp-content\/uploads\/2024\/07\/Parkhotel_nova_kongresna012.jpg\"  data-sub-html=\"\" data-category=\"1\"                  data-lg-size=\"1800-1200\"\n\n      >\n        <figure class=\"ee-gallery-item-figure\">\n                        <img loading=\"lazy\" decoding=\"async\" class=\"breakdance-image-object\" src=\"https:\/\/parkhotel.hr\/wp-content\/uploads\/2024\/07\/Parkhotel_nova_kongresna012-1024x683.jpg\" width=\"1024\" height=\"683\" srcset=\"https:\/\/parkhotel.hr\/wp-content\/uploads\/2024\/07\/Parkhotel_nova_kongresna012.jpg 1800w, https:\/\/parkhotel.hr\/wp-content\/uploads\/2024\/07\/Parkhotel_nova_kongresna012-300x200.jpg 300w, https:\/\/parkhotel.hr\/wp-content\/uploads\/2024\/07\/Parkhotel_nova_kongresna012-1024x683.jpg 1024w, https:\/\/parkhotel.hr\/wp-content\/uploads\/2024\/07\/Parkhotel_nova_kongresna012-768x512.jpg 768w, https:\/\/parkhotel.hr\/wp-content\/uploads\/2024\/07\/Parkhotel_nova_kongresna012-1536x1024.jpg 1536w\" sizes=\"(max-width: 1800px) 100vw, 1800px\">\n          \n                  <\/figure>\n      <\/a>\n\n                \n      <a class=\"ee-gallery-item ee-gallery-item--image ee-gallery-item--single\" href=\"https:\/\/parkhotel.hr\/wp-content\/uploads\/2024\/07\/Parkhotel_nova_kongresna013.jpg\"  data-sub-html=\"\" data-category=\"1\"                  data-lg-size=\"1920-764\"\n\n      >\n        <figure class=\"ee-gallery-item-figure\">\n                        <img loading=\"lazy\" decoding=\"async\" class=\"breakdance-image-object\" src=\"https:\/\/parkhotel.hr\/wp-content\/uploads\/2024\/07\/Parkhotel_nova_kongresna013-1024x407.jpg\" width=\"1024\" height=\"407\" srcset=\"https:\/\/parkhotel.hr\/wp-content\/uploads\/2024\/07\/Parkhotel_nova_kongresna013.jpg 1920w, https:\/\/parkhotel.hr\/wp-content\/uploads\/2024\/07\/Parkhotel_nova_kongresna013-300x119.jpg 300w, https:\/\/parkhotel.hr\/wp-content\/uploads\/2024\/07\/Parkhotel_nova_kongresna013-1024x407.jpg 1024w, https:\/\/parkhotel.hr\/wp-content\/uploads\/2024\/07\/Parkhotel_nova_kongresna013-768x306.jpg 768w, https:\/\/parkhotel.hr\/wp-content\/uploads\/2024\/07\/Parkhotel_nova_kongresna013-1536x611.jpg 1536w\" sizes=\"(max-width: 1920px) 100vw, 1920px\">\n          \n                  <\/figure>\n      <\/a>\n\n                \n      <a class=\"ee-gallery-item ee-gallery-item--image ee-gallery-item--single\" href=\"https:\/\/parkhotel.hr\/wp-content\/uploads\/2024\/07\/Parkhotel_nova_kongresna011.jpg\"  data-sub-html=\"\" data-category=\"1\"                  data-lg-size=\"1920-828\"\n\n      >\n        <figure class=\"ee-gallery-item-figure\">\n                        <img loading=\"lazy\" decoding=\"async\" class=\"breakdance-image-object\" src=\"https:\/\/parkhotel.hr\/wp-content\/uploads\/2024\/07\/Parkhotel_nova_kongresna011-1024x442.jpg\" width=\"1024\" height=\"442\" srcset=\"https:\/\/parkhotel.hr\/wp-content\/uploads\/2024\/07\/Parkhotel_nova_kongresna011.jpg 1920w, https:\/\/parkhotel.hr\/wp-content\/uploads\/2024\/07\/Parkhotel_nova_kongresna011-300x129.jpg 300w, https:\/\/parkhotel.hr\/wp-content\/uploads\/2024\/07\/Parkhotel_nova_kongresna011-1024x442.jpg 1024w, https:\/\/parkhotel.hr\/wp-content\/uploads\/2024\/07\/Parkhotel_nova_kongresna011-768x331.jpg 768w, https:\/\/parkhotel.hr\/wp-content\/uploads\/2024\/07\/Parkhotel_nova_kongresna011-1536x662.jpg 1536w\" sizes=\"(max-width: 1920px) 100vw, 1920px\">\n          \n                  <\/figure>\n      <\/a>\n\n                \n      <a class=\"ee-gallery-item ee-gallery-item--image ee-gallery-item--single\" href=\"https:\/\/parkhotel.hr\/wp-content\/uploads\/2024\/07\/Parkhotel_nova_kongresna010.jpg\"  data-sub-html=\"\" data-category=\"1\"                  data-lg-size=\"1920-764\"\n\n      >\n        <figure class=\"ee-gallery-item-figure\">\n                        <img loading=\"lazy\" decoding=\"async\" class=\"breakdance-image-object\" src=\"https:\/\/parkhotel.hr\/wp-content\/uploads\/2024\/07\/Parkhotel_nova_kongresna010-1024x407.jpg\" width=\"1024\" height=\"407\" srcset=\"https:\/\/parkhotel.hr\/wp-content\/uploads\/2024\/07\/Parkhotel_nova_kongresna010.jpg 1920w, https:\/\/parkhotel.hr\/wp-content\/uploads\/2024\/07\/Parkhotel_nova_kongresna010-300x119.jpg 300w, https:\/\/parkhotel.hr\/wp-content\/uploads\/2024\/07\/Parkhotel_nova_kongresna010-1024x407.jpg 1024w, https:\/\/parkhotel.hr\/wp-content\/uploads\/2024\/07\/Parkhotel_nova_kongresna010-768x306.jpg 768w, https:\/\/parkhotel.hr\/wp-content\/uploads\/2024\/07\/Parkhotel_nova_kongresna010-1536x611.jpg 1536w\" sizes=\"(max-width: 1920px) 100vw, 1920px\">\n          \n                  <\/figure>\n      <\/a>\n\n        \n      <div class=\"ee-gallery-gutter\"><\/div>\n  <\/div>\n\n\n\n<\/div>\n<\/div><\/div><div class=\"bde-columns-2475-237 bde-columns\"><div class=\"bde-column-2475-238 bde-column\">\n  \n\t\n\n\n\n<h2 class=\"bde-heading-2475-241 bde-heading\">\nPH Kongressaal\n<\/h2>\n<\/div><\/div><div class=\"bde-gallery-2475-247 bde-gallery\">\n\n\n\n\n\n\n\n\n\n\n\n\n\n<div class=\"ee-gallery ee-gallery--isotope ee-gallery--justified ee-gallery--single ee-gallery--lightbox ee-gallery-- ee-gallery--caption- ee-gallery--caption-none ee-gallery--ratio\">\n                  \n      <a class=\"ee-gallery-item ee-gallery-item--image ee-gallery-item--single\" href=\"https:\/\/parkhotel.hr\/wp-content\/uploads\/2024\/07\/park_0107.jpg\"  data-sub-html=\"\" data-category=\"1\"                  data-lg-size=\"1800-1200\"\n\n      >\n        <figure class=\"ee-gallery-item-figure\">\n                        <img loading=\"lazy\" decoding=\"async\" class=\"breakdance-image-object\" src=\"https:\/\/parkhotel.hr\/wp-content\/uploads\/2024\/07\/park_0107-1024x683.jpg\" width=\"1024\" height=\"683\" srcset=\"https:\/\/parkhotel.hr\/wp-content\/uploads\/2024\/07\/park_0107.jpg 1800w, https:\/\/parkhotel.hr\/wp-content\/uploads\/2024\/07\/park_0107-300x200.jpg 300w, https:\/\/parkhotel.hr\/wp-content\/uploads\/2024\/07\/park_0107-1024x683.jpg 1024w, https:\/\/parkhotel.hr\/wp-content\/uploads\/2024\/07\/park_0107-768x512.jpg 768w, https:\/\/parkhotel.hr\/wp-content\/uploads\/2024\/07\/park_0107-1536x1024.jpg 1536w\" sizes=\"(max-width: 1800px) 100vw, 1800px\">\n          \n                  <\/figure>\n      <\/a>\n\n                \n      <a class=\"ee-gallery-item ee-gallery-item--image ee-gallery-item--single\" href=\"https:\/\/parkhotel.hr\/wp-content\/uploads\/2024\/07\/park_0106.jpg\"  data-sub-html=\"\" data-category=\"1\"                  data-lg-size=\"1800-1200\"\n\n      >\n        <figure class=\"ee-gallery-item-figure\">\n                        <img loading=\"lazy\" decoding=\"async\" class=\"breakdance-image-object\" src=\"https:\/\/parkhotel.hr\/wp-content\/uploads\/2024\/07\/park_0106-1024x683.jpg\" width=\"1024\" height=\"683\" srcset=\"https:\/\/parkhotel.hr\/wp-content\/uploads\/2024\/07\/park_0106.jpg 1800w, https:\/\/parkhotel.hr\/wp-content\/uploads\/2024\/07\/park_0106-300x200.jpg 300w, https:\/\/parkhotel.hr\/wp-content\/uploads\/2024\/07\/park_0106-1024x683.jpg 1024w, https:\/\/parkhotel.hr\/wp-content\/uploads\/2024\/07\/park_0106-768x512.jpg 768w, https:\/\/parkhotel.hr\/wp-content\/uploads\/2024\/07\/park_0106-1536x1024.jpg 1536w\" sizes=\"(max-width: 1800px) 100vw, 1800px\">\n          \n                  <\/figure>\n      <\/a>\n\n                \n      <a class=\"ee-gallery-item ee-gallery-item--image ee-gallery-item--single\" href=\"https:\/\/parkhotel.hr\/wp-content\/uploads\/2024\/07\/park_0105.jpg\"  data-sub-html=\"\" data-category=\"1\"                  data-lg-size=\"1800-1200\"\n\n      >\n        <figure class=\"ee-gallery-item-figure\">\n                        <img loading=\"lazy\" decoding=\"async\" class=\"breakdance-image-object\" src=\"https:\/\/parkhotel.hr\/wp-content\/uploads\/2024\/07\/park_0105-1024x683.jpg\" width=\"1024\" height=\"683\" srcset=\"https:\/\/parkhotel.hr\/wp-content\/uploads\/2024\/07\/park_0105.jpg 1800w, https:\/\/parkhotel.hr\/wp-content\/uploads\/2024\/07\/park_0105-300x200.jpg 300w, https:\/\/parkhotel.hr\/wp-content\/uploads\/2024\/07\/park_0105-1024x683.jpg 1024w, https:\/\/parkhotel.hr\/wp-content\/uploads\/2024\/07\/park_0105-768x512.jpg 768w, https:\/\/parkhotel.hr\/wp-content\/uploads\/2024\/07\/park_0105-1536x1024.jpg 1536w\" sizes=\"(max-width: 1800px) 100vw, 1800px\">\n          \n                  <\/figure>\n      <\/a>\n\n                \n      <a class=\"ee-gallery-item ee-gallery-item--image ee-gallery-item--single\" href=\"https:\/\/parkhotel.hr\/wp-content\/uploads\/2024\/07\/park_0104.jpg\"  data-sub-html=\"\" data-category=\"1\"                  data-lg-size=\"1800-1200\"\n\n      >\n        <figure class=\"ee-gallery-item-figure\">\n                        <img loading=\"lazy\" decoding=\"async\" class=\"breakdance-image-object\" src=\"https:\/\/parkhotel.hr\/wp-content\/uploads\/2024\/07\/park_0104-1024x683.jpg\" width=\"1024\" height=\"683\" srcset=\"https:\/\/parkhotel.hr\/wp-content\/uploads\/2024\/07\/park_0104.jpg 1800w, https:\/\/parkhotel.hr\/wp-content\/uploads\/2024\/07\/park_0104-300x200.jpg 300w, https:\/\/parkhotel.hr\/wp-content\/uploads\/2024\/07\/park_0104-1024x683.jpg 1024w, https:\/\/parkhotel.hr\/wp-content\/uploads\/2024\/07\/park_0104-768x512.jpg 768w, https:\/\/parkhotel.hr\/wp-content\/uploads\/2024\/07\/park_0104-1536x1024.jpg 1536w\" sizes=\"(max-width: 1800px) 100vw, 1800px\">\n          \n                  <\/figure>\n      <\/a>\n\n                \n      <a class=\"ee-gallery-item ee-gallery-item--image ee-gallery-item--single\" href=\"https:\/\/parkhotel.hr\/wp-content\/uploads\/2024\/07\/park_0097.jpg\"  data-sub-html=\"\" data-category=\"1\"                  data-lg-size=\"1800-1200\"\n\n      >\n        <figure class=\"ee-gallery-item-figure\">\n                        <img loading=\"lazy\" decoding=\"async\" class=\"breakdance-image-object\" src=\"https:\/\/parkhotel.hr\/wp-content\/uploads\/2024\/07\/park_0097-1024x683.jpg\" width=\"1024\" height=\"683\" srcset=\"https:\/\/parkhotel.hr\/wp-content\/uploads\/2024\/07\/park_0097.jpg 1800w, https:\/\/parkhotel.hr\/wp-content\/uploads\/2024\/07\/park_0097-300x200.jpg 300w, https:\/\/parkhotel.hr\/wp-content\/uploads\/2024\/07\/park_0097-1024x683.jpg 1024w, https:\/\/parkhotel.hr\/wp-content\/uploads\/2024\/07\/park_0097-768x512.jpg 768w, https:\/\/parkhotel.hr\/wp-content\/uploads\/2024\/07\/park_0097-1536x1024.jpg 1536w\" sizes=\"(max-width: 1800px) 100vw, 1800px\">\n          \n                  <\/figure>\n      <\/a>\n\n                \n      <a class=\"ee-gallery-item ee-gallery-item--image ee-gallery-item--single\" href=\"https:\/\/parkhotel.hr\/wp-content\/uploads\/2024\/07\/hotel-park-kongres_0004-1.jpg\"  data-sub-html=\"\" data-category=\"1\"                  data-lg-size=\"1800-1200\"\n\n      >\n        <figure class=\"ee-gallery-item-figure\">\n                        <img loading=\"lazy\" decoding=\"async\" class=\"breakdance-image-object\" src=\"https:\/\/parkhotel.hr\/wp-content\/uploads\/2024\/07\/hotel-park-kongres_0004-1-1024x683.jpg\" width=\"1024\" height=\"683\" srcset=\"https:\/\/parkhotel.hr\/wp-content\/uploads\/2024\/07\/hotel-park-kongres_0004-1.jpg 1800w, https:\/\/parkhotel.hr\/wp-content\/uploads\/2024\/07\/hotel-park-kongres_0004-1-300x200.jpg 300w, https:\/\/parkhotel.hr\/wp-content\/uploads\/2024\/07\/hotel-park-kongres_0004-1-1024x683.jpg 1024w, https:\/\/parkhotel.hr\/wp-content\/uploads\/2024\/07\/hotel-park-kongres_0004-1-768x512.jpg 768w, https:\/\/parkhotel.hr\/wp-content\/uploads\/2024\/07\/hotel-park-kongres_0004-1-1536x1024.jpg 1536w\" sizes=\"(max-width: 1800px) 100vw, 1800px\">\n          \n                  <\/figure>\n      <\/a>\n\n                \n      <a class=\"ee-gallery-item ee-gallery-item--image ee-gallery-item--single\" href=\"https:\/\/parkhotel.hr\/wp-content\/uploads\/2024\/07\/hotel_park_dvorana2_kresimir_zanetic_4.jpg\"  data-sub-html=\"\" data-category=\"1\"                  data-lg-size=\"1600-900\"\n\n      >\n        <figure class=\"ee-gallery-item-figure\">\n                        <img loading=\"lazy\" decoding=\"async\" class=\"breakdance-image-object\" src=\"https:\/\/parkhotel.hr\/wp-content\/uploads\/2024\/07\/hotel_park_dvorana2_kresimir_zanetic_4-1024x576.jpg\" width=\"1024\" height=\"576\" srcset=\"https:\/\/parkhotel.hr\/wp-content\/uploads\/2024\/07\/hotel_park_dvorana2_kresimir_zanetic_4.jpg 1600w, https:\/\/parkhotel.hr\/wp-content\/uploads\/2024\/07\/hotel_park_dvorana2_kresimir_zanetic_4-300x169.jpg 300w, https:\/\/parkhotel.hr\/wp-content\/uploads\/2024\/07\/hotel_park_dvorana2_kresimir_zanetic_4-1024x576.jpg 1024w, https:\/\/parkhotel.hr\/wp-content\/uploads\/2024\/07\/hotel_park_dvorana2_kresimir_zanetic_4-768x432.jpg 768w, https:\/\/parkhotel.hr\/wp-content\/uploads\/2024\/07\/hotel_park_dvorana2_kresimir_zanetic_4-1536x864.jpg 1536w\" sizes=\"(max-width: 1600px) 100vw, 1600px\">\n          \n                  <\/figure>\n      <\/a>\n\n                \n      <a class=\"ee-gallery-item ee-gallery-item--image ee-gallery-item--single\" href=\"https:\/\/parkhotel.hr\/wp-content\/uploads\/2024\/07\/hotel_park_dvorana2_kresimir_zanetic_3.jpg\"  data-sub-html=\"\" data-category=\"1\"                  data-lg-size=\"1600-900\"\n\n      >\n        <figure class=\"ee-gallery-item-figure\">\n                        <img loading=\"lazy\" decoding=\"async\" class=\"breakdance-image-object\" src=\"https:\/\/parkhotel.hr\/wp-content\/uploads\/2024\/07\/hotel_park_dvorana2_kresimir_zanetic_3-1024x576.jpg\" width=\"1024\" height=\"576\" srcset=\"https:\/\/parkhotel.hr\/wp-content\/uploads\/2024\/07\/hotel_park_dvorana2_kresimir_zanetic_3.jpg 1600w, https:\/\/parkhotel.hr\/wp-content\/uploads\/2024\/07\/hotel_park_dvorana2_kresimir_zanetic_3-300x169.jpg 300w, https:\/\/parkhotel.hr\/wp-content\/uploads\/2024\/07\/hotel_park_dvorana2_kresimir_zanetic_3-1024x576.jpg 1024w, https:\/\/parkhotel.hr\/wp-content\/uploads\/2024\/07\/hotel_park_dvorana2_kresimir_zanetic_3-768x432.jpg 768w, https:\/\/parkhotel.hr\/wp-content\/uploads\/2024\/07\/hotel_park_dvorana2_kresimir_zanetic_3-1536x864.jpg 1536w\" sizes=\"(max-width: 1600px) 100vw, 1600px\">\n          \n                  <\/figure>\n      <\/a>\n\n                \n      <a class=\"ee-gallery-item ee-gallery-item--image ee-gallery-item--single\" href=\"https:\/\/parkhotel.hr\/wp-content\/uploads\/2024\/07\/hotel_park_dvorana2_kresimir_zanetic_2.jpg\"  data-sub-html=\"\" data-category=\"1\"                  data-lg-size=\"1600-900\"\n\n      >\n        <figure class=\"ee-gallery-item-figure\">\n                        <img loading=\"lazy\" decoding=\"async\" class=\"breakdance-image-object\" src=\"https:\/\/parkhotel.hr\/wp-content\/uploads\/2024\/07\/hotel_park_dvorana2_kresimir_zanetic_2-1024x576.jpg\" width=\"1024\" height=\"576\" srcset=\"https:\/\/parkhotel.hr\/wp-content\/uploads\/2024\/07\/hotel_park_dvorana2_kresimir_zanetic_2.jpg 1600w, https:\/\/parkhotel.hr\/wp-content\/uploads\/2024\/07\/hotel_park_dvorana2_kresimir_zanetic_2-300x169.jpg 300w, https:\/\/parkhotel.hr\/wp-content\/uploads\/2024\/07\/hotel_park_dvorana2_kresimir_zanetic_2-1024x576.jpg 1024w, https:\/\/parkhotel.hr\/wp-content\/uploads\/2024\/07\/hotel_park_dvorana2_kresimir_zanetic_2-768x432.jpg 768w, https:\/\/parkhotel.hr\/wp-content\/uploads\/2024\/07\/hotel_park_dvorana2_kresimir_zanetic_2-1536x864.jpg 1536w\" sizes=\"(max-width: 1600px) 100vw, 1600px\">\n          \n                  <\/figure>\n      <\/a>\n\n                \n      <a class=\"ee-gallery-item ee-gallery-item--image ee-gallery-item--single\" href=\"https:\/\/parkhotel.hr\/wp-content\/uploads\/2024\/07\/hotel-park-kongres_0004.jpg\"  data-sub-html=\"\" data-category=\"1\"                  data-lg-size=\"1800-1200\"\n\n      >\n        <figure class=\"ee-gallery-item-figure\">\n                        <img loading=\"lazy\" decoding=\"async\" class=\"breakdance-image-object\" src=\"https:\/\/parkhotel.hr\/wp-content\/uploads\/2024\/07\/hotel-park-kongres_0004-1024x683.jpg\" width=\"1024\" height=\"683\" srcset=\"https:\/\/parkhotel.hr\/wp-content\/uploads\/2024\/07\/hotel-park-kongres_0004.jpg 1800w, https:\/\/parkhotel.hr\/wp-content\/uploads\/2024\/07\/hotel-park-kongres_0004-300x200.jpg 300w, https:\/\/parkhotel.hr\/wp-content\/uploads\/2024\/07\/hotel-park-kongres_0004-1024x683.jpg 1024w, https:\/\/parkhotel.hr\/wp-content\/uploads\/2024\/07\/hotel-park-kongres_0004-768x512.jpg 768w, https:\/\/parkhotel.hr\/wp-content\/uploads\/2024\/07\/hotel-park-kongres_0004-1536x1024.jpg 1536w\" sizes=\"(max-width: 1800px) 100vw, 1800px\">\n          \n                  <\/figure>\n      <\/a>\n\n        \n      <div class=\"ee-gallery-gutter\"><\/div>\n  <\/div>\n\n\n\n<\/div><\/div>\n<\/section>","protected":false},"excerpt":{"rendered":"<p>Kongresszentrum scroll down Hotel Park Kongresszentrum \u2013 Entdecken Sie neue Standards im Bereich Gesch\u00e4fts- und Kongressdienstleistungen! Wir haben neue Standards in der Gesch\u00e4fts- und Kongressangeboten der kroatischen Hotellerie gesetzt. Das Kongresszentrum des Hotel Park in Makarska ist ein einzigartiger Ort f\u00fcr moderne Gesch\u00e4ftsevents und Kongressprogramme. Es kann ganz nach Ihren W\u00fcnschen und Bed\u00fcrfnissen angepasst werden, [&hellip;]<\/p>\n","protected":false},"author":3,"featured_media":0,"parent":0,"menu_order":0,"comment_status":"closed","ping_status":"closed","template":"","meta":{"inline_featured_image":false,"_breakdance_hide_in_design_set":false,"_breakdance_tags":"","footnotes":""},"class_list":["post-2475","page","type-page","status-publish","hentry"],"_links":{"self":[{"href":"https:\/\/parkhotel.hr\/de\/wp-json\/wp\/v2\/pages\/2475"}],"collection":[{"href":"https:\/\/parkhotel.hr\/de\/wp-json\/wp\/v2\/pages"}],"about":[{"href":"https:\/\/parkhotel.hr\/de\/wp-json\/wp\/v2\/types\/page"}],"author":[{"embeddable":true,"href":"https:\/\/parkhotel.hr\/de\/wp-json\/wp\/v2\/users\/3"}],"replies":[{"embeddable":true,"href":"https:\/\/parkhotel.hr\/de\/wp-json\/wp\/v2\/comments?post=2475"}],"version-history":[{"count":3,"href":"https:\/\/parkhotel.hr\/de\/wp-json\/wp\/v2\/pages\/2475\/revisions"}],"predecessor-version":[{"id":2620,"href":"https:\/\/parkhotel.hr\/de\/wp-json\/wp\/v2\/pages\/2475\/revisions\/2620"}],"wp:attachment":[{"href":"https:\/\/parkhotel.hr\/de\/wp-json\/wp\/v2\/media?parent=2475"}],"curies":[{"name":"wp","href":"https:\/\/api.w.org\/{rel}","templated":true}]}}