{"id":2491,"date":"2024-07-25T08:45:21","date_gmt":"2024-07-25T08:45:21","guid":{"rendered":"https:\/\/parkhotel.hr\/kontakt\/"},"modified":"2026-02-04T13:36:05","modified_gmt":"2026-02-04T12:36:05","slug":"kontakt","status":"publish","type":"page","link":"https:\/\/parkhotel.hr\/de\/kontakt\/","title":{"rendered":"Kontakt"},"content":{"rendered":"<section class=\"bde-section-2491-100 bde-section\">\n              \n  \n\t\n\n  <div class=\"section-background-overlay\"><\/div>\n\n\n<div class=\"section-container\"><h1 class=\"bde-heading-2491-101 bde-heading\">\nKontakt\n<\/h1><div class=\"bde-div-2491-102 bde-div\">\n  \n\t\n\n\n\n<div class=\"bde-text-2491-103 bde-text\">\nscroll down\n<\/div><div class=\"bde-image-2491-104 bde-image\">\n<figure class=\"breakdance-image breakdance-image--49\">\n\t<div class=\"breakdance-image-container\">\n\t\t<div class=\"breakdance-image-clip\"><img loading=\"lazy\" decoding=\"async\" class=\"breakdance-image-object\" src=\"https:\/\/breakdancelibrary.com\/hotel\/wp-content\/uploads\/sites\/34\/2023\/02\/arrow-down-black-white.png\" width=\"7\" height=\"61\" sizes=\"(max-width: 7px) 100vw, 7px\"><\/div>\n\t<\/div><\/figure>\n\n<\/div>\n<\/div><\/div>\n<\/section><section class=\"bde-section-2491-105 bde-section\">\n  \n\t\n\n\n\n<div class=\"section-container\"><h2 class=\"bde-heading-2491-106 bde-heading\">\nM\u00f6chten Sie ein Zimmer buchen?<br>Kontaktieren Sie uns noch heute f\u00fcr die besten Zimmer!\n<\/h2><div class=\"bde-columns-2491-126 bde-columns\"><div class=\"bde-column-2491-127 bde-column\">\n  \n\t\n\n\n\n<h3 class=\"bde-heading-2491-133 bde-heading\">\nRezeption und Informationen\n<\/h3><div class=\"bde-icon-list-2491-140 bde-icon-list\">\n<ul>\n  \n              \n    <li>\n                      \n            \n            \n\n    \n    \n    \n    \n    \n    <a class=\"breakdance-link bde-icon-list__item-wrapper\" href=\"tel:+38521608200\" target=\"_self\" data-type=\"url\"  >\n\n      \n      <span class='bde-icon-list__icon'>\n        <svg xmlns=\"http:\/\/www.w3.org\/2000\/svg\" id=\"icon-phone\" viewBox=\"0 0 32 32\">\n<path d=\"M22 20c-2 2-2 4-4 4s-4-2-6-4-4-4-4-6 2-2 4-4-4-8-6-8-6 6-6 6c0 4 4.109 12.109 8 16s12 8 16 8c0 0 6-4 6-6s-6-8-8-6z\"\/>\n<\/svg>\n      <\/span>\n      <span class='bde-icon-list__text' >\n      +385 21 608 200\n      <\/span>\n                  <\/a>\n\n      \n    <\/li>\n\n  \n              \n    <li>\n                      \n            \n            \n\n    \n    \n    \n    \n    \n    <a class=\"breakdance-link bde-icon-list__item-wrapper\" href=\"tel:+385993133101\" target=\"_self\" data-type=\"url\"  >\n\n      \n      <span class='bde-icon-list__icon'>\n        <svg xmlns=\"http:\/\/www.w3.org\/2000\/svg\" id=\"icon-mobile\" viewBox=\"0 0 32 32\">\n<path d=\"M23 0h-14c-1.65 0-3 1.35-3 3v26c0 1.65 1.35 3 3 3h14c1.65 0 3-1.35 3-3v-26c0-1.65-1.35-3-3-3zM12 1.5h8v1h-8v-1zM16 30c-1.105 0-2-0.895-2-2s0.895-2 2-2 2 0.895 2 2-0.895 2-2 2zM24 24h-16v-20h16v20z\"\/>\n<\/svg>\n      <\/span>\n      <span class='bde-icon-list__text' >\n      +385 99 31 33 101\n      <\/span>\n                  <\/a>\n\n      \n    <\/li>\n\n  \n              \n    <li>\n              <div class='bde-icon-list__item-wrapper'>\n      \n      <span class='bde-icon-list__icon'>\n        <svg xmlns=\"http:\/\/www.w3.org\/2000\/svg\" viewBox=\"0 0 512 512\"><!--! Font Awesome Free 6.5.1 by @fontawesome - https:\/\/fontawesome.com License - https:\/\/fontawesome.com\/license\/free (Icons: CC BY 4.0, Fonts: SIL OFL 1.1, Code: MIT License) Copyright 2023 Fonticons, Inc. --><path d=\"M128 64v96h64V64H386.7L416 93.3V160h64V93.3c0-17-6.7-33.3-18.7-45.3L432 18.7C420 6.7 403.7 0 386.7 0H192c-35.3 0-64 28.7-64 64zM0 160V480c0 17.7 14.3 32 32 32H64c17.7 0 32-14.3 32-32V160c0-17.7-14.3-32-32-32H32c-17.7 0-32 14.3-32 32zm480 32H128V480c0 17.7 14.3 32 32 32H480c17.7 0 32-14.3 32-32V224c0-17.7-14.3-32-32-32zM256 256a32 32 0 1 1 0 64 32 32 0 1 1 0-64zm96 32a32 32 0 1 1 64 0 32 32 0 1 1 -64 0zm32 96a32 32 0 1 1 0 64 32 32 0 1 1 0-64zM224 416a32 32 0 1 1 64 0 32 32 0 1 1 -64 0z\"\/><\/svg>\n      <\/span>\n      <span class='bde-icon-list__text' >\n      +385 21 608 202\n      <\/span>\n              <\/div>\n      \n    <\/li>\n\n  \n              \n    <li>\n                      \n            \n            \n\n    \n    \n    \n    \n    \n    <a class=\"breakdance-link bde-icon-list__item-wrapper\" href=\"mailto:info@parkhotel.hr\" target=\"_self\" data-type=\"url\"  >\n\n      \n      <span class='bde-icon-list__icon'>\n        <svg xmlns=\"http:\/\/www.w3.org\/2000\/svg\" id=\"icon-mail4\" viewBox=\"0 0 32 32\">\n<path d=\"M16 0c-8.837 0-16 7.163-16 16s7.163 16 16 16 16-7.163 16-16-7.163-16-16-16zM8 8h16c0.286 0 0.563 0.061 0.817 0.177l-8.817 10.286-8.817-10.287c0.254-0.116 0.531-0.177 0.817-0.177zM6 22v-12c0-0.042 0.002-0.084 0.004-0.125l5.864 6.842-5.8 5.8c-0.045-0.167-0.069-0.34-0.069-0.517zM24 24h-16c-0.177 0-0.35-0.024-0.517-0.069l5.691-5.691 2.826 3.297 2.826-3.297 5.691 5.691c-0.167 0.045-0.34 0.069-0.517 0.069zM26 22c0 0.177-0.024 0.35-0.069 0.517l-5.8-5.8 5.865-6.842c0.003 0.041 0.004 0.083 0.004 0.125v12z\"\/>\n<\/svg>\n      <\/span>\n      <span class='bde-icon-list__text' >\n      info@parkhotel.hr\n      <\/span>\n                  <\/a>\n\n      \n    <\/li>\n\n  <\/ul>\n\n<\/div>\n<\/div><div class=\"bde-column-2491-128 bde-column\">\n  \n\t\n\n\n\n<h3 class=\"bde-heading-2491-139 bde-heading\">\nVerkaufs- und Reservierungsabteilung\n<\/h3><div class=\"bde-icon-list-2491-141 bde-icon-list\">\n<ul>\n  \n              \n    <li>\n                      \n            \n            \n\n    \n    \n    \n    \n    \n    <a class=\"breakdance-link bde-icon-list__item-wrapper\" href=\"mailto:sales@parkhotel.hr\" target=\"_self\" data-type=\"url\"  >\n\n      \n      <span class='bde-icon-list__icon'>\n        <svg xmlns=\"http:\/\/www.w3.org\/2000\/svg\" id=\"icon-mail4\" viewBox=\"0 0 32 32\">\n<path d=\"M16 0c-8.837 0-16 7.163-16 16s7.163 16 16 16 16-7.163 16-16-7.163-16-16-16zM8 8h16c0.286 0 0.563 0.061 0.817 0.177l-8.817 10.286-8.817-10.287c0.254-0.116 0.531-0.177 0.817-0.177zM6 22v-12c0-0.042 0.002-0.084 0.004-0.125l5.864 6.842-5.8 5.8c-0.045-0.167-0.069-0.34-0.069-0.517zM24 24h-16c-0.177 0-0.35-0.024-0.517-0.069l5.691-5.691 2.826 3.297 2.826-3.297 5.691 5.691c-0.167 0.045-0.34 0.069-0.517 0.069zM26 22c0 0.177-0.024 0.35-0.069 0.517l-5.8-5.8 5.865-6.842c0.003 0.041 0.004 0.083 0.004 0.125v12z\"\/>\n<\/svg>\n      <\/span>\n      <span class='bde-icon-list__text' >\n      sales@parkhotel.hr\n      <\/span>\n                  <\/a>\n\n      \n    <\/li>\n\n  \n              \n    <li>\n                      \n            \n            \n\n    \n    \n    \n    \n    \n    <a class=\"breakdance-link bde-icon-list__item-wrapper\" href=\"tel:+38521608222\" target=\"_self\" data-type=\"url\"  >\n\n      \n      <span class='bde-icon-list__icon'>\n        <svg xmlns=\"http:\/\/www.w3.org\/2000\/svg\" id=\"icon-phone\" viewBox=\"0 0 32 32\">\n<path d=\"M22 20c-2 2-2 4-4 4s-4-2-6-4-4-4-4-6 2-2 4-4-4-8-6-8-6 6-6 6c0 4 4.109 12.109 8 16s12 8 16 8c0 0 6-4 6-6s-6-8-8-6z\"\/>\n<\/svg>\n      <\/span>\n      <span class='bde-icon-list__text' >\n       +385 21 608 222\n      <\/span>\n                  <\/a>\n\n      \n    <\/li>\n\n  <\/ul>\n\n<\/div>\n<\/div><div class=\"bde-column-2491-148 bde-column\">\n  \n\t\n\n\n\n<h3 class=\"bde-heading-2491-149 bde-heading\">\nVerwaltung und Unternehmensangelegenheiten\n<\/h3><div class=\"bde-icon-list-2491-150 bde-icon-list\">\n<ul>\n  \n              \n    <li>\n                      \n            \n            \n\n    \n    \n    \n    \n    \n    <a class=\"breakdance-link bde-icon-list__item-wrapper\" href=\"mailto:uprava@parkhotel.hr\" target=\"_self\" data-type=\"url\"  >\n\n      \n      <span class='bde-icon-list__icon'>\n        <svg xmlns=\"http:\/\/www.w3.org\/2000\/svg\" id=\"icon-mail4\" viewBox=\"0 0 32 32\">\n<path d=\"M16 0c-8.837 0-16 7.163-16 16s7.163 16 16 16 16-7.163 16-16-7.163-16-16-16zM8 8h16c0.286 0 0.563 0.061 0.817 0.177l-8.817 10.286-8.817-10.287c0.254-0.116 0.531-0.177 0.817-0.177zM6 22v-12c0-0.042 0.002-0.084 0.004-0.125l5.864 6.842-5.8 5.8c-0.045-0.167-0.069-0.34-0.069-0.517zM24 24h-16c-0.177 0-0.35-0.024-0.517-0.069l5.691-5.691 2.826 3.297 2.826-3.297 5.691 5.691c-0.167 0.045-0.34 0.069-0.517 0.069zM26 22c0 0.177-0.024 0.35-0.069 0.517l-5.8-5.8 5.865-6.842c0.003 0.041 0.004 0.083 0.004 0.125v12z\"\/>\n<\/svg>\n      <\/span>\n      <span class='bde-icon-list__text' >\n      uprava@parkhotel.hr\n      <\/span>\n                  <\/a>\n\n      \n    <\/li>\n\n  <\/ul>\n\n<\/div>\n<\/div><\/div><h2 class=\"bde-heading-2491-117 bde-heading\">\nSenden Sie uns eine Nachricht\n<\/h2><div class=\"bde-form-builder-2491-118 bde-form-builder contact-form\">\n\n\n<form id=\"contact-form118\" class=\"breakdance-form breakdance-form--vertical has-breakpoints\" data-options=\"{&quot;slug&quot;:&quot;custom&quot;,&quot;name&quot;:&quot;Contact Form&quot;,&quot;ajaxUrl&quot;:&quot;https:\\\/\\\/parkhotel.hr\\\/wp-admin\\\/admin-ajax.php&quot;,&quot;clearOnSuccess&quot;:true,&quot;hideOnSuccess&quot;:false,&quot;successMessage&quot;:&quot;Ihre Nachricht wurde erfolgreich gesendet. Wir werden uns schnellstm\\u00f6glich mit einer Antwort bei Ihnen melden.&quot;,&quot;errorMessage&quot;:&quot;Beim Senden Ihrer Nachricht ist ein Fehler aufgetreten. Bitte versuchen Sie es erneut.&quot;,&quot;redirect&quot;:false,&quot;redirectUrl&quot;:&quot;&quot;,&quot;customJavaScript&quot;:&quot;&quot;,&quot;recaptcha&quot;:{&quot;key&quot;:&quot;6LdN33QqAAAAALYEQpxrKAZz8JFW0mabqt0CiC76&quot;,&quot;enabled&quot;:true},&quot;honeypot_enabled&quot;:false,&quot;popupsOnSuccess&quot;:[],&quot;popupsOnError&quot;:[]}\" data-steps=\"0\" >\n  \n  \n  \n<div class=\"breakdance-form-field breakdance-form-field--text\" >\n    \n    \n            <label class=\"breakdance-form-field__label\" for=\"name\">\n            Ime<span class=\"breakdance-form-field__required\">*<\/span>\n        <\/label>\n    \n    <input\n    class=\"breakdance-form-field__input\"\n    id=\"name\"\n    aria-describedby=\"name\"\n    type=\"text\"\n    name=\"fields[name]\"\n    placeholder=\"Name\"\n    value=\"\"\n                \n        \n        \n    required\n    \n    \n>\n\n\n    \n    \n<\/div>\n\n\n<div class=\"breakdance-form-field breakdance-form-field--text\" >\n    \n    \n            <label class=\"breakdance-form-field__label\" for=\"lastname\">\n            Prezime<span class=\"breakdance-form-field__required\">*<\/span>\n        <\/label>\n    \n    <input\n    class=\"breakdance-form-field__input\"\n    id=\"lastname\"\n    aria-describedby=\"lastname\"\n    type=\"text\"\n    name=\"fields[lastname]\"\n    placeholder=\"Nachname\"\n    value=\"\"\n                \n        \n        \n    required\n    \n    \n>\n\n\n    \n    \n<\/div>\n\n\n<div class=\"breakdance-form-field breakdance-form-field--email\" >\n    \n    \n            <label class=\"breakdance-form-field__label\" for=\"email\">\n            Email<span class=\"breakdance-form-field__required\">*<\/span>\n        <\/label>\n    \n    <input\n    class=\"breakdance-form-field__input\"\n    id=\"email\"\n    aria-describedby=\"email\"\n    type=\"email\"\n    name=\"fields[email]\"\n    placeholder=\"E-mail\"\n    value=\"\"\n                \n        \n        \n    required\n    \n    \n>\n\n\n    \n    \n<\/div>\n\n\n<div class=\"breakdance-form-field breakdance-form-field--tel\" >\n    \n    \n            <label class=\"breakdance-form-field__label\" for=\"phone\">\n            Telefon<span class=\"breakdance-form-field__required\">*<\/span>\n        <\/label>\n    \n    <input\n    class=\"breakdance-form-field__input\"\n    id=\"phone\"\n    aria-describedby=\"phone\"\n    type=\"tel\"\n    name=\"fields[phone]\"\n    placeholder=\"Telefon\"\n    value=\"\"\n                \n        \n        \n    required\n    \n    \n>\n\n\n    \n    \n<\/div>\n\n\n<div class=\"breakdance-form-field breakdance-form-field--textarea\" >\n    \n    \n            <label class=\"breakdance-form-field__label\" for=\"message\">\n            Poruka<span class=\"breakdance-form-field__required\">*<\/span>\n        <\/label>\n    \n    <textarea\n    class=\"breakdance-form-field__input\"\n    id=\"message\"\n    aria-describedby=\"message\"\n    type=\"textarea\"\n    name=\"fields[message]\"\n        placeholder=\"Ihre Nachricht\"\n    required\n    >\n<\/textarea>\n\n\n    \n    \n<\/div>\n\n\n<div class=\"breakdance-form-field breakdance-form-field--checkbox\" >\n    \n    \n    \n    <fieldset role=\"group\"\n    aria-label=\"Datenschutzrichtlinie\"\n    >\n       <legend class=\"breakdance-form-field__label\">Datenschutzrichtlinie<span class=\"breakdance-form-field__required\">*<\/span><\/legend>\n          <div class=\"breakdance-form-checkbox\">\n          <input\n              type=\"checkbox\"\n              name=\"fields[rdmwrh]\"\n              value=\"Ich bin damit einverstanden, dass diese Website meine \u00fcbermittelten Daten gem\u00e4\u00df ihrer Datenschutzerkl\u00e4rung speichert, um auf meine Anfrage antworten zu k\u00f6nnen.\"\n              id=\"rdmwrh-1\"\n              \n                        >\n          <label class=\"breakdance-form-checkbox__text\" for=\"rdmwrh-1\">Ich bin damit einverstanden, dass diese Website meine \u00fcbermittelten Daten gem\u00e4\u00df ihrer Datenschutzerkl\u00e4rung speichert, um auf meine Anfrage antworten zu k\u00f6nnen.<\/label>\n      <\/div>\n  <\/fieldset>\n\n\n\n    \n    \n<\/div>\n\n\n  \n\n<div class=\"breakdance-form-field breakdance-form-footer\">\n    \n    \n                                    \n    \n    \n    \n    \n            \n            <button type=\"submit\" class=\"button-atom button-atom--primary breakdance-form-button breakdance-form-button__submit\"  >\n    \n        <span class=\"button-atom__text\">Senden Sie eine Nachricht<\/span>\n\n        \n        \n            <\/button>\n    \n    <input type=\"hidden\" name=\"form_id\" value=\"118\">\n    <input type=\"hidden\" name=\"post_id\" value=\"2491\">\n<\/div>\n\n  \n<\/form>\n\n\n\n<\/div><div class=\"bde-google-map-2491-119 bde-google-map\">\n\r\n<iframe width=\"100%\" height=\"100%\" style=\"border:0\" loading=\"lazy\" title=\"Map\" src=\"https:\/\/maps.google.com\/maps?q=Hotel+Park%3Cbr%3EPetra+Kre%C5%A1imira+IV+23%2C+PP+36%3Cbr%3E21300+Makarska&t=m&z=15&output=embed&iwloc=near\" allowfullscreen><\/iframe>\n\n<\/div><div class=\"bde-text-2491-161 bde-text\">\n<b>Ist Teil der Gesellschaft: PARK HOTEL GmbH <\/b>  f\u00fcr Gastronomie und Handel<br>Steuernummer: 44879627792<br><br>Bankverbindungen bei Erste&Steiermarkische bank d.d., <br>Jadranski trg 3a, Rijeka<br>IBAN: HR0524020061100551074<br>SWIFT: ESBCHR22<br><br>Die Gesellschaft ist eingetragen im Handelsregister Split unter der Nummer MBS: 060211472.<br>Das Grundkapital der GmbH betr\u00e4gt 35.623.100,00 kuna und ist in voller H\u00f6he einbezahlt.<br>Vorstand der GmbH: Lucija Mikuli\u0107, Klara Grbe\u0161i\u0107, Maja Grbe\u0161i\u0107, Vorstandsmitglied\n<\/div><\/div>\n<\/section>","protected":false},"excerpt":{"rendered":"<p>Kontakt scroll down M\u00f6chten Sie ein Zimmer buchen?Kontaktieren Sie uns noch heute f\u00fcr die besten Zimmer! Rezeption und Informationen +385 21 608 200 +385 99 31 33 101 +385 21 608 202 info@parkhotel.hr Verkaufs- und Reservierungsabteilung sales@parkhotel.hr +385 21 608 222 Verwaltung und Unternehmensangelegenheiten uprava@parkhotel.hr Senden Sie uns eine Nachricht Ime* Prezime* Email* Telefon* Poruka* [&hellip;]<\/p>\n","protected":false},"author":2,"featured_media":0,"parent":0,"menu_order":0,"comment_status":"closed","ping_status":"closed","template":"","meta":{"inline_featured_image":false,"_breakdance_hide_in_design_set":false,"_breakdance_tags":"","footnotes":""},"class_list":["post-2491","page","type-page","status-publish","hentry"],"_links":{"self":[{"href":"https:\/\/parkhotel.hr\/de\/wp-json\/wp\/v2\/pages\/2491"}],"collection":[{"href":"https:\/\/parkhotel.hr\/de\/wp-json\/wp\/v2\/pages"}],"about":[{"href":"https:\/\/parkhotel.hr\/de\/wp-json\/wp\/v2\/types\/page"}],"author":[{"embeddable":true,"href":"https:\/\/parkhotel.hr\/de\/wp-json\/wp\/v2\/users\/2"}],"replies":[{"embeddable":true,"href":"https:\/\/parkhotel.hr\/de\/wp-json\/wp\/v2\/comments?post=2491"}],"version-history":[{"count":6,"href":"https:\/\/parkhotel.hr\/de\/wp-json\/wp\/v2\/pages\/2491\/revisions"}],"predecessor-version":[{"id":2752,"href":"https:\/\/parkhotel.hr\/de\/wp-json\/wp\/v2\/pages\/2491\/revisions\/2752"}],"wp:attachment":[{"href":"https:\/\/parkhotel.hr\/de\/wp-json\/wp\/v2\/media?parent=2491"}],"curies":[{"name":"wp","href":"https:\/\/api.w.org\/{rel}","templated":true}]}}