{"id":2499,"date":"2024-08-22T13:22:24","date_gmt":"2024-08-22T11:22:24","guid":{"rendered":"https:\/\/parkhotel.hr\/uvjeti-koristenja\/"},"modified":"2026-02-04T13:36:08","modified_gmt":"2026-02-04T12:36:08","slug":"nutzungsbedingungen","status":"publish","type":"page","link":"https:\/\/parkhotel.hr\/de\/nutzungsbedingungen\/","title":{"rendered":"Nutzungsbedingungen"},"content":{"rendered":"<section class=\"bde-section-2499-100 bde-section\">\n              \n  \n\t\n\n  <div class=\"section-background-overlay\"><\/div>\n\n\n<div class=\"section-container\"><h1 class=\"bde-heading-2499-101 bde-heading\">\nNutzungsbedingungen\n<\/h1><div class=\"bde-div-2499-102 bde-div\">\n  \n\t\n\n\n\n<div class=\"bde-text-2499-103 bde-text\">\nscroll down\n<\/div><div class=\"bde-image-2499-104 bde-image\">\n<figure class=\"breakdance-image breakdance-image--49\">\n\t<div class=\"breakdance-image-container\">\n\t\t<div class=\"breakdance-image-clip\"><img loading=\"lazy\" decoding=\"async\" class=\"breakdance-image-object\" src=\"https:\/\/breakdancelibrary.com\/hotel\/wp-content\/uploads\/sites\/34\/2023\/02\/arrow-down-black-white.png\" width=\"7\" height=\"61\" sizes=\"(max-width: 7px) 100vw, 7px\"><\/div>\n\t<\/div><\/figure>\n\n<\/div>\n<\/div><\/div>\n<\/section><section class=\"bde-section-2499-106 bde-section\">\n  \n\t\n\n\n\n<div class=\"section-container\"><div class=\"bde-rich-text-2499-107 bde-rich-text breakdance-rich-text-styles\">\n<h3>Park hotel AGB\u2019s der Webseite<\/h3><p>\u00a0<\/p><div>Der Zugang zur Hotel Park Webseite und den darin enthaltenen Angaben unterliegen den folgenden Bedingungen und Regeln. Mit dem Hochladen der Startseite erkl\u00e4rt der Benutzer, dass er bei jeder Nutzung dieser Website die folgenden rechtlichen Bedingungen akzeptiert:<\/div><div>\u00a0<\/div><div>Der gesamte Inhalt, der \u00fcber die Website www.parkhotel.hr ver\u00f6ffentlicht wird, darf ohne die ausdr\u00fcckliche schriftliche Zustimmung von Park hotel d.o.o. nicht verbreitet, nicht f\u00fcr kommerzielle Zwecke verwendet werden und nicht auf irgendeine andere Art und Weise verwendet werden, mit welcher Park hotel d.o.o. oder irgendeiner Drittperson ein Schaden zugef\u00fcgt werden k\u00f6nnte. Die Dokumente, Angaben, Fotografien und Informationen, die \u00fcber diese Website ver\u00f6ffentlicht werden, k\u00f6nnen nur f\u00fcr individuelle Zwecke und unter der Ber\u00fccksichtigung aller Urheberrechte und \u00e4hnlicher Rechte sowie der Rechte von Drittpersonen im Einklang mit den kroatischen gesetzlichen Vorschriften verwendet werden.<\/div><div>\u00a0<\/div><div>Hiermit akzeptieren Sie das kroatische Recht und unterliegen dem kroatischen materiellen Recht als dem ausschlie\u00dflich zust\u00e4ndigen f\u00fcr die Interpretation, die Anwendung und die rechtlichen Auswirkungen aller Genehmigungen, Ausschl\u00fcsse und Nutzungsbedingungen dieser Internetseiten. F\u00fcr alle Anspr\u00fcche und Streitigkeiten, die als Resultat der Nutzung der gegenst\u00e4ndigen Website oder im Zusammenhang mit der gegenst\u00e4ndigen Website entstehen, sind ausschlie\u00dflich die kroatischen Gerichte zust\u00e4ndig.<\/div><div>\u00a0<\/div><div>Das Hotel Park \u00fcbernimmt keine Haftung f\u00fcr die Angemessenheit der Inhalte dieser Internetseiten oder Zug\u00e4nglichkeit auf diese Internetseiten von gewissen Standorten aus beziehungsweise ist nicht verantwortlich f\u00fcr den Zugriff auf diese Angaben von Staaten aus, in denen der Inhalt dieser Internetseiten gesetzlich verboten ist. Der Zugriff auf diese Internetseiten von den genannten Standorten aus gilt als aus eigenem Willen ausgef\u00fchrt, wobei der Benutzer nach ma\u00dfgeblichem Recht verantwortlich ist.<\/div><div>\u00a0<\/div><div>Informationen, die Park hotel d.o.o. auf diesen Internetseiten ver\u00f6ffentlicht, gelten im Zeitpunkt ihrer Erfassung als richtig und verl\u00e4sslich. Park hotel d.o.o. weist jedoch darauf hin, das gewisse Abweichungen von der Richtigkeit, Wahrheit oder Verl\u00e4sslichkeit irgendeiner auf diesen Seiten gespeicherten Angabe im Zeitpunkt, wenn der Benutzer auf sie zugreift, m\u00f6glich sind. Die auf diesen Internetseiten zug\u00e4nglichen Informationen d\u00fcrfen nicht als Grundlage f\u00fcr wichtige pers\u00f6nliche oder gesch\u00e4ftliche Entscheidungen dienen und Sie erkl\u00e4ren, dass Park hotel d.o.o. nicht verantwortlich ist, falls eventuelle Erwartungen ihrerseits nicht erf\u00fcllt werden. Hotel Park kann jederzeit ohne vorherige Ank\u00fcndigung die Angaben auf diesen Internetseiten aktualisieren oder \u00e4ndern. Park hotel d.o.o. \u00fcbernimmt weder Verantwortung f\u00fcr Sch\u00e4den, die auf irgendeine Art und Weise aus der Nutzung dieser Website, aus der Vorgehensweise des Benutzers durch die Anwendung oder den Missbrauch des Inhalts dieser Website entstehen k\u00f6nnten, noch \u00fcbernimmt Park hotel d.o.o. Verantwortung f\u00fcr Sch\u00e4den, die f\u00fcr den Benutzer oder irgendeine Drittperson im Zusammenhang mit der Verwendung oder dem Missbrauch des Inhalts dieser Website entstehen k\u00f6nnten.<\/div><div>\u00a0<\/div><div>Diese Website enth\u00e4lt Dokumente, Angaben, Informationen und Verbindungen zu anderen Internetseiten, die von Drittpersonen kreiert wurden, die sich jedes Mal, wenn dies m\u00f6glich ist, als solche gekennzeichnet werden. Park hotel d.o.o. hat keinerlei Kontrolle \u00fcber die genannten Dokumente, Angaben, Informationen oder anderen Internetseiten und \u00fcbernimmt weder Haftung f\u00fcr die genannten Dokumente, Angaben, Informationen oder andere Internetseiten, noch f\u00fcr die Richtigkeit, Vollst\u00e4ndigkeit und Zug\u00e4nglichkeit des Inhalts auf den Internetseiten, die von Drittpersonen kreiert wurden.<\/div><div>\u00a0<\/div><div>Wir bitten Sie zu ber\u00fccksichtigen, dass das Senden privater Mitteilungen \u00fcber elektronische Post im Netz unsicher sein kann und unbefugten Zugriff seitens Drittpersonen oder falsche Zustellungen erm\u00f6glichen. Jede Mitteilung, die \u00fcber elektronische Post erhalten wird, gilt als unvertraulich und das Hotel Park haftet nicht f\u00fcr die Sicherheit und den Datenschutz solcher Angaben, wobei sich hotel Park das Recht vorbeh\u00e4lt, diese ohne Einschr\u00e4nkung weiter zu ver\u00f6ffentlichen, zu benutzen, \u00fcber sie zu verf\u00fcgen und sie an Drittpersonen weiterzuleiten. Au\u00dferdem hat Park hotel d.o.o. das Recht, Ideen, Skizzen, Erfahrungen oder anderes Wissen, die in solchen Mitteilungen enthalten sind, f\u00fcr irgendeinen Zweck zu benutzen.<\/div><div>\u00a0<\/div><div>Ohne die ausdr\u00fcckliche schriftliche Zustimmung von Park hotel d.o.o. ist jegliche Reproduktion, Vervielf\u00e4ltigung oder Verbreitung des Designs oder des Firmenzeichens von hotel Park, einzelner Elemente der Internsetseiten, des Designs des Logos von Park hotel d.o.o., die urheberrechtlich gesch\u00fctzt sind, untersagt. Wenn vertraglich nicht anders vereinbart ist, k\u00f6nnen Dokumente, Angaben und Informationen, die auf diesen Internetseiten ver\u00f6ffentlicht werden, ausschlie\u00dflich f\u00fcr pers\u00f6nliche Zwecke verwendet werden, wobei die Urheber- und Eigentumsrechte sowie die Rechte von Drittpersonen einzuhalten sind.<\/div>\n<\/div><\/div>\n<\/section>","protected":false},"excerpt":{"rendered":"<p>Nutzungsbedingungen scroll down Park hotel AGB\u2019s der Webseite\u00a0Der Zugang zur Hotel Park Webseite und den darin enthaltenen Angaben unterliegen den folgenden Bedingungen und Regeln. Mit dem Hochladen der Startseite erkl\u00e4rt der Benutzer, dass er bei jeder Nutzung dieser Website die folgenden rechtlichen Bedingungen akzeptiert:\u00a0Der gesamte Inhalt, der \u00fcber die Website www.parkhotel.hr ver\u00f6ffentlicht wird, darf ohne [&hellip;]<\/p>\n","protected":false},"author":2,"featured_media":0,"parent":0,"menu_order":0,"comment_status":"closed","ping_status":"closed","template":"","meta":{"inline_featured_image":false,"_breakdance_hide_in_design_set":false,"_breakdance_tags":"","footnotes":""},"class_list":["post-2499","page","type-page","status-publish","hentry"],"_links":{"self":[{"href":"https:\/\/parkhotel.hr\/de\/wp-json\/wp\/v2\/pages\/2499"}],"collection":[{"href":"https:\/\/parkhotel.hr\/de\/wp-json\/wp\/v2\/pages"}],"about":[{"href":"https:\/\/parkhotel.hr\/de\/wp-json\/wp\/v2\/types\/page"}],"author":[{"embeddable":true,"href":"https:\/\/parkhotel.hr\/de\/wp-json\/wp\/v2\/users\/2"}],"replies":[{"embeddable":true,"href":"https:\/\/parkhotel.hr\/de\/wp-json\/wp\/v2\/comments?post=2499"}],"version-history":[{"count":2,"href":"https:\/\/parkhotel.hr\/de\/wp-json\/wp\/v2\/pages\/2499\/revisions"}],"predecessor-version":[{"id":2501,"href":"https:\/\/parkhotel.hr\/de\/wp-json\/wp\/v2\/pages\/2499\/revisions\/2501"}],"wp:attachment":[{"href":"https:\/\/parkhotel.hr\/de\/wp-json\/wp\/v2\/media?parent=2499"}],"curies":[{"name":"wp","href":"https:\/\/api.w.org\/{rel}","templated":true}]}}