{"id":2505,"date":"2024-08-22T13:22:12","date_gmt":"2024-08-22T11:22:12","guid":{"rendered":"https:\/\/parkhotel.hr\/politika-privatnosti\/"},"modified":"2026-02-04T13:36:00","modified_gmt":"2026-02-04T12:36:00","slug":"datenschutzerklaerung","status":"publish","type":"page","link":"https:\/\/parkhotel.hr\/de\/datenschutzerklaerung\/","title":{"rendered":"Datenschutzerkl\u00e4rung"},"content":{"rendered":"<section class=\"bde-section-2505-100 bde-section\">\n              \n  \n\t\n\n  <div class=\"section-background-overlay\"><\/div>\n\n\n<div class=\"section-container\"><h1 class=\"bde-heading-2505-101 bde-heading\">\nDatenschutzerkl\u00e4rung\n<\/h1><div class=\"bde-div-2505-102 bde-div\">\n  \n\t\n\n\n\n<div class=\"bde-text-2505-103 bde-text\">\nscroll down\n<\/div><div class=\"bde-image-2505-104 bde-image\">\n<figure class=\"breakdance-image breakdance-image--49\">\n\t<div class=\"breakdance-image-container\">\n\t\t<div class=\"breakdance-image-clip\"><img loading=\"lazy\" decoding=\"async\" class=\"breakdance-image-object\" src=\"https:\/\/breakdancelibrary.com\/hotel\/wp-content\/uploads\/sites\/34\/2023\/02\/arrow-down-black-white.png\" width=\"7\" height=\"61\" sizes=\"(max-width: 7px) 100vw, 7px\"><\/div>\n\t<\/div><\/figure>\n\n<\/div>\n<\/div><\/div>\n<\/section><section class=\"bde-section-2505-105 bde-section\">\n  \n\t\n\n\n\n<div class=\"section-container\"><div class=\"bde-text-2505-106 bde-text\">\nDie Park hotel d.o.o., HR-21300 Makarska, Kralje Petra Kre\u0161imira IV. 23, OIB: 44879627792 (im weiteren Text: Hotel Park) beh\u00e4lt sich das Autorenrecht f\u00fcr die Nutzung von Material im Sinne positiver gesetzlicher Vorschriften in der Republik Kroatien vor. \n<\/div><h4 class=\"bde-heading-2505-107 bde-heading\">\nEinleitung\n<\/h4><div class=\"bde-text-2505-108 bde-text\">\nDer Schutz und die Sicherheit Ihrer pers\u00f6nlichen Daten ist Hotel Park ein wichtiges Anliegen. Ihre Daten werden gem\u00e4\u00df den Bestimmungen des Datenschutzgesetzes gesammelt und gespeichert.\n<\/div><div class=\"bde-rich-text-2505-111 bde-rich-text breakdance-rich-text-styles\">\n<h4><strong>1. Personenbezogene Daten, die dem Datenschutz unterliegen<\/strong><\/h4><ul><li>Folgende Angaben unterliegen dem Datenschutz:<\/li><li>Name und Nachname<\/li><li>Geburtsdatum<\/li><li>E-Mail-Adresse<\/li><li>Telefon\/Handy<\/li><li>Sonstige Angaben, die auf Ihren Wunsch hin vertraulich behandelt werden sollen<\/li><\/ul><div>Sie k\u00f6nnen Ihre Daten jederzeit durch ausdr\u00fcckliche pers\u00f6nliche Aufforderung aus unserer Mailingliste austragen lassen. Ihre Daten werden f\u00fcr Werbezwecke nicht mehr verwendet. In diesem Fall verwendet Hotel Park Ihre Daten ausschlie\u00dflich f\u00fcr interne Zwecke, z. B. f\u00fcr statistische Datenauswertungen.<\/div><div>\u00a0<\/div><div>\u00a0<\/div><h4><strong>2. Verwendungszweck der erhobenen Daten<\/strong><\/h4><div>Alle Daten, die Sie Hotel Park bekannt geben, werden ausschlie\u00dflich verwendet f\u00fcr:<\/div><ul><li>die rasche Beantwortung Ihrer Fragen<\/li><li>die Gew\u00e4hrleistung des gew\u00fcnschten Services<\/li><li>die Bewerbung unserer Leistungen<\/li><li>die interne statistische Datenauswertung<\/li><\/ul><div>Park hotel d.o.o. Makarska garantiert, dass Ihre Daten ausschlie\u00dflich f\u00fcr die oben genannten Zwecke verwendet werden. Mit der Eingabe Ihrer pers\u00f6nlichen Daten f\u00fcr alle Kommunikationswege erteilen Sie Hotel Park die ausdr\u00fcckliche Genehmigung, Sie f\u00fcr die oben genannten Zwecke zu kontaktieren. Sie sind verpflichtet, Hotel Park schriftlich dar\u00fcber zu informieren, falls Sie nicht m\u00f6chten, dass Hotel Park Kontakt zu Ihnen aufnimmt. Nach Eingang des Newsletters haben Sie die M\u00f6glichkeit, Ihren Namen aus unserer Mailingliste auszutragen.<\/div><div>\u00a0<\/div><div>\u00a0<\/div><h4><strong>3. G\u00fcltigkeit der Datenschutzerkl\u00e4rung<\/strong><\/h4><div>Sobald Sie uns Ihre Daten \u00fcbermittelt und eingewilligt haben, von uns kontaktiert zu werden, werden Sie in unsere Mailingliste aufgenommen. Ihre Einwilligung zur Kontaktaufnahme gilt ab dem Zeitpunkt der Daten\u00fcbermittlung. Der Schutz Ihrer pers\u00f6nlichen Daten ist unbefristet.\u00a0<\/div><div>\u00a0<\/div><div>\u00a0<\/div><h4><strong>4. Inhalt der Datenschutzerkl\u00e4rung<\/strong><\/h4><div>Wir geben weder Ihre E-Mail-Adresse noch andere personenbezogene Daten ohne Ihre Zustimmung an Dritte au\u00dferhalb die Park hotel d.o.o. weiter. Der Verkauf, die Vermietung und Weitergabe Ihrer Daten verst\u00f6\u00dft gegen unsere Datenschutzerkl\u00e4rung. Hotel Park h\u00e4lt sich an eine strenge Anti-Spam-Regelung. Wir bitten Sie ausdr\u00fccklich um Ihre Zustimmung, bevor Sie von uns Informationen bez\u00fcglich unserer Angebote und Aktionen erhalten. Hotel Park haftet weder f\u00fcr versehentliche noch durch h\u00f6here Gewalt oder andere sachliche Umst\u00e4nde entstandene Fehler, die die Gew\u00e4hrleistung des Datenschutzes gef\u00e4hrden, verpflichtet sich aber, derartige Fehler best- und schnellstm\u00f6glich zu berichtigen.<\/div><div>\u00a0<\/div><div>\u00a0<\/div><h4><strong>5. Cookies und andere Online-Technologien<\/strong><\/h4><div>Wie auch viele andere Webseiten kann unsere Seite Cookies oder andere Technologien verwenden, die dazu dienen, uns zu helfen, Ihren Interessen entsprechende Inhalte bereitzustellen, Reservierungen oder Anfragen zu bearbeiten und\/oder die Nutzung der Webseite auszuwerten. Cookies allein k\u00f6nnen nicht dazu verwendet werden, Ihre pers\u00f6nliche Identit\u00e4t offenzulegen. Durch diese Information wird zwar bei einem Besuch auf unserer Seite der von Ihnen genutzte Browser auf unseren Servern identifiziert.<\/div><div>\u00a0<\/div><div>\u00a0<\/div><h4><strong>6. Schutz der personenbezogenen Daten von Kindern<\/strong><\/h4><div>Hotel Park r\u00e4t allen Eltern und Erziehungsberechtigten, ihren Kindern einen sicheren und verantwortungsvollen Umgang mit pers\u00f6nlichen Daten w\u00e4hrend der Nutzung des Internets beizubringen. Hotel Park sammelt wissentlich keine Daten von Kindern unter 14 Jahren. Personenbezogene Daten werden weder verwendet noch an Dritte weitergegeben. Wir geben keine personenbezogenen Daten ohne Zustimmung der Eltern an Dritte weiter. Wir l\u00f6schen personenbezogene Daten eines Kindes von unserer Datenbank, wenn ein Elternteil oder Erziehungsberechtigter uns dazu auffordert. Eltern oder Erziehungsberechtigte haben das Recht, alle personenbezogenen, durch eine unserer Webseiten gesammelten Daten ihres Kindes einzusehen und gegebenenfalls deren L\u00f6schung zu verlangen (sollten diese Informationen noch in unserer Datenbank gespeichert sein) und\/oder es abzulehnen, eine weitere Sammlung oder Verwendung der Daten zu gestatten. Sollten Sie als Elternteil von diesem Recht Gebrauch machen wollen, bitten wir Sie, uns zu kontaktieren. Au\u00dfer in den oben genannten F\u00e4llen garantiert Hotel Park den Schutz der personenbezogenen Daten von Kindern gem\u00e4\u00df den jeweiligen gesetzlichen Bestimmungen.<\/div><div>\u00a0<\/div><div>\u00a0<\/div><h4><strong>7. Umfragen und Frageb\u00f6gen<\/strong><\/h4><div>Gelegentlich f\u00fchren wir auf unserer Web-Site Meinungsumfragen und andere Umfragen durch. Angaben, die wir bei diesen Meinungsumfragen und anderen Umfragen erhalten, werden ausschlie\u00dflich f\u00fcr Zwecke von Park hotel d.o.o. Falls auf einer von unseren Webseiten ein Beispiel der Umfrageantwort ver\u00f6ffentlicht wird, enth\u00e4lt er keine pers\u00f6nlichen Daten.<\/div><div>\u00a0<\/div><div>\u00a0<\/div><h4><strong>8. \u00c4nderung von Daten<\/strong><\/h4><div>Sie k\u00f6nnen sich jederzeit an uns wenden, um Ihre pers\u00f6nlichen Daten einzusehen, zu ver\u00e4ndern, zu korrigieren oder zu l\u00f6schen. Bis zum Erhalt der \u00c4nderungen werden Ihre urspr\u00fcnglich bekannt gegebenen Kontaktdaten verwendet.<\/div><div>\u00a0<\/div><div>\u00a0<\/div><h4><strong>9. Ihre Einwilligung<\/strong><\/h4><div>Durch Ausf\u00fcllen des Formulars auf dieser Seite garantieren Sie, dass Ihre Angaben den Tatsachen entsprechen, dass Sie gesch\u00e4ftsf\u00e4hig sind und autorisiert, auf die angebotenen Informationen zuzugreifen. Sie stimmen zu, dass Hotel Park Ihre personenbezogenen Daten gem\u00e4\u00df dieser Datenschutzerkl\u00e4rung sammelt und verwendet.<\/div><div>\u00a0<\/div><div>\u00a0<\/div><h4><strong>10. Transparenz<\/strong><\/h4><div>Wenn wir uns entscheiden, die vorliegenden Datenschutzrichtlinien zu \u00e4ndern, werden diese \u00c4nderungen f\u00fcr Sie jederzeit zug\u00e4nglich auf unserer Webseite ver\u00f6ffentlicht. Diese \u00c4nderungen gelten sodann \u2013 sofern sie dem kroatischen Gesetz entsprechen und Sie nicht in Ihren Rechten einschr\u00e4nkt werden \u2013, als ob sie vor Ihrer Aufnahme in die Mailingliste bestanden h\u00e4tten.<\/div>\n<\/div><\/div>\n<\/section>","protected":false},"excerpt":{"rendered":"<p>Datenschutzerkl\u00e4rung scroll down Die Park hotel d.o.o., HR-21300 Makarska, Kralje Petra Kre\u0161imira IV. 23, OIB: 44879627792 (im weiteren Text: Hotel Park) beh\u00e4lt sich das Autorenrecht f\u00fcr die Nutzung von Material im Sinne positiver gesetzlicher Vorschriften in der Republik Kroatien vor. Einleitung Der Schutz und die Sicherheit Ihrer pers\u00f6nlichen Daten ist Hotel Park ein wichtiges Anliegen. [&hellip;]<\/p>\n","protected":false},"author":2,"featured_media":0,"parent":0,"menu_order":0,"comment_status":"closed","ping_status":"closed","template":"","meta":{"inline_featured_image":false,"_breakdance_hide_in_design_set":false,"_breakdance_tags":"","footnotes":""},"class_list":["post-2505","page","type-page","status-publish","hentry"],"_links":{"self":[{"href":"https:\/\/parkhotel.hr\/de\/wp-json\/wp\/v2\/pages\/2505"}],"collection":[{"href":"https:\/\/parkhotel.hr\/de\/wp-json\/wp\/v2\/pages"}],"about":[{"href":"https:\/\/parkhotel.hr\/de\/wp-json\/wp\/v2\/types\/page"}],"author":[{"embeddable":true,"href":"https:\/\/parkhotel.hr\/de\/wp-json\/wp\/v2\/users\/2"}],"replies":[{"embeddable":true,"href":"https:\/\/parkhotel.hr\/de\/wp-json\/wp\/v2\/comments?post=2505"}],"version-history":[{"count":2,"href":"https:\/\/parkhotel.hr\/de\/wp-json\/wp\/v2\/pages\/2505\/revisions"}],"predecessor-version":[{"id":2507,"href":"https:\/\/parkhotel.hr\/de\/wp-json\/wp\/v2\/pages\/2505\/revisions\/2507"}],"wp:attachment":[{"href":"https:\/\/parkhotel.hr\/de\/wp-json\/wp\/v2\/media?parent=2505"}],"curies":[{"name":"wp","href":"https:\/\/api.w.org\/{rel}","templated":true}]}}