{"id":2558,"date":"2024-09-05T14:23:49","date_gmt":"2024-09-05T12:23:49","guid":{"rendered":"https:\/\/parkhotel.hr\/unterkunft\/kraljicin-apartman\/"},"modified":"2026-02-04T13:37:25","modified_gmt":"2026-02-04T12:37:25","slug":"das-koeniginnen-apartment","status":"publish","type":"page","link":"https:\/\/parkhotel.hr\/de\/unterkunft\/das-koeniginnen-apartment\/","title":{"rendered":"DAS K\u00d6NIGINNEN-APARTMENT"},"content":{"rendered":"<section class=\"bde-section-2558-100 bde-section\">\n              \n  \n\t\n\n  <div class=\"section-background-overlay\"><\/div>\n\n\n<div class=\"section-container\"><h1 class=\"bde-heading-2558-101 bde-heading\">\nDAS K\u00d6NIGINNEN-APARTMENT\n<\/h1><div class=\"bde-div-2558-102 bde-div\">\n  \n\t\n\n\n\n<div class=\"bde-text-2558-103 bde-text\">\nscroll down\n<\/div><div class=\"bde-image-2558-104 bde-image\">\n<figure class=\"breakdance-image breakdance-image--49\">\n\t<div class=\"breakdance-image-container\">\n\t\t<div class=\"breakdance-image-clip\"><img loading=\"lazy\" decoding=\"async\" class=\"breakdance-image-object\" src=\"https:\/\/breakdancelibrary.com\/hotel\/wp-content\/uploads\/sites\/34\/2023\/02\/arrow-down-black-white.png\" width=\"7\" height=\"61\" sizes=\"(max-width: 7px) 100vw, 7px\"><\/div>\n\t<\/div><\/figure>\n\n<\/div>\n<\/div><\/div>\n<\/section><section class=\"bde-section-2558-105 bde-section\">\n  \n\t\n\n\n\n<div class=\"section-container\"><div class=\"bde-rich-text-2558-249 bde-rich-text breakdance-rich-text-styles\">\n<p>Das K\u00f6niginnen-Apartment bietet einen luxuri\u00f6sen Aufenthalt mit sorgf\u00e4ltig ausgew\u00e4hlten Details, die ein Gef\u00fchl von Eleganz und Pracht vermitteln.<\/p><p>\u00a0<\/p><p>Dieses \u201eintelligente Apartment\u201c verf\u00fcgt \u00fcber folgende Ausstattung:<\/p><ul><li>Minibar<\/li><li>Safe<\/li><li>Klimaanlage \/ Heizung<\/li><li>Kostenloses WLAN<\/li><li>TV mit folgenden Optionen: FoATV (Free on Air TV \u2013 20 frei empfangbare Satelliten-TV-Kan\u00e4le), 4 nationale TV-Kan\u00e4le, RoTV (Radio auf TV)<\/li><li>Telefon<\/li><li>Haartrockner<\/li><li>Kaffee- und Teeset<\/li><\/ul>\n<\/div><div class=\"bde-columns-2558-256 bde-columns\"><div class=\"bde-column-2558-257 bde-column\">\n  \n\t\n\n\n\n<div class=\"bde-button-2558-258 bde-button\">\n    \n                                    \n    \n    \n    \n    \n            \n                    \n            \n            \n\n    \n    \n    \n    \n    \n    <a class=\"breakdance-link button-atom button-atom--custom bde-button__button\" href=\"https:\/\/hotelparkmakarska.book.rentl.io\/?adults=2&amp;children=&amp;rooms=1&amp;language=de\" target=\"_self\" data-type=\"url\" rel=\"noopener\">\n\n    \n        <span class=\"button-atom__text\">BUCHEN SIE JETZT<\/span>\n\n        \n        \n                <\/a>\n\n    \n\n\n<\/div>\n<\/div><div class=\"bde-column-2558-259 bde-column\">\n  \n\t\n\n\n\n<div class=\"bde-button-2558-260 bde-button\">\n    \n                                    \n    \n    \n    \n    \n            \n                    \n            \n            \n\n    \n    \n    \n    \n    \n    <a class=\"breakdance-link button-atom button-atom--primary bde-button__button\" href=\"\/de\/anfrage\/\" target=\"_self\" data-type=\"url\"  >\n\n    \n        <span class=\"button-atom__text\">Senden Sie eine Anfrage<\/span>\n\n        \n        \n                <\/a>\n\n    \n\n\n<\/div>\n<\/div><\/div><div class=\"bde-rich-text-2558-261 bde-rich-text breakdance-rich-text-styles\">\n<p style=\"text-align: center;\">GALERIE<\/p><h2 style=\"text-align: center;\">Wohnungsfotos<\/h2>\n<\/div><div class=\"bde-columns-2558-107 bde-columns\"><div class=\"bde-column-2558-110 bde-column\">\n  \n\t\n\n\n\n<div class=\"bde-gallery-2558-248 bde-gallery\">\n\n\n  \n\n\n\n\n\n\n\n\n\n\n<div class=\"ee-gallery ee-gallery--default ee-gallery--grid ee-gallery--single ee-gallery--lightbox ee-gallery-- ee-gallery--caption- ee-gallery--caption-none ee-gallery--ratio\">\n                  \n      <a class=\"ee-gallery-item ee-gallery-item--image ee-gallery-item--single\" href=\"https:\/\/parkhotel.hr\/wp-content\/uploads\/2024\/07\/kraljicin-apart_0010.jpg\" data-sub-html=\"\" data-category=\"1\" data-lg-size=\"1800-1200\">\n        <figure class=\"ee-gallery-item-figure\">\n                        <img loading=\"lazy\" decoding=\"async\" class=\"breakdance-image-object\" src=\"https:\/\/parkhotel.hr\/wp-content\/uploads\/2024\/07\/kraljicin-apart_0010-1024x683.jpg\" width=\"1024\" height=\"683\" srcset=\"https:\/\/parkhotel.hr\/wp-content\/uploads\/2024\/07\/kraljicin-apart_0010.jpg 1800w, https:\/\/parkhotel.hr\/wp-content\/uploads\/2024\/07\/kraljicin-apart_0010-300x200.jpg 300w, https:\/\/parkhotel.hr\/wp-content\/uploads\/2024\/07\/kraljicin-apart_0010-1024x683.jpg 1024w, https:\/\/parkhotel.hr\/wp-content\/uploads\/2024\/07\/kraljicin-apart_0010-768x512.jpg 768w, https:\/\/parkhotel.hr\/wp-content\/uploads\/2024\/07\/kraljicin-apart_0010-1536x1024.jpg 1536w\" sizes=\"(max-width: 1800px) 100vw, 1800px\">\n          \n                  <\/figure>\n      <\/a>\n\n                \n      <a class=\"ee-gallery-item ee-gallery-item--image ee-gallery-item--single\" href=\"https:\/\/parkhotel.hr\/wp-content\/uploads\/2024\/07\/kraljicin-apart_0015-1.jpg\" data-sub-html=\"\" data-category=\"1\" data-lg-size=\"1800-1200\">\n        <figure class=\"ee-gallery-item-figure\">\n                        <img loading=\"lazy\" decoding=\"async\" class=\"breakdance-image-object\" src=\"https:\/\/parkhotel.hr\/wp-content\/uploads\/2024\/07\/kraljicin-apart_0015-1-1024x683.jpg\" width=\"1024\" height=\"683\" srcset=\"https:\/\/parkhotel.hr\/wp-content\/uploads\/2024\/07\/kraljicin-apart_0015-1.jpg 1800w, https:\/\/parkhotel.hr\/wp-content\/uploads\/2024\/07\/kraljicin-apart_0015-1-300x200.jpg 300w, https:\/\/parkhotel.hr\/wp-content\/uploads\/2024\/07\/kraljicin-apart_0015-1-1024x683.jpg 1024w, https:\/\/parkhotel.hr\/wp-content\/uploads\/2024\/07\/kraljicin-apart_0015-1-768x512.jpg 768w, https:\/\/parkhotel.hr\/wp-content\/uploads\/2024\/07\/kraljicin-apart_0015-1-1536x1024.jpg 1536w\" sizes=\"(max-width: 1800px) 100vw, 1800px\">\n          \n                  <\/figure>\n      <\/a>\n\n                \n      <a class=\"ee-gallery-item ee-gallery-item--image ee-gallery-item--single\" href=\"https:\/\/parkhotel.hr\/wp-content\/uploads\/2024\/07\/kraljicin-apart_0016.jpg\" data-sub-html=\"\" data-category=\"1\" data-lg-size=\"1800-1200\">\n        <figure class=\"ee-gallery-item-figure\">\n                        <img loading=\"lazy\" decoding=\"async\" class=\"breakdance-image-object\" src=\"https:\/\/parkhotel.hr\/wp-content\/uploads\/2024\/07\/kraljicin-apart_0016-1024x683.jpg\" width=\"1024\" height=\"683\" srcset=\"https:\/\/parkhotel.hr\/wp-content\/uploads\/2024\/07\/kraljicin-apart_0016.jpg 1800w, https:\/\/parkhotel.hr\/wp-content\/uploads\/2024\/07\/kraljicin-apart_0016-300x200.jpg 300w, https:\/\/parkhotel.hr\/wp-content\/uploads\/2024\/07\/kraljicin-apart_0016-1024x683.jpg 1024w, https:\/\/parkhotel.hr\/wp-content\/uploads\/2024\/07\/kraljicin-apart_0016-768x512.jpg 768w, https:\/\/parkhotel.hr\/wp-content\/uploads\/2024\/07\/kraljicin-apart_0016-1536x1024.jpg 1536w\" sizes=\"(max-width: 1800px) 100vw, 1800px\">\n          \n                  <\/figure>\n      <\/a>\n\n                \n      <a class=\"ee-gallery-item ee-gallery-item--image ee-gallery-item--single\" href=\"https:\/\/parkhotel.hr\/wp-content\/uploads\/2024\/07\/kraljicin-apart_0015.jpg\" data-sub-html=\"\" data-category=\"1\" data-lg-size=\"1800-1200\">\n        <figure class=\"ee-gallery-item-figure\">\n                        <img loading=\"lazy\" decoding=\"async\" class=\"breakdance-image-object\" src=\"https:\/\/parkhotel.hr\/wp-content\/uploads\/2024\/07\/kraljicin-apart_0015-1024x683.jpg\" width=\"1024\" height=\"683\" srcset=\"https:\/\/parkhotel.hr\/wp-content\/uploads\/2024\/07\/kraljicin-apart_0015.jpg 1800w, https:\/\/parkhotel.hr\/wp-content\/uploads\/2024\/07\/kraljicin-apart_0015-300x200.jpg 300w, https:\/\/parkhotel.hr\/wp-content\/uploads\/2024\/07\/kraljicin-apart_0015-1024x683.jpg 1024w, https:\/\/parkhotel.hr\/wp-content\/uploads\/2024\/07\/kraljicin-apart_0015-768x512.jpg 768w, https:\/\/parkhotel.hr\/wp-content\/uploads\/2024\/07\/kraljicin-apart_0015-1536x1024.jpg 1536w\" sizes=\"(max-width: 1800px) 100vw, 1800px\">\n          \n                  <\/figure>\n      <\/a>\n\n        \n  <\/div>\n\n\n\n<\/div>\n<\/div><\/div><\/div>\n<\/section>","protected":false},"excerpt":{"rendered":"<p>DAS K\u00d6NIGINNEN-APARTMENT scroll down Das K\u00f6niginnen-Apartment bietet einen luxuri\u00f6sen Aufenthalt mit sorgf\u00e4ltig ausgew\u00e4hlten Details, die ein Gef\u00fchl von Eleganz und Pracht vermitteln.\u00a0Dieses \u201eintelligente Apartment\u201c verf\u00fcgt \u00fcber folgende Ausstattung:MinibarSafeKlimaanlage \/ HeizungKostenloses WLANTV mit folgenden Optionen: FoATV (Free on Air TV \u2013 20 frei empfangbare Satelliten-TV-Kan\u00e4le), 4 nationale TV-Kan\u00e4le, RoTV (Radio auf TV)TelefonHaartrocknerKaffee- und Teeset BUCHEN SIE [&hellip;]<\/p>\n","protected":false},"author":2,"featured_media":0,"parent":2530,"menu_order":0,"comment_status":"closed","ping_status":"closed","template":"","meta":{"inline_featured_image":false,"_breakdance_hide_in_design_set":false,"_breakdance_tags":"","footnotes":""},"class_list":["post-2558","page","type-page","status-publish","hentry"],"_links":{"self":[{"href":"https:\/\/parkhotel.hr\/de\/wp-json\/wp\/v2\/pages\/2558"}],"collection":[{"href":"https:\/\/parkhotel.hr\/de\/wp-json\/wp\/v2\/pages"}],"about":[{"href":"https:\/\/parkhotel.hr\/de\/wp-json\/wp\/v2\/types\/page"}],"author":[{"embeddable":true,"href":"https:\/\/parkhotel.hr\/de\/wp-json\/wp\/v2\/users\/2"}],"replies":[{"embeddable":true,"href":"https:\/\/parkhotel.hr\/de\/wp-json\/wp\/v2\/comments?post=2558"}],"version-history":[{"count":5,"href":"https:\/\/parkhotel.hr\/de\/wp-json\/wp\/v2\/pages\/2558\/revisions"}],"predecessor-version":[{"id":2967,"href":"https:\/\/parkhotel.hr\/de\/wp-json\/wp\/v2\/pages\/2558\/revisions\/2967"}],"up":[{"embeddable":true,"href":"https:\/\/parkhotel.hr\/de\/wp-json\/wp\/v2\/pages\/2530"}],"wp:attachment":[{"href":"https:\/\/parkhotel.hr\/de\/wp-json\/wp\/v2\/media?parent=2558"}],"curies":[{"name":"wp","href":"https:\/\/api.w.org\/{rel}","templated":true}]}}